{"id":6527,"date":"2025-03-27T17:00:02","date_gmt":"2025-03-27T23:00:02","guid":{"rendered":"https:\/\/libreriahistoriasdebolsillo.com\/?post_type=product&#038;p=6527"},"modified":"2025-07-28T09:19:25","modified_gmt":"2025-07-28T15:19:25","slug":"vlad","status":"publish","type":"product","link":"https:\/\/libreriahistoriasdebolsillo.com\/index.php\/producto\/vlad\/","title":{"rendered":"Vlad"},"content":{"rendered":"<p><b>Hay un vampiro en la ciudad de M\u00e9xico. Necesita tu sangre. Quiere tu vida. Desea a las personas que amas. Y no te quitar\u00e1 s\u00f3lo eso.<\/b><\/p>\n<p><b>\u00bfAcaso no es la ciudad de M\u00e9xico, con una poblaci\u00f3n de 10 millones de habitantes y una fuerza policiaca a la que no le importan un par de personas desaparecidas, el hogar ideal para un vampiro moderno?<\/b><\/p>\n<p><b>En la \u00faltima novela escrita antes de su muerte, Carlos Fuentes propone una revisi\u00f3n de aqu\u00e9l personaje cuya crueldad m\u00edtica inspirara la novela\u00a0<i>Dr\u00e1cula<\/i>\u00a0de Bram Stoker.<\/b><\/p>\n<p><i>No luche m\u00e1s, Navarro. Ignora usted los infinitos recursos de la muerte. Regrese a la maldici\u00f3n del trabajo, que para usted es una bendici\u00f3n, lo s\u00e9 y lo entiendo. Usted vive la vida. Yo la codicio. Es una diferencia importante. Lo que nos une es que en este mundo todos usamos a todos, algunos ganamos, otros pierden. Res\u00edgnese.<\/i><\/p>\n<p>Un viejo arist\u00f3crata europeo, el conde Vlad Radu, se instala con su hija en una mansi\u00f3n con pinta de monasterio en la ciudad de M\u00e9xico. Tras soportar siglos de guerras y escasez de sangre humana en Europa, ha decidido trasladarse al otro lado del oceano Atl\u00e1ntico y reestablecer su imperio. Aunque para ello deba contratar los servicio de Yves Navarro, un abogado, y de su esposa Asunci\u00f3n, una agente de bienes ra\u00edces que guarda un misterioso parecido con una mujer retratada en una antigua fotograf\u00eda&#8230;<\/p>\n","protected":false},"excerpt":{"rendered":"<p>Carlos Fuentes<\/p>\n<p>112 p\u00e1ginas<\/p>\n","protected":false},"featured_media":6528,"template":"","meta":{"_joinchat":[]},"product_brand":[],"product_cat":[33,36],"product_tag":[34],"class_list":{"0":"post-6527","1":"product","2":"type-product","3":"status-publish","4":"has-post-thumbnail","6":"product_cat-ficcion-general","7":"product_cat-terror-y-paranormal","8":"product_tag-penguin-random-house","10":"first","11":"outofstock","12":"shipping-taxable","13":"purchasable","14":"product-type-simple"},"_links":{"self":[{"href":"https:\/\/libreriahistoriasdebolsillo.com\/index.php\/wp-json\/wp\/v2\/product\/6527","targetHints":{"allow":["GET"]}}],"collection":[{"href":"https:\/\/libreriahistoriasdebolsillo.com\/index.php\/wp-json\/wp\/v2\/product"}],"about":[{"href":"https:\/\/libreriahistoriasdebolsillo.com\/index.php\/wp-json\/wp\/v2\/types\/product"}],"wp:featuredmedia":[{"embeddable":true,"href":"https:\/\/libreriahistoriasdebolsillo.com\/index.php\/wp-json\/wp\/v2\/media\/6528"}],"wp:attachment":[{"href":"https:\/\/libreriahistoriasdebolsillo.com\/index.php\/wp-json\/wp\/v2\/media?parent=6527"}],"wp:term":[{"taxonomy":"product_brand","embeddable":true,"href":"https:\/\/libreriahistoriasdebolsillo.com\/index.php\/wp-json\/wp\/v2\/product_brand?post=6527"},{"taxonomy":"product_cat","embeddable":true,"href":"https:\/\/libreriahistoriasdebolsillo.com\/index.php\/wp-json\/wp\/v2\/product_cat?post=6527"},{"taxonomy":"product_tag","embeddable":true,"href":"https:\/\/libreriahistoriasdebolsillo.com\/index.php\/wp-json\/wp\/v2\/product_tag?post=6527"}],"curies":[{"name":"wp","href":"https:\/\/api.w.org\/{rel}","templated":true}]}}