{"id":6529,"date":"2025-03-27T17:03:03","date_gmt":"2025-03-27T23:03:03","guid":{"rendered":"https:\/\/libreriahistoriasdebolsillo.com\/?post_type=product&#038;p=6529"},"modified":"2025-07-28T09:18:36","modified_gmt":"2025-07-28T15:18:36","slug":"el-juego-de-ender","status":"publish","type":"product","link":"https:\/\/libreriahistoriasdebolsillo.com\/index.php\/producto\/el-juego-de-ender\/","title":{"rendered":"El juego de Ender"},"content":{"rendered":"<p><b>El gran cl\u00e1sico de la ciencia ficci\u00f3n contempor\u00e1nea, un libro \u00fanico por su capacidad de trascender el g\u00e9nero y atraer a lectores de todas las edades durante cuatro d\u00e9cadas.<\/b><\/p>\n<p>La presente edici\u00f3n conmemora el\u00a0<b>cuadrag\u00e9simo aniversario<\/b>\u00a0de una obra invariablemente recomendada entre amigos, de padres a hijos, en el colegio y, sobre todo, entre lectores que siguen maravill\u00e1ndose con el libro que convirti\u00f3 a\u00a0<b>Orson Scott Card<\/b>\u00a0en uno de los autores m\u00e1s le\u00eddos del mundo, galardonado con los prestigiosos premios Hugo y Nebula.<\/p>\n<p><b>La Tierra\u00a0<\/b>se ve amenazada por una\u00a0<b>raza extraterrestre<\/b>\u00a0y, con tal de crear un genio militar capaz de vencerla, se permite el nacimiento de\u00a0<b>Ender<\/b>, el tercer hijo de una pareja en un mundo que ha limitado a dos el n\u00famero de descendientes, quien deber\u00e1 aprender el\u00a0<b>arte de la guerra<\/b>. Pero, \u00bfes \u00e9l el general que la Tierra necesita? Ahora el\u00a0<b>futuro del mundo<\/b>\u00a0se juega en un duelo entre j\u00f3venes y adultos.<\/p>\n","protected":false},"excerpt":{"rendered":"<p>Orson Scott-Card<\/p>\n<p>376 p\u00e1ginas<\/p>\n","protected":false},"featured_media":6530,"template":"","meta":{"_joinchat":[]},"product_brand":[],"product_cat":[72],"product_tag":[34],"class_list":{"0":"post-6529","1":"product","2":"type-product","3":"status-publish","4":"has-post-thumbnail","6":"product_cat-distopico","7":"product_tag-penguin-random-house","9":"first","10":"outofstock","11":"shipping-taxable","12":"purchasable","13":"product-type-simple"},"_links":{"self":[{"href":"https:\/\/libreriahistoriasdebolsillo.com\/index.php\/wp-json\/wp\/v2\/product\/6529","targetHints":{"allow":["GET"]}}],"collection":[{"href":"https:\/\/libreriahistoriasdebolsillo.com\/index.php\/wp-json\/wp\/v2\/product"}],"about":[{"href":"https:\/\/libreriahistoriasdebolsillo.com\/index.php\/wp-json\/wp\/v2\/types\/product"}],"wp:featuredmedia":[{"embeddable":true,"href":"https:\/\/libreriahistoriasdebolsillo.com\/index.php\/wp-json\/wp\/v2\/media\/6530"}],"wp:attachment":[{"href":"https:\/\/libreriahistoriasdebolsillo.com\/index.php\/wp-json\/wp\/v2\/media?parent=6529"}],"wp:term":[{"taxonomy":"product_brand","embeddable":true,"href":"https:\/\/libreriahistoriasdebolsillo.com\/index.php\/wp-json\/wp\/v2\/product_brand?post=6529"},{"taxonomy":"product_cat","embeddable":true,"href":"https:\/\/libreriahistoriasdebolsillo.com\/index.php\/wp-json\/wp\/v2\/product_cat?post=6529"},{"taxonomy":"product_tag","embeddable":true,"href":"https:\/\/libreriahistoriasdebolsillo.com\/index.php\/wp-json\/wp\/v2\/product_tag?post=6529"}],"curies":[{"name":"wp","href":"https:\/\/api.w.org\/{rel}","templated":true}]}}