{"id":6531,"date":"2025-03-27T17:05:27","date_gmt":"2025-03-27T23:05:27","guid":{"rendered":"https:\/\/libreriahistoriasdebolsillo.com\/?post_type=product&#038;p=6531"},"modified":"2025-07-28T09:15:25","modified_gmt":"2025-07-28T15:15:25","slug":"el-archivo-de-las-tormentas-1-el-camino-de-los-reyes","status":"publish","type":"product","link":"https:\/\/libreriahistoriasdebolsillo.com\/index.php\/producto\/el-archivo-de-las-tormentas-1-el-camino-de-los-reyes\/","title":{"rendered":"El Archivo de las Tormentas 1. El camino de los reyes (Tapa dura)"},"content":{"rendered":"<p><b><i>El camino de los reyes<\/i>\u00a0es el primer volumen de \u00abEl Archivo de las Tormentas\u00bb, el resultado de m\u00e1s de una d\u00e9cada de construcci\u00f3n y escritura de universos, convertido en una obra maestra de la fantas\u00eda contempor\u00e1nea en diez vol\u00famenes. Con ella, Brandon Sanderson se postula como el autor del g\u00e9nero que m\u00e1s lectores est\u00e1 ganando en todo el mundo.<\/b><\/p>\n<p>Anhelo los d\u00edas previos a la \u00daltima Desolaci\u00f3n.<\/p>\n<p>Los d\u00edas en que los Heraldos nos abandonaron y los Caballeros Radiantes se giraron en nuestra contra. Un tiempo en que a\u00fan hab\u00eda magia en el mundo y honor en el coraz\u00f3n de los hombres.<\/p>\n<p>El mundo fue nuestro, pero lo perdimos. Probablemente no hay nada m\u00e1s estimulante para las almas de los hombres que la victoria.<\/p>\n<p>\u00bfO tal vez fue la victoria una ilusi\u00f3n durante todo ese tiempo? \u00bfComprendieron nuestros enemigos que cuanto m\u00e1s duramente luchaban, m\u00e1s resist\u00edamos nosotros? Quiz\u00e1 vieron que el fuego y el martillo tan solo produc\u00edan mejores espadas. Pero ignoraron el acero durante el tiempo suficiente para oxidarse.<\/p>\n<p>Hay cuatro personas a las que observamos. La primera es el m\u00e9dico, quien dej\u00f3 de curar para convertirse en soldado durante la guerra m\u00e1s brutal de nuestro tiempo. La segunda es el asesino, un homicida que llora siempre que mata. La tercera es la mentirosa, una joven que viste un manto de erudita sobre un coraz\u00f3n de ladrona. Por \u00faltimo est\u00e1 el alto pr\u00edncipe, un guerrero que mira al pasado mientras languidece su sed de guerra.<\/p>\n<p>El mundo puede cambiar. La potenciaci\u00f3n y el uso de las esquirlas pueden aparecer de nuevo, la magia de los d\u00edas pasados puede volver a ser nuestra. Esas cuatro personas son la clave.<\/p>\n<p><b>Una de ellas nos redimir\u00e1. Y una de ellas nos destruir\u00e1.<\/b><\/p>\n","protected":false},"excerpt":{"rendered":"<p>Brandon Sanderson<\/p>\n<p>1200 p\u00e1ginas<\/p>\n","protected":false},"featured_media":6532,"template":"","meta":{"_joinchat":[]},"product_brand":[],"product_cat":[39],"product_tag":[34],"class_list":{"0":"post-6531","1":"product","2":"type-product","3":"status-publish","4":"has-post-thumbnail","6":"product_cat-fantasia","7":"product_tag-penguin-random-house","9":"first","10":"outofstock","11":"shipping-taxable","12":"purchasable","13":"product-type-simple"},"_links":{"self":[{"href":"https:\/\/libreriahistoriasdebolsillo.com\/index.php\/wp-json\/wp\/v2\/product\/6531","targetHints":{"allow":["GET"]}}],"collection":[{"href":"https:\/\/libreriahistoriasdebolsillo.com\/index.php\/wp-json\/wp\/v2\/product"}],"about":[{"href":"https:\/\/libreriahistoriasdebolsillo.com\/index.php\/wp-json\/wp\/v2\/types\/product"}],"wp:featuredmedia":[{"embeddable":true,"href":"https:\/\/libreriahistoriasdebolsillo.com\/index.php\/wp-json\/wp\/v2\/media\/6532"}],"wp:attachment":[{"href":"https:\/\/libreriahistoriasdebolsillo.com\/index.php\/wp-json\/wp\/v2\/media?parent=6531"}],"wp:term":[{"taxonomy":"product_brand","embeddable":true,"href":"https:\/\/libreriahistoriasdebolsillo.com\/index.php\/wp-json\/wp\/v2\/product_brand?post=6531"},{"taxonomy":"product_cat","embeddable":true,"href":"https:\/\/libreriahistoriasdebolsillo.com\/index.php\/wp-json\/wp\/v2\/product_cat?post=6531"},{"taxonomy":"product_tag","embeddable":true,"href":"https:\/\/libreriahistoriasdebolsillo.com\/index.php\/wp-json\/wp\/v2\/product_tag?post=6531"}],"curies":[{"name":"wp","href":"https:\/\/api.w.org\/{rel}","templated":true}]}}