{"id":6533,"date":"2025-03-27T17:07:42","date_gmt":"2025-03-27T23:07:42","guid":{"rendered":"https:\/\/libreriahistoriasdebolsillo.com\/?post_type=product&#038;p=6533"},"modified":"2025-07-28T09:15:29","modified_gmt":"2025-07-28T15:15:29","slug":"el-archivo-de-las-tormentas-2-palabras-radiantes","status":"publish","type":"product","link":"https:\/\/libreriahistoriasdebolsillo.com\/index.php\/producto\/el-archivo-de-las-tormentas-2-palabras-radiantes\/","title":{"rendered":"El Archivo de las Tormentas 2. Palabras radiantes (Tapa dura)"},"content":{"rendered":"<p><b>La aclamada continuaci\u00f3n de<i>\u00a0El camino de los reyes<\/i>\u00a0es, como el primer volumen de \u00abEl Archivo de las Tormentas\u00bb, el resultado de m\u00e1s de una d\u00e9cada de construcci\u00f3n y escritura de universos.<\/b><\/p>\n<p><b>Los Caballeros Radiantes deben volver a alzarse.<\/b><\/p>\n<p>Los antiguos juramentos por fin se han pronunciado. Los hombres buscan lo que se perdi\u00f3. Temo que la b\u00fasqueda los destruya.<\/p>\n<p>Es la naturaleza de la\u00a0<b>magia<\/b>. Un alma rota tiene grietas donde puede colarse algo m\u00e1s. Las potencias, los poderes de la creaci\u00f3n misma, pueden abrazar un alma rota, pero tambi\u00e9n pueden ampliar sus fisuras.<\/p>\n<p>El\u00a0<b>Corredor del Viento<\/b>\u00a0est\u00e1 perdido en una tierra quebrada, en equilibro entre la venganza y el honor. La\u00a0<b>Tejedora de Luz<\/b>, lentamente consumida por su pasado, busca la mentira en la que debe convertirse. El\u00a0<b>Forjador de V\u00ednculos<\/b>, nacido en la sangre y la muerte, se esfuerza ahora por reconstruir lo que fue destruido. La\u00a0<b>Exploradora<\/b>, a caballo entre los destinos de dos pueblos, se ve obligada a elegir entre una muerte lenta y una terrible traici\u00f3n a todo en lo que cree.<\/p>\n<p><b>Ya es hora de despertarlos, pues acecha la eterna tormenta.<\/b><\/p>\n<p><b>Y el asesino ha llegado.<\/b><\/p>\n","protected":false},"excerpt":{"rendered":"<p>Brandon Sanderson<\/p>\n<p>1242 p\u00e1ginas<\/p>\n","protected":false},"featured_media":6534,"template":"","meta":{"_joinchat":[]},"product_brand":[],"product_cat":[39],"product_tag":[],"class_list":{"0":"post-6533","1":"product","2":"type-product","3":"status-publish","4":"has-post-thumbnail","6":"product_cat-fantasia","8":"first","9":"outofstock","10":"shipping-taxable","11":"purchasable","12":"product-type-simple"},"_links":{"self":[{"href":"https:\/\/libreriahistoriasdebolsillo.com\/index.php\/wp-json\/wp\/v2\/product\/6533","targetHints":{"allow":["GET"]}}],"collection":[{"href":"https:\/\/libreriahistoriasdebolsillo.com\/index.php\/wp-json\/wp\/v2\/product"}],"about":[{"href":"https:\/\/libreriahistoriasdebolsillo.com\/index.php\/wp-json\/wp\/v2\/types\/product"}],"wp:featuredmedia":[{"embeddable":true,"href":"https:\/\/libreriahistoriasdebolsillo.com\/index.php\/wp-json\/wp\/v2\/media\/6534"}],"wp:attachment":[{"href":"https:\/\/libreriahistoriasdebolsillo.com\/index.php\/wp-json\/wp\/v2\/media?parent=6533"}],"wp:term":[{"taxonomy":"product_brand","embeddable":true,"href":"https:\/\/libreriahistoriasdebolsillo.com\/index.php\/wp-json\/wp\/v2\/product_brand?post=6533"},{"taxonomy":"product_cat","embeddable":true,"href":"https:\/\/libreriahistoriasdebolsillo.com\/index.php\/wp-json\/wp\/v2\/product_cat?post=6533"},{"taxonomy":"product_tag","embeddable":true,"href":"https:\/\/libreriahistoriasdebolsillo.com\/index.php\/wp-json\/wp\/v2\/product_tag?post=6533"}],"curies":[{"name":"wp","href":"https:\/\/api.w.org\/{rel}","templated":true}]}}