{"id":6535,"date":"2025-03-27T17:10:13","date_gmt":"2025-03-27T23:10:13","guid":{"rendered":"https:\/\/libreriahistoriasdebolsillo.com\/?post_type=product&#038;p=6535"},"modified":"2025-07-28T09:15:34","modified_gmt":"2025-07-28T15:15:34","slug":"el-archivo-de-las-tormentas-3-juramentada","status":"publish","type":"product","link":"https:\/\/libreriahistoriasdebolsillo.com\/index.php\/producto\/el-archivo-de-las-tormentas-3-juramentada\/","title":{"rendered":"El archivo de las tormentas 3. Juramentada (Tapa dura)"},"content":{"rendered":"<p>La humanidad se enfrenta a una nueva Desolaci\u00f3n con el regreso de los Portadores del Vac\u00edo, un enemigo tan grande en n\u00famero como en sed de venganza. La victoria fugaz de los ej\u00e9rcitos alezi de Dalinar Kholin ha tenido consecuencias: el enemigo parshendi ha convocado la violenta tormenta eterna, que arrasa el mundo y hace que los hasta ahora pac\u00edficos parshmenios descubran con horror que llevan un milenio esclavizados por los humanos. Al mismo tiempo, en una desesperada huida para alertar a su familia de la amenaza, Kaladin se pregunta si la repentina ira de los parshmenios est\u00e1 justificada.<\/p>\n<p>Entretanto, en la torre de la ciudad de Urithiru, a salvo de la tormenta, Shallan Davar investiga las maravillas de la antigua fortaleza de los Caballeros Radiantes y desentierra oscuros secretos que acechan en las profundidades. Dalinar descubre entonces que su sagrada misi\u00f3n de unificar su tierra natal de Alezkar era corta de miras. A menos que todas las naciones sean capaces de unirse y dejar de lado el pasado sangriento de Dalinar, ni siquiera la restauraci\u00f3n de los Caballeros Radiantes conseguir\u00e1 impedir el fin de la civilizaci\u00f3n.<\/p>\n","protected":false},"excerpt":{"rendered":"<p>Brandon Sanderson<\/p>\n<p>1128 p\u00e1ginas<\/p>\n","protected":false},"featured_media":6536,"template":"","meta":{"_joinchat":[]},"product_brand":[],"product_cat":[39],"product_tag":[34],"class_list":{"0":"post-6535","1":"product","2":"type-product","3":"status-publish","4":"has-post-thumbnail","6":"product_cat-fantasia","7":"product_tag-penguin-random-house","9":"first","10":"outofstock","11":"shipping-taxable","12":"purchasable","13":"product-type-simple"},"_links":{"self":[{"href":"https:\/\/libreriahistoriasdebolsillo.com\/index.php\/wp-json\/wp\/v2\/product\/6535","targetHints":{"allow":["GET"]}}],"collection":[{"href":"https:\/\/libreriahistoriasdebolsillo.com\/index.php\/wp-json\/wp\/v2\/product"}],"about":[{"href":"https:\/\/libreriahistoriasdebolsillo.com\/index.php\/wp-json\/wp\/v2\/types\/product"}],"wp:featuredmedia":[{"embeddable":true,"href":"https:\/\/libreriahistoriasdebolsillo.com\/index.php\/wp-json\/wp\/v2\/media\/6536"}],"wp:attachment":[{"href":"https:\/\/libreriahistoriasdebolsillo.com\/index.php\/wp-json\/wp\/v2\/media?parent=6535"}],"wp:term":[{"taxonomy":"product_brand","embeddable":true,"href":"https:\/\/libreriahistoriasdebolsillo.com\/index.php\/wp-json\/wp\/v2\/product_brand?post=6535"},{"taxonomy":"product_cat","embeddable":true,"href":"https:\/\/libreriahistoriasdebolsillo.com\/index.php\/wp-json\/wp\/v2\/product_cat?post=6535"},{"taxonomy":"product_tag","embeddable":true,"href":"https:\/\/libreriahistoriasdebolsillo.com\/index.php\/wp-json\/wp\/v2\/product_tag?post=6535"}],"curies":[{"name":"wp","href":"https:\/\/api.w.org\/{rel}","templated":true}]}}