{"id":6537,"date":"2025-03-27T17:12:49","date_gmt":"2025-03-27T23:12:49","guid":{"rendered":"https:\/\/libreriahistoriasdebolsillo.com\/?post_type=product&#038;p=6537"},"modified":"2025-11-13T16:41:15","modified_gmt":"2025-11-13T22:41:15","slug":"las-mujeres-que-aman-demasiado-campana-edicion-limitada","status":"publish","type":"product","link":"https:\/\/libreriahistoriasdebolsillo.com\/index.php\/producto\/las-mujeres-que-aman-demasiado-campana-edicion-limitada\/","title":{"rendered":"Las mujeres que aman demasiado (Campa\u00f1a edici\u00f3n limitada)"},"content":{"rendered":"<p><b>En este libro la autora ofrece un camino para que todas aquellas mujeres que aman demasiado puedan amarse a s\u00ed mismas y establezcan una relaci\u00f3n de pareja sana, feliz y duradera.<\/b><\/p>\n<p><b>C\u00f3mo cambiar nuestra manera de amar y as\u00ed dejar de sufrir.<\/b><\/p>\n<p><i>\u00abCuando estar enamorada significa sufrir, es que estamos amando demasiado. Cuando la mayor\u00eda de nuestras conversaciones con amigas \u00edntimas son acerca de \u00e9l, de sus problemas, ideas, acciones y sentimientos, cuando casi todas nuestras frases comienzan con \u00ab\u00e9l&#8230;\u00bb, es que estamos amando demasiado. Cuando disculpamos su mal humor, su indiferencia y sus desaires e intentamos justificarlo o incluso convertirnos en su terapeuta, es que estamos amando demasiado.\u00bb<\/i><\/p>\n<p>Este\u00a0<i>best seller<\/i>\u00a0lleva tres d\u00e9cadas apoyando a millones de mujeres que, debido a razones err\u00f3neas, son adictas a los hombres equivocados. Porque cuando estar enamorado significa sufrir, es que estamos amando demasiado. Por eso, la reconocida terapeuta Robin Norwood presenta un programa claro y completo para reconocer, comprender y pasar de amar demasiado a alguien que provoca dolor, a amar lo suficiente como para detener ese dolor.<\/p>\n<p>A trav\u00e9s del testimonio de muchas mujeres que han vivido esa situaci\u00f3n en primera persona, Norwood nos explica, uno a uno, los pasos necesarios que hay que dar para librarse del amor t\u00f3xico y construir una relaci\u00f3n sana, y al hacerlo aporta la esperanza necesaria para encontrar la felicidad.<\/p>\n","protected":false},"excerpt":{"rendered":"<p>Robin Norwood<\/p>\n<p>336 p\u00e1ginas<\/p>\n","protected":false},"featured_media":6538,"template":"","meta":{"_joinchat":[]},"product_brand":[],"product_cat":[58],"product_tag":[34],"class_list":{"0":"post-6537","1":"product","2":"type-product","3":"status-publish","4":"has-post-thumbnail","6":"product_cat-desarrollo-humano-y-superacion","7":"product_tag-penguin-random-house","9":"first","10":"outofstock","11":"shipping-taxable","12":"purchasable","13":"product-type-simple"},"_links":{"self":[{"href":"https:\/\/libreriahistoriasdebolsillo.com\/index.php\/wp-json\/wp\/v2\/product\/6537","targetHints":{"allow":["GET"]}}],"collection":[{"href":"https:\/\/libreriahistoriasdebolsillo.com\/index.php\/wp-json\/wp\/v2\/product"}],"about":[{"href":"https:\/\/libreriahistoriasdebolsillo.com\/index.php\/wp-json\/wp\/v2\/types\/product"}],"wp:featuredmedia":[{"embeddable":true,"href":"https:\/\/libreriahistoriasdebolsillo.com\/index.php\/wp-json\/wp\/v2\/media\/6538"}],"wp:attachment":[{"href":"https:\/\/libreriahistoriasdebolsillo.com\/index.php\/wp-json\/wp\/v2\/media?parent=6537"}],"wp:term":[{"taxonomy":"product_brand","embeddable":true,"href":"https:\/\/libreriahistoriasdebolsillo.com\/index.php\/wp-json\/wp\/v2\/product_brand?post=6537"},{"taxonomy":"product_cat","embeddable":true,"href":"https:\/\/libreriahistoriasdebolsillo.com\/index.php\/wp-json\/wp\/v2\/product_cat?post=6537"},{"taxonomy":"product_tag","embeddable":true,"href":"https:\/\/libreriahistoriasdebolsillo.com\/index.php\/wp-json\/wp\/v2\/product_tag?post=6537"}],"curies":[{"name":"wp","href":"https:\/\/api.w.org\/{rel}","templated":true}]}}