{"id":6539,"date":"2025-03-27T17:14:39","date_gmt":"2025-03-27T23:14:39","guid":{"rendered":"https:\/\/libreriahistoriasdebolsillo.com\/?post_type=product&#038;p=6539"},"modified":"2025-08-25T15:56:25","modified_gmt":"2025-08-25T21:56:25","slug":"la-paciente-silenciosa-campana-edicion-limitada","status":"publish","type":"product","link":"https:\/\/libreriahistoriasdebolsillo.com\/index.php\/producto\/la-paciente-silenciosa-campana-edicion-limitada\/","title":{"rendered":"La paciente silenciosa (Campa\u00f1a edici\u00f3n limitada)"},"content":{"rendered":"<p>SOLO ELLA SABE LO QUE SUCEDI\u00d3.<br \/>\nSOLO YO PUEDO HACERLA HABLAR.<\/p>\n<p>Alicia Berenson, una pintora de \u00e9xito, dispara cinco tiros en la cabeza de su marido, y no vuelve a hablar nunca m\u00e1s. Su negativa a emitir palabra alguna convierte una tragedia dom\u00e9stica en un misterio que atrapa la imaginaci\u00f3n de toda Inglaterra.<\/p>\n<p>Theo Faber, un ambicioso psicoterapeuta forense obsesionado con el caso, est\u00e1 empe\u00f1ado en desentra\u00f1ar el misterio de lo que ocurri\u00f3 aquella noche fatal y consigue una plaza en The Grove, la unidad de seguridad en el norte de Londres a la que Alicia fue enviada hace seis a\u00f1os y en la que sigue obstinada en su silencio. Pronto descubre que el mutismo de la paciente est\u00e1 mucho m\u00e1s enraizado de lo que pensaba. Pero, si al final hablara, \u00bfestar\u00eda dispuesto a escuchar la verdad?<\/p>\n","protected":false},"excerpt":{"rendered":"<p>Alex Michaelides<\/p>\n<p>400 p\u00e1ginas<\/p>\n","protected":false},"featured_media":6540,"template":"","meta":{"_joinchat":[]},"product_brand":[],"product_cat":[37,70],"product_tag":[34],"class_list":{"0":"post-6539","1":"product","2":"type-product","3":"status-publish","4":"has-post-thumbnail","6":"product_cat-misterio-y-thriller","7":"product_cat-novedades","8":"product_tag-penguin-random-house","10":"first","11":"outofstock","12":"shipping-taxable","13":"purchasable","14":"product-type-simple"},"_links":{"self":[{"href":"https:\/\/libreriahistoriasdebolsillo.com\/index.php\/wp-json\/wp\/v2\/product\/6539","targetHints":{"allow":["GET"]}}],"collection":[{"href":"https:\/\/libreriahistoriasdebolsillo.com\/index.php\/wp-json\/wp\/v2\/product"}],"about":[{"href":"https:\/\/libreriahistoriasdebolsillo.com\/index.php\/wp-json\/wp\/v2\/types\/product"}],"wp:featuredmedia":[{"embeddable":true,"href":"https:\/\/libreriahistoriasdebolsillo.com\/index.php\/wp-json\/wp\/v2\/media\/6540"}],"wp:attachment":[{"href":"https:\/\/libreriahistoriasdebolsillo.com\/index.php\/wp-json\/wp\/v2\/media?parent=6539"}],"wp:term":[{"taxonomy":"product_brand","embeddable":true,"href":"https:\/\/libreriahistoriasdebolsillo.com\/index.php\/wp-json\/wp\/v2\/product_brand?post=6539"},{"taxonomy":"product_cat","embeddable":true,"href":"https:\/\/libreriahistoriasdebolsillo.com\/index.php\/wp-json\/wp\/v2\/product_cat?post=6539"},{"taxonomy":"product_tag","embeddable":true,"href":"https:\/\/libreriahistoriasdebolsillo.com\/index.php\/wp-json\/wp\/v2\/product_tag?post=6539"}],"curies":[{"name":"wp","href":"https:\/\/api.w.org\/{rel}","templated":true}]}}