{"id":6543,"date":"2025-03-27T17:18:42","date_gmt":"2025-03-27T23:18:42","guid":{"rendered":"https:\/\/libreriahistoriasdebolsillo.com\/?post_type=product&#038;p=6543"},"modified":"2025-06-21T18:06:18","modified_gmt":"2025-06-22T00:06:18","slug":"como-no-escribi-nuestra-historia-campana-edicion-limitada","status":"publish","type":"product","link":"https:\/\/libreriahistoriasdebolsillo.com\/index.php\/producto\/como-no-escribi-nuestra-historia-campana-edicion-limitada\/","title":{"rendered":"C\u00f3mo (no) escrib\u00ed nuestra historia (Campa\u00f1a edici\u00f3n limitada)"},"content":{"rendered":"<p><b>M\u00e1s de 4.500.000 de ejemplares vendidos.<\/b><\/p>\n<p><b>Una novela que lo cuestiona todo.<\/b><\/p>\n<p><b>Una nueva forma de leer el amor.<\/b><\/p>\n<p>Porque a veces la verdad (no) es solo aquello que queremos creer.<\/p>\n<p>Elsa Benavides es una escritora de \u00e9xito con una crisis creativa y una obsesi\u00f3n: matar al personaje que la catapult\u00f3 al \u00e9xito. Pero la soluci\u00f3n a sus problemas no pasa por electrocutar a Valentina con un m\u00f3vil en la ba\u00f1era. Es la punta del iceberg de una herida m\u00e1s profunda.<\/p>\n<p>Decidida a huir para volver a abrazar la escritura, se topa con Dar\u00edo, un m\u00fasico reci\u00e9n llegado de Par\u00eds que adem\u00e1s es su vecino. Empieza as\u00ed una nueva historia en la que Elsa es la protagonista. \u00bfSer\u00e1 capaz de contarlo todo?<\/p>\n","protected":false},"excerpt":{"rendered":"<p>El\u00edsabet Benavent<\/p>\n<p>592 p\u00e1ginas<\/p>\n","protected":false},"featured_media":6544,"template":"","meta":{"_joinchat":[]},"product_brand":[],"product_cat":[70,35],"product_tag":[34],"class_list":{"0":"post-6543","1":"product","2":"type-product","3":"status-publish","4":"has-post-thumbnail","6":"product_cat-novedades","7":"product_cat-romantica","8":"product_tag-penguin-random-house","10":"first","11":"instock","12":"shipping-taxable","13":"purchasable","14":"product-type-simple"},"_links":{"self":[{"href":"https:\/\/libreriahistoriasdebolsillo.com\/index.php\/wp-json\/wp\/v2\/product\/6543","targetHints":{"allow":["GET"]}}],"collection":[{"href":"https:\/\/libreriahistoriasdebolsillo.com\/index.php\/wp-json\/wp\/v2\/product"}],"about":[{"href":"https:\/\/libreriahistoriasdebolsillo.com\/index.php\/wp-json\/wp\/v2\/types\/product"}],"wp:featuredmedia":[{"embeddable":true,"href":"https:\/\/libreriahistoriasdebolsillo.com\/index.php\/wp-json\/wp\/v2\/media\/6544"}],"wp:attachment":[{"href":"https:\/\/libreriahistoriasdebolsillo.com\/index.php\/wp-json\/wp\/v2\/media?parent=6543"}],"wp:term":[{"taxonomy":"product_brand","embeddable":true,"href":"https:\/\/libreriahistoriasdebolsillo.com\/index.php\/wp-json\/wp\/v2\/product_brand?post=6543"},{"taxonomy":"product_cat","embeddable":true,"href":"https:\/\/libreriahistoriasdebolsillo.com\/index.php\/wp-json\/wp\/v2\/product_cat?post=6543"},{"taxonomy":"product_tag","embeddable":true,"href":"https:\/\/libreriahistoriasdebolsillo.com\/index.php\/wp-json\/wp\/v2\/product_tag?post=6543"}],"curies":[{"name":"wp","href":"https:\/\/api.w.org\/{rel}","templated":true}]}}