{"id":6545,"date":"2025-03-27T17:20:57","date_gmt":"2025-03-27T23:20:57","guid":{"rendered":"https:\/\/libreriahistoriasdebolsillo.com\/?post_type=product&#038;p=6545"},"modified":"2025-07-28T09:19:12","modified_gmt":"2025-07-28T15:19:12","slug":"entre-azul-y-buenas-noches","status":"publish","type":"product","link":"https:\/\/libreriahistoriasdebolsillo.com\/index.php\/producto\/entre-azul-y-buenas-noches\/","title":{"rendered":"Entre azul y buenas noches"},"content":{"rendered":"<p><b>Esta es la autobiograf\u00eda de Samantha Flores,<\/b>\u00a0<b>trans-activista mexicana, nacida en 1932 en Orizaba, Veracruz; fundadora de<\/b>\u00a0<b>Laetus Vitae, la primera casa de d\u00eda totalmente gratuita de la Ciudad de M\u00e9xico, y de Am\u00e9rica Latina, para gente mayor LGBTQ+<\/b><\/p>\n<p>Bautizada Vicente Aurelio,\u00a0<b>Samantha<\/b>\u00a0se encamina hacia los senderos de la\u00a0<b>masculinidad<\/b>, por los cuales los tropiezos y las trampas son frecuentes:\u00a0<b>ni\u00f1o afeminado<\/b>, sensible, es seducido, a sus doce a\u00f1os, por el atl\u00e9tico y viril David que le promete\u00a0<b>amor eterno<\/b>\u00a0en la iglesia de San Jos\u00e9. A sus diecinueve a\u00f1os, deja Orizaba para emanciparse y liberarse en la\u00a0<b>Ciudad de M\u00e9xico<\/b>. Tras haber concluido sus estudios de\u00a0<b>hoteler\u00eda<\/b>, trabaja como recepcionista en varios hoteles, pero a Samantha le gusta el mundo de la\u00a0<b>far\u00e1ndula<\/b>\u00a0y de la\u00a0<b>diversi\u00f3n nocturna<\/b>. Frecuenta los bares y antros de moda en los cuales circulan deseos y erotismos diversos. Ah\u00ed conoce a varias actrices y a la famosa X\u00f3chitl,\u00a0<b>Reina travesti<\/b>\u00a0de la noche, gracias a quien Vicente empieza a convertirse en Samantha, en los\u00a0<b>a\u00f1os sesenta<\/b>, cuando la categor\u00eda \u00ab<b>transg\u00e9nero<\/b>\u00bb a\u00fan no exist\u00eda.<\/p>\n<p>Esta autobiograf\u00eda es una escritura a cuatro manos.\u00a0<b>Antoine Rodr\u00edguez<\/b>\u00a0fungi\u00f3 como\u00a0<b>t\u00e9cnico<\/b>\u00a0para grabar el relato oral de Samantha, editarlo y restituirlo fielmente con el l\u00e9xico, la prosodia y el ritmo particulares de la autobi\u00f3grafa. El ep\u00edlogo da cuenta de los procesos de subjetivaci\u00f3n de Samantha y propone una\u00a0<b>genealog\u00eda<\/b>\u00a0de las teor\u00edas acerca de las identidades trans.<\/p>\n<p>Esta autobiograf\u00eda es el\u00a0<b>primer texto hispanoamericano<\/b>\u00a0de una\u00a0<b>mujer trans<\/b>\u00a0mayor de\u00a0<b>noventa a\u00f1os<\/b>.<\/p>\n","protected":false},"excerpt":{"rendered":"<p>Samantha Flores y Antoine Rodriguez<\/p>\n<p>188 p\u00e1ginas<\/p>\n","protected":false},"featured_media":6546,"template":"","meta":{"_joinchat":[]},"product_brand":[],"product_cat":[38,41],"product_tag":[34],"class_list":{"0":"post-6545","1":"product","2":"type-product","3":"status-publish","4":"has-post-thumbnail","6":"product_cat-lgbtq","7":"product_cat-desarrollo-humano","8":"product_tag-penguin-random-house","10":"first","11":"outofstock","12":"shipping-taxable","13":"purchasable","14":"product-type-simple"},"_links":{"self":[{"href":"https:\/\/libreriahistoriasdebolsillo.com\/index.php\/wp-json\/wp\/v2\/product\/6545","targetHints":{"allow":["GET"]}}],"collection":[{"href":"https:\/\/libreriahistoriasdebolsillo.com\/index.php\/wp-json\/wp\/v2\/product"}],"about":[{"href":"https:\/\/libreriahistoriasdebolsillo.com\/index.php\/wp-json\/wp\/v2\/types\/product"}],"wp:featuredmedia":[{"embeddable":true,"href":"https:\/\/libreriahistoriasdebolsillo.com\/index.php\/wp-json\/wp\/v2\/media\/6546"}],"wp:attachment":[{"href":"https:\/\/libreriahistoriasdebolsillo.com\/index.php\/wp-json\/wp\/v2\/media?parent=6545"}],"wp:term":[{"taxonomy":"product_brand","embeddable":true,"href":"https:\/\/libreriahistoriasdebolsillo.com\/index.php\/wp-json\/wp\/v2\/product_brand?post=6545"},{"taxonomy":"product_cat","embeddable":true,"href":"https:\/\/libreriahistoriasdebolsillo.com\/index.php\/wp-json\/wp\/v2\/product_cat?post=6545"},{"taxonomy":"product_tag","embeddable":true,"href":"https:\/\/libreriahistoriasdebolsillo.com\/index.php\/wp-json\/wp\/v2\/product_tag?post=6545"}],"curies":[{"name":"wp","href":"https:\/\/api.w.org\/{rel}","templated":true}]}}