{"id":6547,"date":"2025-03-27T17:23:26","date_gmt":"2025-03-27T23:23:26","guid":{"rendered":"https:\/\/libreriahistoriasdebolsillo.com\/?post_type=product&#038;p=6547"},"modified":"2025-08-26T15:31:20","modified_gmt":"2025-08-26T21:31:20","slug":"juegos-de-ingenio","status":"publish","type":"product","link":"https:\/\/libreriahistoriasdebolsillo.com\/index.php\/producto\/juegos-de-ingenio\/","title":{"rendered":"Juegos de ingenio"},"content":{"rendered":"<p><b>Susan Clayton trabaja en la secci\u00f3n de pasatiempos y enigmas de una revista. Un d\u00eda es sorprendida por una nota an\u00f3nima que la espera en el buz\u00f3n de su casa. Horrorizada, descifra el mensaje oculto: \u00abTe he en<\/b><b>contrado\u00bb.<\/b><\/p>\n<p>El mensaje es realmente inquietante, m\u00e1s a\u00fan en el mundo en que se ha convertido\u00a0<b>Estados Unidos<\/b>: incapaz de frenar la escalada de\u00a0<b>violencia<\/b>, todos atesoran armas para protegerse.<\/p>\n<p>S\u00f3lo una\u00a0<b>comunidad<\/b>\u00a0ha logrado sobreponerse a este infierno de inseguridad y\u00a0<b>cr\u00edmenes<\/b>: a cambio de renunciar a algunos derechos y libertades, el territorio del Oeste ofrece una zona protegida que aspira a convertirse en el\u00a0<b>estado n\u00famero cincuenta y uno de la Uni\u00f3n<\/b>.<\/p>\n<p>Pero tal vez no sea tan f\u00e1cil escapar del horror. Un agente del Servicio de Seguridad del nuevo territorio visita al hermano de\u00a0<b>Susan<\/b>, un experto profesor universitario especializado en asesinos en serie, para requerir sus servicios. Una oleada de asesinatos est\u00e1 asolando el estado cincuenta y uno. El principio de la\u00a0<b>cadena<\/b>\u00a0parece remontarse muchos a\u00f1os atr\u00e1s, y puede que los Clayton tengan elementos para luchar contra \u00e9l.<\/p>\n","protected":false},"excerpt":{"rendered":"<p>John Katzenbach<\/p>\n<p>544 p\u00e1ginas<\/p>\n","protected":false},"featured_media":6548,"template":"","meta":{"_joinchat":[]},"product_brand":[],"product_cat":[37],"product_tag":[34],"class_list":{"0":"post-6547","1":"product","2":"type-product","3":"status-publish","4":"has-post-thumbnail","6":"product_cat-misterio-y-thriller","7":"product_tag-penguin-random-house","9":"first","10":"outofstock","11":"shipping-taxable","12":"purchasable","13":"product-type-simple"},"_links":{"self":[{"href":"https:\/\/libreriahistoriasdebolsillo.com\/index.php\/wp-json\/wp\/v2\/product\/6547","targetHints":{"allow":["GET"]}}],"collection":[{"href":"https:\/\/libreriahistoriasdebolsillo.com\/index.php\/wp-json\/wp\/v2\/product"}],"about":[{"href":"https:\/\/libreriahistoriasdebolsillo.com\/index.php\/wp-json\/wp\/v2\/types\/product"}],"wp:featuredmedia":[{"embeddable":true,"href":"https:\/\/libreriahistoriasdebolsillo.com\/index.php\/wp-json\/wp\/v2\/media\/6548"}],"wp:attachment":[{"href":"https:\/\/libreriahistoriasdebolsillo.com\/index.php\/wp-json\/wp\/v2\/media?parent=6547"}],"wp:term":[{"taxonomy":"product_brand","embeddable":true,"href":"https:\/\/libreriahistoriasdebolsillo.com\/index.php\/wp-json\/wp\/v2\/product_brand?post=6547"},{"taxonomy":"product_cat","embeddable":true,"href":"https:\/\/libreriahistoriasdebolsillo.com\/index.php\/wp-json\/wp\/v2\/product_cat?post=6547"},{"taxonomy":"product_tag","embeddable":true,"href":"https:\/\/libreriahistoriasdebolsillo.com\/index.php\/wp-json\/wp\/v2\/product_tag?post=6547"}],"curies":[{"name":"wp","href":"https:\/\/api.w.org\/{rel}","templated":true}]}}