{"id":6549,"date":"2025-03-27T17:26:03","date_gmt":"2025-03-27T23:26:03","guid":{"rendered":"https:\/\/libreriahistoriasdebolsillo.com\/?post_type=product&#038;p=6549"},"modified":"2025-12-27T14:37:05","modified_gmt":"2025-12-27T20:37:05","slug":"el-encuadernador-2","status":"publish","type":"product","link":"https:\/\/libreriahistoriasdebolsillo.com\/index.php\/producto\/el-encuadernador-2\/","title":{"rendered":"El encuadernador"},"content":{"rendered":"<p><b>Un relato de deseos enterrados y traiciones indescriptibles. <\/b><b>Una historia de amor que desaf\u00eda los l\u00edmites. <\/b><b>Una novela m\u00e1gica e inolvidable.<\/b><\/p>\n<p>Imagina que los libros no solo contienen historias.<\/p>\n<p>Imagina que puedes ocultar entre sus p\u00e1ginas tus mayores miedos, tu dolor m\u00e1s profundo, tus secretos m\u00e1s oscuros. A todo el mundo. Incluso a ti mismo. Para siempre.<\/p>\n<p>Emmett Farmer, despu\u00e9s de un largo d\u00eda de trabajo en el campo, recibe una misteriosa carta que le cita a incorporarse como aprendiz de encuadernador. Es una profesi\u00f3n que despierta miedo y superstici\u00f3n en su entorno. Sin embargo, como humilde campesino sin recursos, no le queda m\u00e1s remedio que abandonar la granja familiar.<\/p>\n<p>En la casa aislada donde vive su maestra, la anciana Seredith, Emmett aprender\u00e1 a elaborar libros que, m\u00e1s all\u00e1 de tener unos acabados muy cuidados, son tomos m\u00e1gicos que conservan los recuerdos de las personas y atesoran secretos del pasado.<\/p>\n<p>Quien quiere olvidarse de alg\u00fan episodio del pasado, puede acudir al lugar donde los encuadernadores encierran estas vivencias en vol\u00famenes que guardan en una cripta bajo el taller: una suerte de biblioteca del olvido en la que todo permanece a la espera. Pero un d\u00eda Emmett descubre su nombre en uno de esos libros&#8230;<\/p>\n","protected":false},"excerpt":{"rendered":"<p>Bridget Collins<\/p>\n<p>480 p\u00e1ginas<\/p>\n","protected":false},"featured_media":6550,"template":"","meta":{"_joinchat":[]},"product_brand":[],"product_cat":[39,56,38],"product_tag":[34],"class_list":{"0":"post-6549","1":"product","2":"type-product","3":"status-publish","4":"has-post-thumbnail","6":"product_cat-fantasia","7":"product_cat-historica","8":"product_cat-lgbtq","9":"product_tag-penguin-random-house","11":"first","12":"instock","13":"shipping-taxable","14":"purchasable","15":"product-type-simple"},"_links":{"self":[{"href":"https:\/\/libreriahistoriasdebolsillo.com\/index.php\/wp-json\/wp\/v2\/product\/6549","targetHints":{"allow":["GET"]}}],"collection":[{"href":"https:\/\/libreriahistoriasdebolsillo.com\/index.php\/wp-json\/wp\/v2\/product"}],"about":[{"href":"https:\/\/libreriahistoriasdebolsillo.com\/index.php\/wp-json\/wp\/v2\/types\/product"}],"wp:featuredmedia":[{"embeddable":true,"href":"https:\/\/libreriahistoriasdebolsillo.com\/index.php\/wp-json\/wp\/v2\/media\/6550"}],"wp:attachment":[{"href":"https:\/\/libreriahistoriasdebolsillo.com\/index.php\/wp-json\/wp\/v2\/media?parent=6549"}],"wp:term":[{"taxonomy":"product_brand","embeddable":true,"href":"https:\/\/libreriahistoriasdebolsillo.com\/index.php\/wp-json\/wp\/v2\/product_brand?post=6549"},{"taxonomy":"product_cat","embeddable":true,"href":"https:\/\/libreriahistoriasdebolsillo.com\/index.php\/wp-json\/wp\/v2\/product_cat?post=6549"},{"taxonomy":"product_tag","embeddable":true,"href":"https:\/\/libreriahistoriasdebolsillo.com\/index.php\/wp-json\/wp\/v2\/product_tag?post=6549"}],"curies":[{"name":"wp","href":"https:\/\/api.w.org\/{rel}","templated":true}]}}