{"id":6551,"date":"2025-03-27T17:27:57","date_gmt":"2025-03-27T23:27:57","guid":{"rendered":"https:\/\/libreriahistoriasdebolsillo.com\/?post_type=product&#038;p=6551"},"modified":"2025-07-29T16:37:12","modified_gmt":"2025-07-29T22:37:12","slug":"dark-verse-2-la-tormenta","status":"publish","type":"product","link":"https:\/\/libreriahistoriasdebolsillo.com\/index.php\/producto\/dark-verse-2-la-tormenta\/","title":{"rendered":"Dark Verse 2. La tormenta"},"content":{"rendered":"<p><b>EN LA NOCHE M\u00c1S PROFUNDA, \u00bfQU\u00c9 SUCEDE CUANDO EL VIENTO IND\u00d3MITO SE ENFRENTA AL MAR INFINITO?<\/b><\/p>\n<p>Tristan Caine, el Cazador, no estaba preparado para la llegada de Morana Vitalio. Tras romper una promesa a la que llevaba a\u00f1os aferr\u00e1ndose, la \u00fanica certeza que tiene es que la vida de Morana a\u00fan le pertenece.<\/p>\n<p>A Morana Vitalio, la l\u00ednea entre enemigos y aliados cada vez le parece m\u00e1s difusa y, ahora, se enfrenta al vac\u00edo de lo desconocido en territorio hostil. La \u00fanica certeza que tiene es que ella es la due\u00f1a de su propia vida.<\/p>\n<p>Unidos por un enigma de hace m\u00e1s de dos d\u00e9cadas, Tristan y Morana buscan juntos la verdad. Sin embargo, el misterio de las ni\u00f1as desaparecidas es solo la punta de un gran iceberg. Quedan muchos esqueletos por desenterrar.<\/p>\n<p>Y se acerca la tormenta.<\/p>\n","protected":false},"excerpt":{"rendered":"<p>Runyx<\/p>\n<p>336 p\u00e1ginas<\/p>\n","protected":false},"featured_media":6552,"template":"","meta":{"_joinchat":[]},"product_brand":[],"product_cat":[63,70],"product_tag":[34],"class_list":{"0":"post-6551","1":"product","2":"type-product","3":"status-publish","4":"has-post-thumbnail","6":"product_cat-dark-romance","7":"product_cat-novedades","8":"product_tag-penguin-random-house","10":"first","11":"outofstock","12":"shipping-taxable","13":"purchasable","14":"product-type-simple"},"_links":{"self":[{"href":"https:\/\/libreriahistoriasdebolsillo.com\/index.php\/wp-json\/wp\/v2\/product\/6551","targetHints":{"allow":["GET"]}}],"collection":[{"href":"https:\/\/libreriahistoriasdebolsillo.com\/index.php\/wp-json\/wp\/v2\/product"}],"about":[{"href":"https:\/\/libreriahistoriasdebolsillo.com\/index.php\/wp-json\/wp\/v2\/types\/product"}],"wp:featuredmedia":[{"embeddable":true,"href":"https:\/\/libreriahistoriasdebolsillo.com\/index.php\/wp-json\/wp\/v2\/media\/6552"}],"wp:attachment":[{"href":"https:\/\/libreriahistoriasdebolsillo.com\/index.php\/wp-json\/wp\/v2\/media?parent=6551"}],"wp:term":[{"taxonomy":"product_brand","embeddable":true,"href":"https:\/\/libreriahistoriasdebolsillo.com\/index.php\/wp-json\/wp\/v2\/product_brand?post=6551"},{"taxonomy":"product_cat","embeddable":true,"href":"https:\/\/libreriahistoriasdebolsillo.com\/index.php\/wp-json\/wp\/v2\/product_cat?post=6551"},{"taxonomy":"product_tag","embeddable":true,"href":"https:\/\/libreriahistoriasdebolsillo.com\/index.php\/wp-json\/wp\/v2\/product_tag?post=6551"}],"curies":[{"name":"wp","href":"https:\/\/api.w.org\/{rel}","templated":true}]}}