{"id":6553,"date":"2025-03-27T17:29:51","date_gmt":"2025-03-27T23:29:51","guid":{"rendered":"https:\/\/libreriahistoriasdebolsillo.com\/?post_type=product&#038;p=6553"},"modified":"2025-07-28T09:17:33","modified_gmt":"2025-07-28T15:17:33","slug":"con-golpes-no","status":"publish","type":"product","link":"https:\/\/libreriahistoriasdebolsillo.com\/index.php\/producto\/con-golpes-no\/","title":{"rendered":"\u00a1Con golpes NO!"},"content":{"rendered":"<p><i><b>\u00a1Con golpes no!<\/b><\/i>\u00a0<b>es un libro que nos recuerda que el dolor y las huellas que dejan los padres cuando maltratan a sus hijos son indelebles y no s\u00f3lo causan estragos en la autoestima de los abusados, sino que terminan ense\u00f1\u00e1ndoles que amar significa hacer da\u00f1o.<\/b><\/p>\n<p><b>Martha Alicia Ch\u00e1vez<\/b>, con su c\u00e1lida voz y mediante casos reales, nos va desvelando las consecuencias del\u00a0<b>maltrato infantil\u00a0<\/b>, y nos ofrece una amplia gama de\u00a0<b>efectivas herramientas<\/b>\u00a0enfocadas en ni\u00f1os desde edad preescolar hasta la adolescencia, para que no tengamos el pretexto de repetir la cl\u00e1sica idea de \u00ab<b>una nalgada a tiempo<\/b>\u2026\u00bb.<\/p>\n<p>Este libro indispensable nos ense\u00f1a que es posible\u00a0<b>imponer la disciplina<\/b>, poner l\u00edmites y demostrar el amor verdaderamente y de muy distintas maneras, sin necesidad de recurrir a la\u00a0<b>violencia<\/b>.<\/p>\n","protected":false},"excerpt":{"rendered":"<p>Martha Alicia Chavez<\/p>\n<p>168 p\u00e1ginas<\/p>\n","protected":false},"featured_media":6554,"template":"","meta":{"_joinchat":[]},"product_brand":[],"product_cat":[58,41],"product_tag":[34],"class_list":{"0":"post-6553","1":"product","2":"type-product","3":"status-publish","4":"has-post-thumbnail","6":"product_cat-desarrollo-humano-y-superacion","7":"product_cat-desarrollo-humano","8":"product_tag-penguin-random-house","10":"first","11":"outofstock","12":"shipping-taxable","13":"purchasable","14":"product-type-simple"},"_links":{"self":[{"href":"https:\/\/libreriahistoriasdebolsillo.com\/index.php\/wp-json\/wp\/v2\/product\/6553","targetHints":{"allow":["GET"]}}],"collection":[{"href":"https:\/\/libreriahistoriasdebolsillo.com\/index.php\/wp-json\/wp\/v2\/product"}],"about":[{"href":"https:\/\/libreriahistoriasdebolsillo.com\/index.php\/wp-json\/wp\/v2\/types\/product"}],"wp:featuredmedia":[{"embeddable":true,"href":"https:\/\/libreriahistoriasdebolsillo.com\/index.php\/wp-json\/wp\/v2\/media\/6554"}],"wp:attachment":[{"href":"https:\/\/libreriahistoriasdebolsillo.com\/index.php\/wp-json\/wp\/v2\/media?parent=6553"}],"wp:term":[{"taxonomy":"product_brand","embeddable":true,"href":"https:\/\/libreriahistoriasdebolsillo.com\/index.php\/wp-json\/wp\/v2\/product_brand?post=6553"},{"taxonomy":"product_cat","embeddable":true,"href":"https:\/\/libreriahistoriasdebolsillo.com\/index.php\/wp-json\/wp\/v2\/product_cat?post=6553"},{"taxonomy":"product_tag","embeddable":true,"href":"https:\/\/libreriahistoriasdebolsillo.com\/index.php\/wp-json\/wp\/v2\/product_tag?post=6553"}],"curies":[{"name":"wp","href":"https:\/\/api.w.org\/{rel}","templated":true}]}}