{"id":6555,"date":"2025-03-27T17:31:32","date_gmt":"2025-03-27T23:31:32","guid":{"rendered":"https:\/\/libreriahistoriasdebolsillo.com\/?post_type=product&#038;p=6555"},"modified":"2025-07-28T09:17:36","modified_gmt":"2025-07-28T15:17:36","slug":"en-honor-a-la-verdad","status":"publish","type":"product","link":"https:\/\/libreriahistoriasdebolsillo.com\/index.php\/producto\/en-honor-a-la-verdad\/","title":{"rendered":"En honor a la verdad"},"content":{"rendered":"<p><b>Este es un libro sobre el poder sanador de la verdad y la imperiosa necesidad de reconocerla.<\/b><\/p>\n<p>No es motivo de culpa,\u00a0<b>verg\u00fcenza<\/b>\u00a0ni desprecio reconocer que todos nos\u00a0<b>autoenga\u00f1amos<\/b>. Sin embargo, s\u00ed es necesario hacernos conscientes de ello para aceptar la verdad, que nos permite\u00a0<b>vivir en paz<\/b>.<\/p>\n<p>En honor a la verdad es un libro sobre\u00a0<b>autenticidad, congruencia, confianza y el poder sanador de la verdad<\/b>. En sus p\u00e1ginas, la autora nos muestra abiertamente las muchas formas en que nos autoenga\u00f1amos respecto a temas como los\u00a0<b>hijos, la relaci\u00f3n de pareja o el dinero.<\/b><\/p>\n<p><b>Martha Alicia Ch\u00e1vez<\/b>, la exitosa autora de\u00a0<i><b>Tu hijo, tu espejo<\/b><\/i>, nos brinda el mejor m\u00e9todo para reconocer la verdad como parte fundamental de nuestro\u00a0<b>proceso de maduraci\u00f3n<\/b>, en todos los aspectos de la vida, as\u00ed como para evitar que el autoenga\u00f1o aparezca incluso detr\u00e1s de nuestras m\u00e1s loables intenciones.<\/p>\n","protected":false},"excerpt":{"rendered":"<p>Martha Alicia Chavez<\/p>\n<p>208 p\u00e1ginas<\/p>\n","protected":false},"featured_media":6556,"template":"","meta":{"_joinchat":[]},"product_brand":[],"product_cat":[58],"product_tag":[34],"class_list":{"0":"post-6555","1":"product","2":"type-product","3":"status-publish","4":"has-post-thumbnail","6":"product_cat-desarrollo-humano-y-superacion","7":"product_tag-penguin-random-house","9":"first","10":"outofstock","11":"shipping-taxable","12":"purchasable","13":"product-type-simple"},"_links":{"self":[{"href":"https:\/\/libreriahistoriasdebolsillo.com\/index.php\/wp-json\/wp\/v2\/product\/6555","targetHints":{"allow":["GET"]}}],"collection":[{"href":"https:\/\/libreriahistoriasdebolsillo.com\/index.php\/wp-json\/wp\/v2\/product"}],"about":[{"href":"https:\/\/libreriahistoriasdebolsillo.com\/index.php\/wp-json\/wp\/v2\/types\/product"}],"wp:featuredmedia":[{"embeddable":true,"href":"https:\/\/libreriahistoriasdebolsillo.com\/index.php\/wp-json\/wp\/v2\/media\/6556"}],"wp:attachment":[{"href":"https:\/\/libreriahistoriasdebolsillo.com\/index.php\/wp-json\/wp\/v2\/media?parent=6555"}],"wp:term":[{"taxonomy":"product_brand","embeddable":true,"href":"https:\/\/libreriahistoriasdebolsillo.com\/index.php\/wp-json\/wp\/v2\/product_brand?post=6555"},{"taxonomy":"product_cat","embeddable":true,"href":"https:\/\/libreriahistoriasdebolsillo.com\/index.php\/wp-json\/wp\/v2\/product_cat?post=6555"},{"taxonomy":"product_tag","embeddable":true,"href":"https:\/\/libreriahistoriasdebolsillo.com\/index.php\/wp-json\/wp\/v2\/product_tag?post=6555"}],"curies":[{"name":"wp","href":"https:\/\/api.w.org\/{rel}","templated":true}]}}