{"id":656,"date":"2023-11-20T12:25:08","date_gmt":"2023-11-20T18:25:08","guid":{"rendered":"https:\/\/libreriahistoriasdebolsillo.com\/?post_type=product&#038;p=656"},"modified":"2023-12-03T16:56:19","modified_gmt":"2023-12-03T22:56:19","slug":"todas-esas-cosas-que-te-dire-manana","status":"publish","type":"product","link":"https:\/\/libreriahistoriasdebolsillo.com\/index.php\/producto\/todas-esas-cosas-que-te-dire-manana\/","title":{"rendered":"Todas esas cosas que te dir\u00e9 ma\u00f1ana"},"content":{"rendered":"<p>Lo esperar\u00e9 aqui. Le dir\u00e9 cu\u00e1nto lo quiero. Prometer\u00e9 quejarme menos. No ser esclava de mi trabajo. Pensar en nosotros. Si. Si Ma\u00f1ana le dir\u00e9 todas esas cosas Y se quedar\u00e1. Haciendo gala de una destreza excepcional, Elisabet Benavent golpea el coraz\u00f3n de los lectores con una historia de saltos en el tiempo que reconstruye de forma hilarante y aleatoria los momentos estelares de una relaci\u00f3n de pareja.<\/p>\n","protected":false},"excerpt":{"rendered":"<p>El\u00edsabet Benavent<\/p>\n","protected":false},"featured_media":657,"template":"","meta":{"_joinchat":[]},"product_brand":[],"product_cat":[35],"product_tag":[34],"class_list":{"0":"post-656","1":"product","2":"type-product","3":"status-publish","4":"has-post-thumbnail","6":"product_cat-romantica","7":"product_tag-penguin-random-house","9":"first","10":"outofstock","11":"shipping-taxable","12":"purchasable","13":"product-type-simple"},"_links":{"self":[{"href":"https:\/\/libreriahistoriasdebolsillo.com\/index.php\/wp-json\/wp\/v2\/product\/656","targetHints":{"allow":["GET"]}}],"collection":[{"href":"https:\/\/libreriahistoriasdebolsillo.com\/index.php\/wp-json\/wp\/v2\/product"}],"about":[{"href":"https:\/\/libreriahistoriasdebolsillo.com\/index.php\/wp-json\/wp\/v2\/types\/product"}],"wp:featuredmedia":[{"embeddable":true,"href":"https:\/\/libreriahistoriasdebolsillo.com\/index.php\/wp-json\/wp\/v2\/media\/657"}],"wp:attachment":[{"href":"https:\/\/libreriahistoriasdebolsillo.com\/index.php\/wp-json\/wp\/v2\/media?parent=656"}],"wp:term":[{"taxonomy":"product_brand","embeddable":true,"href":"https:\/\/libreriahistoriasdebolsillo.com\/index.php\/wp-json\/wp\/v2\/product_brand?post=656"},{"taxonomy":"product_cat","embeddable":true,"href":"https:\/\/libreriahistoriasdebolsillo.com\/index.php\/wp-json\/wp\/v2\/product_cat?post=656"},{"taxonomy":"product_tag","embeddable":true,"href":"https:\/\/libreriahistoriasdebolsillo.com\/index.php\/wp-json\/wp\/v2\/product_tag?post=656"}],"curies":[{"name":"wp","href":"https:\/\/api.w.org\/{rel}","templated":true}]}}