{"id":6572,"date":"2025-04-10T11:54:11","date_gmt":"2025-04-10T17:54:11","guid":{"rendered":"https:\/\/libreriahistoriasdebolsillo.com\/?post_type=product&#038;p=6572"},"modified":"2025-08-11T10:04:49","modified_gmt":"2025-08-11T16:04:49","slug":"saga-familiar","status":"publish","type":"product","link":"https:\/\/libreriahistoriasdebolsillo.com\/index.php\/producto\/saga-familiar\/","title":{"rendered":"Saga familiar"},"content":{"rendered":"<p>Los\u00a0<b>D\u00edaz Covarrubias<\/b>\u00a0fueron una distinguida familia liberal del siglo XIX. Los\u00a0<b>tres hijos<\/b>\u00a0varones fueron impulsados por la madre para estudiar disciplinas de prestigio, en las que m\u00e1s tarde destacaron.\u00a0<b>Francisco<\/b>\u00a0lleg\u00f3 a ser\u00a0<b>diplom\u00e1tico<\/b>\u00a0y el\u00a0<b>astr\u00f3nomo<\/b>\u00a0m\u00e1s importante de su tiempo;\u00a0<b>Juan<\/b>, un precoz y\u00a0<b>popular literato<\/b>\u00a0\u2014m\u00e1s recordado como \u00ab<b>m\u00e1rtir de Tacubaya<\/b>\u00bb\u2014; y\u00a0<b>Jos\u00e9<\/b>,\u00a0<b>abogado<\/b>\u00a0y varias veces\u00a0<b>diputado<\/b>. Los tres, junto con su cu\u00f1ado,\u00a0<b>Gabino Barreda<\/b>, la figura m\u00e1s se\u00f1alada del\u00a0<b>positivismo en M\u00e9xico<\/b>, fueron testigos y actores significativos de la ciencia, la literatura, el derecho, la instrucci\u00f3n y la diplomacia en el M\u00e9xico del\u00a0<b>siglo<\/b>\u00a0<b>XIX<\/b>.<\/p>\n<p>A trav\u00e9s de la trayectoria de los D\u00edaz Covarrubias y Gabino Barreda, Carlos Almada \u2014exembajador de M\u00e9xico en Jap\u00f3n y Portugal y autor de\u00a0<i><b>Un samur\u00e1i en la Revoluci\u00f3n Mexicana<\/b><\/i>\u2014 muestra en este libro los claroscuros del arduo proceso de construcci\u00f3n del\u00a0<b>Estado nacional<\/b>. Pero al mismo tiempo, relata casi siete d\u00e9cadas, muy agitadas, en la historia del pa\u00eds, desde la entrada a la\u00a0<b>Ciudad de M\u00e9xico<\/b>\u00a0del padre de la familia, Jos\u00e9 de Jes\u00fas D\u00edaz, detr\u00e1s de Iturbide, en 1821, hasta el fallecimiento del primog\u00e9nito de la familia, Francisco D\u00edaz Covarrubias, en 1889.<\/p>\n<p><i><b>Saga familiar<\/b><\/i>\u00a0es la\u00a0<b>biograf\u00eda colectiva<\/b>\u00a0de esta destacada familia, pero tambi\u00e9n es una historia del desarrollo cient\u00edfico, cultural y diplom\u00e1tico que, al margen de la avalancha de fusiles, metrallas y violencia, se asent\u00f3 en el M\u00e9xico de aquella \u00e9poca.<\/p>\n","protected":false},"excerpt":{"rendered":"<p>Carlos Almada<\/p>\n<p>320 p\u00e1ginas<\/p>\n","protected":false},"featured_media":6573,"template":"","meta":{"_joinchat":[]},"product_brand":[],"product_cat":[41,70],"product_tag":[34],"class_list":{"0":"post-6572","1":"product","2":"type-product","3":"status-publish","4":"has-post-thumbnail","6":"product_cat-desarrollo-humano","7":"product_cat-novedades","8":"product_tag-penguin-random-house","10":"first","11":"outofstock","12":"shipping-taxable","13":"purchasable","14":"product-type-simple"},"_links":{"self":[{"href":"https:\/\/libreriahistoriasdebolsillo.com\/index.php\/wp-json\/wp\/v2\/product\/6572","targetHints":{"allow":["GET"]}}],"collection":[{"href":"https:\/\/libreriahistoriasdebolsillo.com\/index.php\/wp-json\/wp\/v2\/product"}],"about":[{"href":"https:\/\/libreriahistoriasdebolsillo.com\/index.php\/wp-json\/wp\/v2\/types\/product"}],"wp:featuredmedia":[{"embeddable":true,"href":"https:\/\/libreriahistoriasdebolsillo.com\/index.php\/wp-json\/wp\/v2\/media\/6573"}],"wp:attachment":[{"href":"https:\/\/libreriahistoriasdebolsillo.com\/index.php\/wp-json\/wp\/v2\/media?parent=6572"}],"wp:term":[{"taxonomy":"product_brand","embeddable":true,"href":"https:\/\/libreriahistoriasdebolsillo.com\/index.php\/wp-json\/wp\/v2\/product_brand?post=6572"},{"taxonomy":"product_cat","embeddable":true,"href":"https:\/\/libreriahistoriasdebolsillo.com\/index.php\/wp-json\/wp\/v2\/product_cat?post=6572"},{"taxonomy":"product_tag","embeddable":true,"href":"https:\/\/libreriahistoriasdebolsillo.com\/index.php\/wp-json\/wp\/v2\/product_tag?post=6572"}],"curies":[{"name":"wp","href":"https:\/\/api.w.org\/{rel}","templated":true}]}}