{"id":6576,"date":"2025-04-10T12:00:06","date_gmt":"2025-04-10T18:00:06","guid":{"rendered":"https:\/\/libreriahistoriasdebolsillo.com\/?post_type=product&#038;p=6576"},"modified":"2025-04-24T12:16:15","modified_gmt":"2025-04-24T18:16:15","slug":"6576","status":"publish","type":"product","link":"https:\/\/libreriahistoriasdebolsillo.com\/index.php\/producto\/6576\/","title":{"rendered":"\u00datil y feliz"},"content":{"rendered":"<p><b>\u00bfTE ABRUMA M\u00c9XICO? <\/b><b>IDEAS PARA NAVEGAR<\/b>\u00a0<b>CON ALEGR\u00cdA<\/b>\u00a0<b>LOS DESAF\u00cdOS<\/b>\u00a0<b>DE TU PA\u00cdS&#8230;<\/b><\/p>\n<p>Esta obra surge de la profunda reflexi\u00f3n tras un momento crucial en la historia del pa\u00eds, el 2 de junio de 2024. Lejos de ser una mera \u201cautopsia de un evento pol\u00edtico\u201d, este libro es una invitaci\u00f3n apasionada a la\u00a0<b>construcci\u00f3n de una nueva<\/b>\u00a0<b>ciudadan\u00eda<\/b>, una que se levanta con\u00a0<b>coraje, disciplina,<\/b>\u00a0<b>justicia y sabidur\u00eda<\/b>&#8230; Prep\u00e1rate para explorar 20 preguntas esenciales que te guiar\u00e1n por el sendero de la\u00a0<b>ciudadanizaci\u00f3n<\/b>, transform\u00e1ndote en un agente de cambio \u00fatil y, sobre todo, feliz.<\/p>\n<p>Esta obra pol\u00edtica entrelaza la sabidur\u00eda ancestral del\u00a0<b>estoicismo<\/b>\u00a0con la profunda visi\u00f3n japonesa del\u00a0<b>ikigai<\/b>, tu \u201craz\u00f3n de vida\u201d. Descubre, as\u00ed, c\u00f3mo alinear aquello que amas con lo que tu pa\u00eds y el mundo necesitan, aquello para lo que eres bueno con lo que te permite sostenerte.<\/p>\n<p>\u00datil y feliz te invita a un viaje de\u00a0<b>transformaci\u00f3n interna<\/b>\u00a0<b>y social profunda<\/b>, inspir\u00e1ndote a\u00a0<b>actuar con intenci\u00f3n<\/b>\u00a0en el presente. Con la gu\u00eda de fil\u00f3sofos cl\u00e1sicos como Marco Aurelio, S\u00e9neca y Epicteto, junto con las perspectivas de pensadores modernos, este libro te muestra las v\u00edas para ser parte de una ola de ciudadanos comprometidos con la construcci\u00f3n de un M\u00e9xico mejor, m\u00e1s justo y pr\u00f3spero.<\/p>\n","protected":false},"excerpt":{"rendered":"<p>Max Kaiser<\/p>\n<p>208 p\u00e1ginas<\/p>\n","protected":false},"featured_media":6577,"template":"","meta":{"_joinchat":[]},"product_brand":[],"product_cat":[41,70],"product_tag":[34],"class_list":{"0":"post-6576","1":"product","2":"type-product","3":"status-publish","4":"has-post-thumbnail","6":"product_cat-desarrollo-humano","7":"product_cat-novedades","8":"product_tag-penguin-random-house","10":"first","11":"instock","12":"shipping-taxable","13":"purchasable","14":"product-type-simple"},"_links":{"self":[{"href":"https:\/\/libreriahistoriasdebolsillo.com\/index.php\/wp-json\/wp\/v2\/product\/6576","targetHints":{"allow":["GET"]}}],"collection":[{"href":"https:\/\/libreriahistoriasdebolsillo.com\/index.php\/wp-json\/wp\/v2\/product"}],"about":[{"href":"https:\/\/libreriahistoriasdebolsillo.com\/index.php\/wp-json\/wp\/v2\/types\/product"}],"wp:featuredmedia":[{"embeddable":true,"href":"https:\/\/libreriahistoriasdebolsillo.com\/index.php\/wp-json\/wp\/v2\/media\/6577"}],"wp:attachment":[{"href":"https:\/\/libreriahistoriasdebolsillo.com\/index.php\/wp-json\/wp\/v2\/media?parent=6576"}],"wp:term":[{"taxonomy":"product_brand","embeddable":true,"href":"https:\/\/libreriahistoriasdebolsillo.com\/index.php\/wp-json\/wp\/v2\/product_brand?post=6576"},{"taxonomy":"product_cat","embeddable":true,"href":"https:\/\/libreriahistoriasdebolsillo.com\/index.php\/wp-json\/wp\/v2\/product_cat?post=6576"},{"taxonomy":"product_tag","embeddable":true,"href":"https:\/\/libreriahistoriasdebolsillo.com\/index.php\/wp-json\/wp\/v2\/product_tag?post=6576"}],"curies":[{"name":"wp","href":"https:\/\/api.w.org\/{rel}","templated":true}]}}