{"id":6580,"date":"2025-04-10T12:07:34","date_gmt":"2025-04-10T18:07:34","guid":{"rendered":"https:\/\/libreriahistoriasdebolsillo.com\/?post_type=product&#038;p=6580"},"modified":"2025-05-15T09:40:13","modified_gmt":"2025-05-15T15:40:13","slug":"todo-a-la-luz","status":"publish","type":"product","link":"https:\/\/libreriahistoriasdebolsillo.com\/index.php\/producto\/todo-a-la-luz\/","title":{"rendered":"Todo a la luz"},"content":{"rendered":"<p>En\u00a0<b>1989<\/b>\u00a0la industria del espect\u00e1culo posicion\u00f3 a\u00a0<b>Gloria Trevi<\/b>\u00a0como un fen\u00f3meno musical que marcar\u00eda la historia del entretenimiento mexicano, con una\u00a0<b>irreverencia<\/b>\u00a0no vista en los escenarios hasta ese momento. Pero lo que no se analizaba \u2014porque no se sab\u00eda a fondo, estaba\u00a0<b>escondido<\/b>\u00a0de manera perspicaz o no est\u00e1bamos preparados como sociedad para entenderlo\u2014 es que detr\u00e1s se encontraba tal vez uno de los casos m\u00e1s\u00a0<b>crueles<\/b>\u00a0de la historia del espect\u00e1culo, no s\u00f3lo en nuestro pa\u00eds, sino en el mundo entero.<\/p>\n<p><b>Karla de la Cuesta<\/b>\u00a0fue una de las\u00a0<b>v\u00edctimas<\/b>\u00a0de\u00a0<b>abuso y explotaci\u00f3n<\/b>. Hoy desde una tribuna distinta, como abogada, activista y con la experiencia de haber estudiado por a\u00f1os m\u00faltiples casos de v\u00edctimas de estos delitos, tuvo acceso al expediente judicial completo \u2014casi una tonelada de fojas\u2014 del caso en contra de\u00a0<b>Sergio Andrade<\/b>, Gloria Trevi y Mary Boquitas, y con ello expone en este libro una radiograf\u00eda precisa de los abusos, torturas,\u00a0<b>esclavitud<\/b>\u00a0y explotaci\u00f3n que vivieron m\u00e1s de 40 adolescentes y j\u00f3venes.<\/p>\n<p>El viaje de Karla desde la total indefensi\u00f3n hasta la supervivencia es un testimonio de la resiliencia del ser humano.\u00a0<b>Todo a la luz<\/b>\u00a0no busca s\u00f3lo alzar la voz en forma de denuncia, sino tambi\u00e9n servir de apoyo para quienes viven una situaci\u00f3n similar; estelibro es un poderoso recordatorio de la importancia de hablar en contra del abuso y reclamar frente a la\u00a0<b>opresi\u00f3n<\/b>.<\/p>\n","protected":false},"excerpt":{"rendered":"<p>Karla de la Cuesta<\/p>\n<p>256 p\u00e1ginas<\/p>\n","protected":false},"featured_media":6581,"template":"","meta":{"_joinchat":[]},"product_brand":[],"product_cat":[41,70,64],"product_tag":[34],"class_list":{"0":"post-6580","1":"product","2":"type-product","3":"status-publish","4":"has-post-thumbnail","6":"product_cat-desarrollo-humano","7":"product_cat-novedades","8":"product_cat-periodismo","9":"product_tag-penguin-random-house","11":"first","12":"instock","13":"shipping-taxable","14":"purchasable","15":"product-type-simple"},"_links":{"self":[{"href":"https:\/\/libreriahistoriasdebolsillo.com\/index.php\/wp-json\/wp\/v2\/product\/6580","targetHints":{"allow":["GET"]}}],"collection":[{"href":"https:\/\/libreriahistoriasdebolsillo.com\/index.php\/wp-json\/wp\/v2\/product"}],"about":[{"href":"https:\/\/libreriahistoriasdebolsillo.com\/index.php\/wp-json\/wp\/v2\/types\/product"}],"wp:featuredmedia":[{"embeddable":true,"href":"https:\/\/libreriahistoriasdebolsillo.com\/index.php\/wp-json\/wp\/v2\/media\/6581"}],"wp:attachment":[{"href":"https:\/\/libreriahistoriasdebolsillo.com\/index.php\/wp-json\/wp\/v2\/media?parent=6580"}],"wp:term":[{"taxonomy":"product_brand","embeddable":true,"href":"https:\/\/libreriahistoriasdebolsillo.com\/index.php\/wp-json\/wp\/v2\/product_brand?post=6580"},{"taxonomy":"product_cat","embeddable":true,"href":"https:\/\/libreriahistoriasdebolsillo.com\/index.php\/wp-json\/wp\/v2\/product_cat?post=6580"},{"taxonomy":"product_tag","embeddable":true,"href":"https:\/\/libreriahistoriasdebolsillo.com\/index.php\/wp-json\/wp\/v2\/product_tag?post=6580"}],"curies":[{"name":"wp","href":"https:\/\/api.w.org\/{rel}","templated":true}]}}