{"id":6582,"date":"2025-04-10T12:10:14","date_gmt":"2025-04-10T18:10:14","guid":{"rendered":"https:\/\/libreriahistoriasdebolsillo.com\/?post_type=product&#038;p=6582"},"modified":"2025-08-11T10:06:06","modified_gmt":"2025-08-11T16:06:06","slug":"nunca-jamas-4-twisted","status":"publish","type":"product","link":"https:\/\/libreriahistoriasdebolsillo.com\/index.php\/producto\/nunca-jamas-4-twisted\/","title":{"rendered":"Nunca jam\u00e1s 4. Twisted"},"content":{"rendered":"<p><b>Regresa al oscuro y rom\u00e1ntico mundo de Emily<\/b>\u00a0<b>McIntire con<\/b>\u00a0<i><b>Twisted,<\/b><\/i><b>\u00a0un<\/b>\u00a0<i><b>retelling<\/b><\/i><b>\u00a0er\u00f3tico de<\/b>\u00a0<i><b>Alad\u00edn<\/b><\/i><b>\u00a0donde el villano consigue su final feliz.<\/b><\/p>\n<p><b>Para \u00e9l, ella es un diamante en bruto. Para ella, \u00e9l es su peor pesadilla.<\/b><\/p>\n<p>Yasmin Karam, hija de uno de los hombres m\u00e1s ricos del mundo, nunca ha tenido que luchar por nada. Sin embargo, cuando su amado padre cae enfermo, su \u00faltimo deseo es verla casada con el hombre que \u00e9l elija. Pero&#8230; el coraz\u00f3n de Yasmin ya tiene due\u00f1o. Un criado. Una rata callejera. Un hombre al que su padre jam\u00e1s considerar\u00e1 digno.<\/p>\n<p>Atrapada entre la espada y la pared, Yasmin hace un trato a la desesperada con Julian, la mano derecha de su padre, sin saber que este tiene planes muy diferentes.<\/p>\n<p>Julian Faraci solo tiene un objetivo: convertirse en el hombre m\u00e1s poderoso del mundo. Ha edificado un futuro sobre cimientos de magulladuras y huesos rotos, sin importarle qui\u00e9n saliera herido. Por eso, no se detendr\u00e1 ante nada que le impida heredar lo que le corresponde por derecho. Incluso aunque tenga que obligarse a contraer matrimonio con una mujer a la que no soporta.<\/p>\n<p>Yasmin es una malcriada que no sabe cu\u00e1l es su lugar. Julian es el villano de su historia, pero ha decidido que esa mujer ser\u00e1 suya&#8230;, sin importarle lo que tenga que hacer para convencerla.<\/p>\n","protected":false},"excerpt":{"rendered":"<p>Emily McIntire<\/p>\n<p>432 p\u00e1ginas<\/p>\n","protected":false},"featured_media":6583,"template":"","meta":{"_joinchat":[]},"product_brand":[],"product_cat":[39,70],"product_tag":[34],"class_list":{"0":"post-6582","1":"product","2":"type-product","3":"status-publish","4":"has-post-thumbnail","6":"product_cat-fantasia","7":"product_cat-novedades","8":"product_tag-penguin-random-house","10":"first","11":"outofstock","12":"shipping-taxable","13":"purchasable","14":"product-type-simple"},"_links":{"self":[{"href":"https:\/\/libreriahistoriasdebolsillo.com\/index.php\/wp-json\/wp\/v2\/product\/6582","targetHints":{"allow":["GET"]}}],"collection":[{"href":"https:\/\/libreriahistoriasdebolsillo.com\/index.php\/wp-json\/wp\/v2\/product"}],"about":[{"href":"https:\/\/libreriahistoriasdebolsillo.com\/index.php\/wp-json\/wp\/v2\/types\/product"}],"wp:featuredmedia":[{"embeddable":true,"href":"https:\/\/libreriahistoriasdebolsillo.com\/index.php\/wp-json\/wp\/v2\/media\/6583"}],"wp:attachment":[{"href":"https:\/\/libreriahistoriasdebolsillo.com\/index.php\/wp-json\/wp\/v2\/media?parent=6582"}],"wp:term":[{"taxonomy":"product_brand","embeddable":true,"href":"https:\/\/libreriahistoriasdebolsillo.com\/index.php\/wp-json\/wp\/v2\/product_brand?post=6582"},{"taxonomy":"product_cat","embeddable":true,"href":"https:\/\/libreriahistoriasdebolsillo.com\/index.php\/wp-json\/wp\/v2\/product_cat?post=6582"},{"taxonomy":"product_tag","embeddable":true,"href":"https:\/\/libreriahistoriasdebolsillo.com\/index.php\/wp-json\/wp\/v2\/product_tag?post=6582"}],"curies":[{"name":"wp","href":"https:\/\/api.w.org\/{rel}","templated":true}]}}