{"id":6584,"date":"2025-04-10T12:12:45","date_gmt":"2025-04-10T18:12:45","guid":{"rendered":"https:\/\/libreriahistoriasdebolsillo.com\/?post_type=product&#038;p=6584"},"modified":"2025-08-11T10:06:43","modified_gmt":"2025-08-11T16:06:43","slug":"6584","status":"publish","type":"product","link":"https:\/\/libreriahistoriasdebolsillo.com\/index.php\/producto\/6584\/","title":{"rendered":"El emprendedor del papel higi\u00e9nico"},"content":{"rendered":"<div class=\"row\">\n<div class=\"col-xs-12 col-md-12\">\n<blockquote><p><b>\u00bfTE GUSTAR\u00cdA EMPRENDER UN NEGOCIO Y NO TIENES NI IDEA DE POR D\u00d3NDE EMPEZAR? \u00bfTIENES POCO O NADA DE DINERO PARA INVERTIR? \u00bfNO TIENES EXPERIENCIA NI FORMACI\u00d3N EN NEGOCIOS? \u00a1GRACIAS A DIOS! TIENES UNA OPORTUNIDAD DE HACER QUE ESTO FUNCIONE.<\/b><\/p>\n<p>Lo cierto es que no todos podemos ser de esos emprendedores unicornio que nos dieron empresas como Google, Facebook o Amazon. La mayor\u00eda somos emprendedores de papel higi\u00e9nico que innovamos constantemente y hacemos maravillas con las \u00faltimas tres hojas del rollo para salir adelante. Pero, seg\u00fan Mike Michalowicz, el nombrado santo patrono de los emprendedores, justo eso es lo que necesitas para convertirte en una persona de negocios exitosa.<\/p>\n<p>Ya sea que est\u00e9s emprendiendo apenas o que ya lleves en esto unos a\u00f1os, el enfoque realista de Mike Michalowicz te ense\u00f1ar\u00e1:<\/p>\n<p>Por qu\u00e9 un plan de negocios es una p\u00e9rdida total de tiempo.<\/p>\n<p>Por qu\u00e9 satisfacer tus propias necesidades es la primera y \u00faltima orden del d\u00eda.<\/p>\n<p>Que solo necesitas tres hojas de papel para lanzar, administrar y hacer crecer tu negocio con \u00e9xito.<\/p>\n<p>C\u00f3mo iniciar un negocio con poco o cero dinero.<\/p>\n<p>C\u00f3mo encontrar y explotar recursos que nadie m\u00e1s conoce.<\/p>\n<p>C\u00f3mo dejar de posponer y tomar acci\u00f3n \u00a1AHORA!<\/p>\n<p>Un libro de negocios tan \u00fatil, tan crudo y entretenido, que parece una creaci\u00f3n de Steve Jobs y Chris Rock.<\/p><\/blockquote>\n<\/div>\n<\/div>\n<div id=\"ancla\" class=\"info-libro row\">\n<div class=\"col-sm-4 hidden-xs\"><\/div>\n<\/div>\n","protected":false},"excerpt":{"rendered":"<p>Mike\u00a0 Michalowicz<\/p>\n<p>208 p\u00e1ginas<\/p>\n","protected":false},"featured_media":6585,"template":"","meta":{"_joinchat":[]},"product_brand":[],"product_cat":[58,70],"product_tag":[34],"class_list":{"0":"post-6584","1":"product","2":"type-product","3":"status-publish","4":"has-post-thumbnail","6":"product_cat-desarrollo-humano-y-superacion","7":"product_cat-novedades","8":"product_tag-penguin-random-house","10":"first","11":"outofstock","12":"shipping-taxable","13":"purchasable","14":"product-type-simple"},"_links":{"self":[{"href":"https:\/\/libreriahistoriasdebolsillo.com\/index.php\/wp-json\/wp\/v2\/product\/6584","targetHints":{"allow":["GET"]}}],"collection":[{"href":"https:\/\/libreriahistoriasdebolsillo.com\/index.php\/wp-json\/wp\/v2\/product"}],"about":[{"href":"https:\/\/libreriahistoriasdebolsillo.com\/index.php\/wp-json\/wp\/v2\/types\/product"}],"wp:featuredmedia":[{"embeddable":true,"href":"https:\/\/libreriahistoriasdebolsillo.com\/index.php\/wp-json\/wp\/v2\/media\/6585"}],"wp:attachment":[{"href":"https:\/\/libreriahistoriasdebolsillo.com\/index.php\/wp-json\/wp\/v2\/media?parent=6584"}],"wp:term":[{"taxonomy":"product_brand","embeddable":true,"href":"https:\/\/libreriahistoriasdebolsillo.com\/index.php\/wp-json\/wp\/v2\/product_brand?post=6584"},{"taxonomy":"product_cat","embeddable":true,"href":"https:\/\/libreriahistoriasdebolsillo.com\/index.php\/wp-json\/wp\/v2\/product_cat?post=6584"},{"taxonomy":"product_tag","embeddable":true,"href":"https:\/\/libreriahistoriasdebolsillo.com\/index.php\/wp-json\/wp\/v2\/product_tag?post=6584"}],"curies":[{"name":"wp","href":"https:\/\/api.w.org\/{rel}","templated":true}]}}