{"id":6597,"date":"2025-04-24T18:14:12","date_gmt":"2025-04-25T00:14:12","guid":{"rendered":"https:\/\/libreriahistoriasdebolsillo.com\/?post_type=product&#038;p=6597"},"modified":"2026-04-16T10:12:11","modified_gmt":"2026-04-16T16:12:11","slug":"el-cielo-es-azul-la-tierra-blanca","status":"publish","type":"product","link":"https:\/\/libreriahistoriasdebolsillo.com\/index.php\/producto\/el-cielo-es-azul-la-tierra-blanca\/","title":{"rendered":"El cielo es azul, la tierra blanca"},"content":{"rendered":"<p><b>Desde un sake caliente hasta una cerveza fr\u00eda, desde los \u00e1rboles desnudos hasta su florecimiento, el lector siente de cerca la melancol\u00eda de los protagonistas y la hipn\u00f3tica atm\u00f3sfera de esta historia inolvidable, ganadora del prestigioso Premio Tanizaki, que ha marcado un hito en la literatura contempor\u00e1nea<\/b>.<\/p>\n<p>Tsukiko tiene treinta y ocho a\u00f1os, vive sola y trabaja en una\u00a0<b>oficina<\/b>. Una noche se encuentra en un bar con uno de sus antiguos\u00a0<b>profesores<\/b>\u00a0del colegio. \u00c9l es treinta a\u00f1os mayor que ella, jubilado y presumiblemente\u00a0<b>viudo<\/b>.<\/p>\n<p>Su\u00a0<b>relaci\u00f3n<\/b>\u00a0evoluciona \u2013conducida suavemente por Kawakami a lo largo de las distintas estaciones\u2013 desde un conocimiento superficial mientras comen y beben a una agradable sensaci\u00f3n de compa\u00f1erismo y, finalmente, hasta una profunda\u00a0<b>relaci\u00f3n sentimental<\/b><\/p>\n","protected":false},"excerpt":{"rendered":"<p>Hiromi Kawakami<\/p>\n<p>160 p\u00e1ginas<\/p>\n","protected":false},"featured_media":6598,"template":"","meta":{"_joinchat":[]},"product_brand":[],"product_cat":[33],"product_tag":[34],"class_list":{"0":"post-6597","1":"product","2":"type-product","3":"status-publish","4":"has-post-thumbnail","6":"product_cat-ficcion-general","7":"product_tag-penguin-random-house","9":"first","10":"instock","11":"shipping-taxable","12":"purchasable","13":"product-type-simple"},"_links":{"self":[{"href":"https:\/\/libreriahistoriasdebolsillo.com\/index.php\/wp-json\/wp\/v2\/product\/6597","targetHints":{"allow":["GET"]}}],"collection":[{"href":"https:\/\/libreriahistoriasdebolsillo.com\/index.php\/wp-json\/wp\/v2\/product"}],"about":[{"href":"https:\/\/libreriahistoriasdebolsillo.com\/index.php\/wp-json\/wp\/v2\/types\/product"}],"wp:featuredmedia":[{"embeddable":true,"href":"https:\/\/libreriahistoriasdebolsillo.com\/index.php\/wp-json\/wp\/v2\/media\/6598"}],"wp:attachment":[{"href":"https:\/\/libreriahistoriasdebolsillo.com\/index.php\/wp-json\/wp\/v2\/media?parent=6597"}],"wp:term":[{"taxonomy":"product_brand","embeddable":true,"href":"https:\/\/libreriahistoriasdebolsillo.com\/index.php\/wp-json\/wp\/v2\/product_brand?post=6597"},{"taxonomy":"product_cat","embeddable":true,"href":"https:\/\/libreriahistoriasdebolsillo.com\/index.php\/wp-json\/wp\/v2\/product_cat?post=6597"},{"taxonomy":"product_tag","embeddable":true,"href":"https:\/\/libreriahistoriasdebolsillo.com\/index.php\/wp-json\/wp\/v2\/product_tag?post=6597"}],"curies":[{"name":"wp","href":"https:\/\/api.w.org\/{rel}","templated":true}]}}