{"id":6599,"date":"2025-04-24T18:17:25","date_gmt":"2025-04-25T00:17:25","guid":{"rendered":"https:\/\/libreriahistoriasdebolsillo.com\/?post_type=product&#038;p=6599"},"modified":"2026-02-24T15:45:10","modified_gmt":"2026-02-24T21:45:10","slug":"powerless-3-fearless","status":"publish","type":"product","link":"https:\/\/libreriahistoriasdebolsillo.com\/index.php\/producto\/powerless-3-fearless\/","title":{"rendered":"Powerless 3. Fearless"},"content":{"rendered":"<p><i><b>Se march\u00f3 siendo una traidora. <\/b><\/i><i><b>Ahora ha vuelto como la futura reina.<\/b><\/i><\/p>\n<p><b>Paedyn<\/b><b>\u00a0Gray<\/b>\u00a0estaba lista para recibir una sentencia de muerte, no un\u00a0<b>compromiso<\/b>. Despu\u00e9s de\u00a0<b>matar al rey<\/b>, casarse con su hijo Kitt era lo \u00faltimo que ella y el pueblo hubieran esperado. Pero, como\u00a0<b>reina<\/b>, Paedyn tendr\u00e1 la oportunidad de unir a Ilya y crear un reino donde los vulgares\u00a0<b>vivan sin miedo<\/b>.<\/p>\n<p>Mientras dentro de ella se libra una\u00a0<b>batalla<\/b>\u00a0entre su cabeza y su coraz\u00f3n, deber\u00e1 superar las nuevas Pruebas que la colocar\u00e1n en el trono. A su vez,\u00a0<b>Kai<\/b>\u00a0<b>Azer<\/b>\u00a0lucha por hacerla suya, incluso si eso significa desafiar a su rey. \u00bfLas promesas de un matrimonio son tan fuertes como para unir a un reino? \u00bfO una\u00a0<b>traici\u00f3n<\/b>\u00a0lograr\u00eda romperlas? Elegir entre el sacrificio y uno mismo nunca hab\u00eda sido tan dif\u00edcil\u2026 ni mortal.<\/p>\n","protected":false},"excerpt":{"rendered":"<p>Lauren Roberts<\/p>\n<p>640 p\u00e1ginas<\/p>\n","protected":false},"featured_media":6600,"template":"","meta":{"_joinchat":[]},"product_brand":[],"product_cat":[39,70,76],"product_tag":[34],"class_list":{"0":"post-6599","1":"product","2":"type-product","3":"status-publish","4":"has-post-thumbnail","6":"product_cat-fantasia","7":"product_cat-novedades","8":"product_cat-romantasy","9":"product_tag-penguin-random-house","11":"first","12":"instock","13":"shipping-taxable","14":"purchasable","15":"product-type-simple"},"_links":{"self":[{"href":"https:\/\/libreriahistoriasdebolsillo.com\/index.php\/wp-json\/wp\/v2\/product\/6599","targetHints":{"allow":["GET"]}}],"collection":[{"href":"https:\/\/libreriahistoriasdebolsillo.com\/index.php\/wp-json\/wp\/v2\/product"}],"about":[{"href":"https:\/\/libreriahistoriasdebolsillo.com\/index.php\/wp-json\/wp\/v2\/types\/product"}],"wp:featuredmedia":[{"embeddable":true,"href":"https:\/\/libreriahistoriasdebolsillo.com\/index.php\/wp-json\/wp\/v2\/media\/6600"}],"wp:attachment":[{"href":"https:\/\/libreriahistoriasdebolsillo.com\/index.php\/wp-json\/wp\/v2\/media?parent=6599"}],"wp:term":[{"taxonomy":"product_brand","embeddable":true,"href":"https:\/\/libreriahistoriasdebolsillo.com\/index.php\/wp-json\/wp\/v2\/product_brand?post=6599"},{"taxonomy":"product_cat","embeddable":true,"href":"https:\/\/libreriahistoriasdebolsillo.com\/index.php\/wp-json\/wp\/v2\/product_cat?post=6599"},{"taxonomy":"product_tag","embeddable":true,"href":"https:\/\/libreriahistoriasdebolsillo.com\/index.php\/wp-json\/wp\/v2\/product_tag?post=6599"}],"curies":[{"name":"wp","href":"https:\/\/api.w.org\/{rel}","templated":true}]}}