{"id":660,"date":"2023-11-20T12:27:41","date_gmt":"2023-11-20T18:27:41","guid":{"rendered":"https:\/\/libreriahistoriasdebolsillo.com\/?post_type=product&#038;p=660"},"modified":"2024-12-09T12:37:48","modified_gmt":"2024-12-09T18:37:48","slug":"un-cuento-perfecto","status":"publish","type":"product","link":"https:\/\/libreriahistoriasdebolsillo.com\/index.php\/producto\/un-cuento-perfecto\/","title":{"rendered":"Un cuento perfecto"},"content":{"rendered":"<p>\u00bfQu\u00e9 sucede cuando descubres que el final de tu cuento no es como so\u00f1abas? &#8211; \u00c9rase una vez una mujer que lo ten\u00eda todo y un chico que no ten\u00eda nada. &#8211; \u00c9rase una vez una historia de amor entre el \u00e9xito y la duda. &#8211; \u00c9rase una vez un cuento perfecto. El\u00edsabet Benavent, BetaCoqueta, regresa al panorama de la literatura con una novela que explora el significado del \u00e9xito en la vida y reflexiona con iron\u00eda y humor acerca de las imposiciones sociales, la presi\u00f3n del grupo y la autoexigencia que, aunque cueste creerlo, no es sin\u00f3nimo de felicidad.<\/p>\n","protected":false},"excerpt":{"rendered":"<p>El\u00edsabet Benavent<\/p>\n","protected":false},"featured_media":661,"template":"","meta":{"_joinchat":[]},"product_brand":[],"product_cat":[35],"product_tag":[34],"class_list":{"0":"post-660","1":"product","2":"type-product","3":"status-publish","4":"has-post-thumbnail","6":"product_cat-romantica","7":"product_tag-penguin-random-house","9":"first","10":"outofstock","11":"shipping-taxable","12":"purchasable","13":"product-type-simple"},"_links":{"self":[{"href":"https:\/\/libreriahistoriasdebolsillo.com\/index.php\/wp-json\/wp\/v2\/product\/660","targetHints":{"allow":["GET"]}}],"collection":[{"href":"https:\/\/libreriahistoriasdebolsillo.com\/index.php\/wp-json\/wp\/v2\/product"}],"about":[{"href":"https:\/\/libreriahistoriasdebolsillo.com\/index.php\/wp-json\/wp\/v2\/types\/product"}],"wp:featuredmedia":[{"embeddable":true,"href":"https:\/\/libreriahistoriasdebolsillo.com\/index.php\/wp-json\/wp\/v2\/media\/661"}],"wp:attachment":[{"href":"https:\/\/libreriahistoriasdebolsillo.com\/index.php\/wp-json\/wp\/v2\/media?parent=660"}],"wp:term":[{"taxonomy":"product_brand","embeddable":true,"href":"https:\/\/libreriahistoriasdebolsillo.com\/index.php\/wp-json\/wp\/v2\/product_brand?post=660"},{"taxonomy":"product_cat","embeddable":true,"href":"https:\/\/libreriahistoriasdebolsillo.com\/index.php\/wp-json\/wp\/v2\/product_cat?post=660"},{"taxonomy":"product_tag","embeddable":true,"href":"https:\/\/libreriahistoriasdebolsillo.com\/index.php\/wp-json\/wp\/v2\/product_tag?post=660"}],"curies":[{"name":"wp","href":"https:\/\/api.w.org\/{rel}","templated":true}]}}