{"id":6601,"date":"2025-04-24T18:20:26","date_gmt":"2025-04-25T00:20:26","guid":{"rendered":"https:\/\/libreriahistoriasdebolsillo.com\/?post_type=product&#038;p=6601"},"modified":"2025-04-24T18:21:16","modified_gmt":"2025-04-25T00:21:16","slug":"las-viudas-de-los-jueves-2","status":"publish","type":"product","link":"https:\/\/libreriahistoriasdebolsillo.com\/index.php\/producto\/las-viudas-de-los-jueves-2\/","title":{"rendered":"Las viudas de los jueves"},"content":{"rendered":"<p><b>De la autora de\u00a0<i>Betib\u00fa<\/i>, Claudia Pi\u00f1eiro.<\/b><\/p>\n<p><b>Obra ganadora del Premio Clar\u00edn de Novela 2006.<\/b><\/p>\n<p>Detr\u00e1s de las altas paredes perimetrales, m\u00e1s all\u00e1 de los portones reforzados por barreras y flanqueados por garitas de vigilancia, se encuentra\u00a0<b>Altos de la Cascada<\/b>. Afuera, la ruta, la barriada popular de Santa Mar\u00eda de los Tigrecitos, la autopista, la ciudad, el resto del mundo.<\/p>\n<p>En Altos de la Cascada viven familias que llevan un mismo estilo de vida y que quieren mantenerlo cueste lo que cueste. All\u00ed, en el country, un grupo de amigos se re\u00fane semanalmente lejos de las miradas de sus hijos, sus empleadas dom\u00e9sticas y sus esposas, quienes, excluidas del encuentro varonil, se autodenominan, bromeando, \u00ablas viudas de los jueves\u00bb. Pero una noche la rutina se quiebra y ese hecho permite descubrir, en un pa\u00eds que se desmorona, el lado oscuro de una vida \u00abperfecta\u00bb.<\/p>\n","protected":false},"excerpt":{"rendered":"<p>Claudia Pi\u00f1eiro<\/p>\n<p>256 p\u00e1ginas<\/p>\n","protected":false},"featured_media":6602,"template":"","meta":{"_joinchat":[]},"product_brand":[],"product_cat":[33],"product_tag":[34],"class_list":{"0":"post-6601","1":"product","2":"type-product","3":"status-publish","4":"has-post-thumbnail","6":"product_cat-ficcion-general","7":"product_tag-penguin-random-house","9":"first","10":"outofstock","11":"shipping-taxable","12":"purchasable","13":"product-type-simple"},"_links":{"self":[{"href":"https:\/\/libreriahistoriasdebolsillo.com\/index.php\/wp-json\/wp\/v2\/product\/6601","targetHints":{"allow":["GET"]}}],"collection":[{"href":"https:\/\/libreriahistoriasdebolsillo.com\/index.php\/wp-json\/wp\/v2\/product"}],"about":[{"href":"https:\/\/libreriahistoriasdebolsillo.com\/index.php\/wp-json\/wp\/v2\/types\/product"}],"wp:featuredmedia":[{"embeddable":true,"href":"https:\/\/libreriahistoriasdebolsillo.com\/index.php\/wp-json\/wp\/v2\/media\/6602"}],"wp:attachment":[{"href":"https:\/\/libreriahistoriasdebolsillo.com\/index.php\/wp-json\/wp\/v2\/media?parent=6601"}],"wp:term":[{"taxonomy":"product_brand","embeddable":true,"href":"https:\/\/libreriahistoriasdebolsillo.com\/index.php\/wp-json\/wp\/v2\/product_brand?post=6601"},{"taxonomy":"product_cat","embeddable":true,"href":"https:\/\/libreriahistoriasdebolsillo.com\/index.php\/wp-json\/wp\/v2\/product_cat?post=6601"},{"taxonomy":"product_tag","embeddable":true,"href":"https:\/\/libreriahistoriasdebolsillo.com\/index.php\/wp-json\/wp\/v2\/product_tag?post=6601"}],"curies":[{"name":"wp","href":"https:\/\/api.w.org\/{rel}","templated":true}]}}