{"id":6605,"date":"2025-04-24T18:26:51","date_gmt":"2025-04-25T00:26:51","guid":{"rendered":"https:\/\/libreriahistoriasdebolsillo.com\/?post_type=product&#038;p=6605"},"modified":"2025-06-21T14:15:07","modified_gmt":"2025-06-21T20:15:07","slug":"el-emprendedor","status":"publish","type":"product","link":"https:\/\/libreriahistoriasdebolsillo.com\/index.php\/producto\/el-emprendedor\/","title":{"rendered":"El emprendedor"},"content":{"rendered":"<p><b>Si tienes una idea de emprendimiento o ya operas tu negocio, peque\u00f1o o a gran escala, este libro es para ti. Aprende a identificar tu mercado y cliente ideal, a trazar los planes de ventas y marketing, a realizar un an\u00e1lisis de resultados, a reconocer el valor de los equipos de trabajo y la \u00e9tica empresarial.<\/b><\/p>\n<p><b>En 10 pasos, ejecuta un plan de acci\u00f3n para triunfar con tu negocio.<\/b><\/p>\n<p>Siempre hab\u00eda querido escribir un libro y, cuando finalmente lo hice, result\u00f3 uno de los proyectos m\u00e1s bonitos de mi vida.<\/p>\n<p><i><b>El negociador<\/b><\/i>, por fortuna, logr\u00f3 un impacto en la vida de otras personas\u2026 no me esperaba la maravillosa respuesta de tantos lectores, mucho menos publicar el libro\u00a0<b>n\u00famero uno en ventas en M\u00e9xico<\/b>. Y la verdad, \u00a1jam\u00e1s me imagin\u00e9 escribir dos! Pero aqu\u00ed me tienen nuevamente, compartiendo cosas que aprendo todos los d\u00edas.<\/p>\n<p>Con\u00a0<i><b>El emprendedor<\/b><\/i>\u00a0deseo, con mucha humildad, ser de ayuda para aquellos que quieran\u00a0<b>emprender<\/b>\u00a0o hacer crecer su emprendimiento. Esta es una\u00a0<b>gu\u00eda de 10 pasos<\/b>\u00a0con consejos para el plan de negocios y an\u00e9cdotas divertidas; aunque tambi\u00e9n tuve que mantenerme realista, porque emprender es tener que estar listo para muchos\u00a0<b>\u00e9xitos<\/b>, as\u00ed como para muchos, much\u00edsimos fracasos. El \u00e9xito no llega por obra de magia, es m\u00e1s bien algo estrat\u00e9gico. Y uno de los factores que lo determinan es la pasi\u00f3n. Que sientas esa chispa encendida dentro de ti por el negocio que est\u00e1s por emprender es lo que te va a mantener firme en tu\u00a0<b>prop\u00f3sito\u00a0<\/b>y te llevar\u00e1 lejos.<\/p>\n<p>Si te sirven mis experiencias, si te inspira una p\u00e1gina o tan solo una frase, si eso te hace un mejor emprendedor y, sobre todo, una mejor persona, este libro ya cumpli\u00f3 su cometido.<\/p>\n","protected":false},"excerpt":{"rendered":"<p>Arturo Elias Ayub<\/p>\n<p>120 p\u00e1ginas<\/p>\n","protected":false},"featured_media":6606,"template":"","meta":{"_joinchat":[]},"product_brand":[],"product_cat":[58],"product_tag":[34],"class_list":{"0":"post-6605","1":"product","2":"type-product","3":"status-publish","4":"has-post-thumbnail","6":"product_cat-desarrollo-humano-y-superacion","7":"product_tag-penguin-random-house","9":"first","10":"outofstock","11":"shipping-taxable","12":"purchasable","13":"product-type-simple"},"_links":{"self":[{"href":"https:\/\/libreriahistoriasdebolsillo.com\/index.php\/wp-json\/wp\/v2\/product\/6605","targetHints":{"allow":["GET"]}}],"collection":[{"href":"https:\/\/libreriahistoriasdebolsillo.com\/index.php\/wp-json\/wp\/v2\/product"}],"about":[{"href":"https:\/\/libreriahistoriasdebolsillo.com\/index.php\/wp-json\/wp\/v2\/types\/product"}],"wp:featuredmedia":[{"embeddable":true,"href":"https:\/\/libreriahistoriasdebolsillo.com\/index.php\/wp-json\/wp\/v2\/media\/6606"}],"wp:attachment":[{"href":"https:\/\/libreriahistoriasdebolsillo.com\/index.php\/wp-json\/wp\/v2\/media?parent=6605"}],"wp:term":[{"taxonomy":"product_brand","embeddable":true,"href":"https:\/\/libreriahistoriasdebolsillo.com\/index.php\/wp-json\/wp\/v2\/product_brand?post=6605"},{"taxonomy":"product_cat","embeddable":true,"href":"https:\/\/libreriahistoriasdebolsillo.com\/index.php\/wp-json\/wp\/v2\/product_cat?post=6605"},{"taxonomy":"product_tag","embeddable":true,"href":"https:\/\/libreriahistoriasdebolsillo.com\/index.php\/wp-json\/wp\/v2\/product_tag?post=6605"}],"curies":[{"name":"wp","href":"https:\/\/api.w.org\/{rel}","templated":true}]}}