{"id":6608,"date":"2025-04-24T18:28:53","date_gmt":"2025-04-25T00:28:53","guid":{"rendered":"https:\/\/libreriahistoriasdebolsillo.com\/?post_type=product&#038;p=6608"},"modified":"2025-07-15T14:26:44","modified_gmt":"2025-07-15T20:26:44","slug":"mamita","status":"publish","type":"product","link":"https:\/\/libreriahistoriasdebolsillo.com\/index.php\/producto\/mamita\/","title":{"rendered":"Mamita"},"content":{"rendered":"<p>Un\u00a0<b>deber familiar<\/b>\u00a0ha sido postergado durante d\u00e9cadas por el escritor protagonista de esta novela: contar la excepcional historia de\u00a0<b>sus abuelos<\/b>\u00a0y de su madre, cuyos or\u00edgenes se remontan a inicios del\u00a0<b>siglo XX<\/b>\u00a0en la Amazon\u00eda peruana. Ahora, con su madre pr\u00f3xima a cumplir noventa a\u00f1os, siente que ha llegado el momento de saldar esa deuda. As\u00ed es como\u00a0<i><b>Mamita<\/b><\/i>\u00a0cobra vida, una novela que entrelaza dos relaciones \u00edntimas: la\u00a0<b>memoria<\/b>\u00a0del amor filial y el proceso mismo de escritura. A trav\u00e9s de recorridos citadinos, evocaciones de la selva y reflexiones metaliterarias, el hijo\u00a0<b>escritor<\/b>\u00a0indaga en la naturaleza de sus\u00a0<b>v\u00ednculos familiares<\/b>, las tensiones sociales y raciales que los atraviesan y la huella imborrable de la muerte. Al mismo tiempo, se enfrenta a los desaf\u00edos del oficio novelesco para capturar aquello que el tiempo suele volver irrecuperable.<\/p>\n<p><b>Gustavo Rodr\u00edguez<\/b>\u00a0nos entrega una de sus novelas m\u00e1s personales y reflexivas. Una memoria familiar que es tambi\u00e9n una\u00a0<b>exploraci\u00f3n<\/b>\u00a0sobre la creaci\u00f3n literaria. Un juego de espejos donde resplandece la prosa fresca, ingeniosa y confesional de una de las voces m\u00e1s representativas de la narrativa\u00a0<b>hispanoamericana<\/b>\u00a0<b>contempor\u00e1nea<\/b>.<\/p>\n","protected":false},"excerpt":{"rendered":"<p>Gustavo Rodr\u00edguez<\/p>\n<p>256 p\u00e1ginas<\/p>\n","protected":false},"featured_media":6609,"template":"","meta":{"_joinchat":[]},"product_brand":[],"product_cat":[33,70],"product_tag":[34],"class_list":{"0":"post-6608","1":"product","2":"type-product","3":"status-publish","4":"has-post-thumbnail","6":"product_cat-ficcion-general","7":"product_cat-novedades","8":"product_tag-penguin-random-house","10":"first","11":"outofstock","12":"shipping-taxable","13":"purchasable","14":"product-type-simple"},"_links":{"self":[{"href":"https:\/\/libreriahistoriasdebolsillo.com\/index.php\/wp-json\/wp\/v2\/product\/6608","targetHints":{"allow":["GET"]}}],"collection":[{"href":"https:\/\/libreriahistoriasdebolsillo.com\/index.php\/wp-json\/wp\/v2\/product"}],"about":[{"href":"https:\/\/libreriahistoriasdebolsillo.com\/index.php\/wp-json\/wp\/v2\/types\/product"}],"wp:featuredmedia":[{"embeddable":true,"href":"https:\/\/libreriahistoriasdebolsillo.com\/index.php\/wp-json\/wp\/v2\/media\/6609"}],"wp:attachment":[{"href":"https:\/\/libreriahistoriasdebolsillo.com\/index.php\/wp-json\/wp\/v2\/media?parent=6608"}],"wp:term":[{"taxonomy":"product_brand","embeddable":true,"href":"https:\/\/libreriahistoriasdebolsillo.com\/index.php\/wp-json\/wp\/v2\/product_brand?post=6608"},{"taxonomy":"product_cat","embeddable":true,"href":"https:\/\/libreriahistoriasdebolsillo.com\/index.php\/wp-json\/wp\/v2\/product_cat?post=6608"},{"taxonomy":"product_tag","embeddable":true,"href":"https:\/\/libreriahistoriasdebolsillo.com\/index.php\/wp-json\/wp\/v2\/product_tag?post=6608"}],"curies":[{"name":"wp","href":"https:\/\/api.w.org\/{rel}","templated":true}]}}