{"id":6611,"date":"2025-04-25T09:38:49","date_gmt":"2025-04-25T15:38:49","guid":{"rendered":"https:\/\/libreriahistoriasdebolsillo.com\/?post_type=product&#038;p=6611"},"modified":"2025-08-25T09:48:52","modified_gmt":"2025-08-25T15:48:52","slug":"instrucciones-para-matar-al-padre","status":"publish","type":"product","link":"https:\/\/libreriahistoriasdebolsillo.com\/index.php\/producto\/instrucciones-para-matar-al-padre\/","title":{"rendered":"Instrucciones para matar al padre"},"content":{"rendered":"<p>Tras recibir un\u00a0<b>escueto mensaje<\/b>\u00a0telef\u00f3nico, el narrador inicia dos viajes: uno de ida para asistir al\u00a0<b>velorio de su padre\u00a0<\/b>, y otro de regreso para continuar con la\u00a0<b>crianza<\/b>\u00a0de sus peque\u00f1os hijos. A partir de recibir esa noticia, comienza tambi\u00e9n un periplo subterr\u00e1neo y entra\u00f1able a trav\u00e9s de sus\u00a0<b>memorias<\/b>\u00a0de infancia y juventud, de un diario \u00edntimo que se escalona con relecturas de sus patronos literarios:\u00a0<b>Plinio, McCarthy, Lowry, Roth,<\/b>\u00a0<b>Perec<\/b><b>, Auster,<\/b>\u00a0<b>Knausg\u00e5rd<\/b><b>,<\/b>\u00a0<b>Bashevis<\/b><b>\u00a0Singer, Capote, Kundera,<\/b>\u00a0<b>Kureishi<\/b><b>, Rushdie,<\/b>\u00a0<b>Pamuk<\/b><b>\u00a0y Nabokov<\/b>. En los entrepisos, se asoma el presente de la escritura, ocupado por los juegos y el amor de la vida, y las noticias de un mundo cruel con quienes migran y quienes disienten.<\/p>\n<p><i><b>Instrucciones para matar al padre<\/b><\/i>\u00a0es un genial\u00a0<b>ensayo<\/b>\u00a0<b>ficcionado<\/b>\u00a0en los territorios de la novela, una puesta en valor de esa doble identidad que consiste en ser hijo y padre al mismo tiempo, de un pa\u00eds y de otro, solemne y risue\u00f1o, rencoroso y olvidadizo, lector y autor. Se trata del\u00a0<b>testimonio generacional<\/b>\u00a0de una memoria viva, con el que el autor renueva sus votos en la escritura como \u00edntima patria.<\/p>\n","protected":false},"excerpt":{"rendered":"<p>Gast\u00f3n Garc\u00eda Marinozzi<\/p>\n<p>216 p\u00e1ginas<\/p>\n","protected":false},"featured_media":6612,"template":"","meta":{"_joinchat":[]},"product_brand":[],"product_cat":[33,70],"product_tag":[34],"class_list":{"0":"post-6611","1":"product","2":"type-product","3":"status-publish","4":"has-post-thumbnail","6":"product_cat-ficcion-general","7":"product_cat-novedades","8":"product_tag-penguin-random-house","10":"first","11":"outofstock","12":"shipping-taxable","13":"purchasable","14":"product-type-simple"},"_links":{"self":[{"href":"https:\/\/libreriahistoriasdebolsillo.com\/index.php\/wp-json\/wp\/v2\/product\/6611","targetHints":{"allow":["GET"]}}],"collection":[{"href":"https:\/\/libreriahistoriasdebolsillo.com\/index.php\/wp-json\/wp\/v2\/product"}],"about":[{"href":"https:\/\/libreriahistoriasdebolsillo.com\/index.php\/wp-json\/wp\/v2\/types\/product"}],"wp:featuredmedia":[{"embeddable":true,"href":"https:\/\/libreriahistoriasdebolsillo.com\/index.php\/wp-json\/wp\/v2\/media\/6612"}],"wp:attachment":[{"href":"https:\/\/libreriahistoriasdebolsillo.com\/index.php\/wp-json\/wp\/v2\/media?parent=6611"}],"wp:term":[{"taxonomy":"product_brand","embeddable":true,"href":"https:\/\/libreriahistoriasdebolsillo.com\/index.php\/wp-json\/wp\/v2\/product_brand?post=6611"},{"taxonomy":"product_cat","embeddable":true,"href":"https:\/\/libreriahistoriasdebolsillo.com\/index.php\/wp-json\/wp\/v2\/product_cat?post=6611"},{"taxonomy":"product_tag","embeddable":true,"href":"https:\/\/libreriahistoriasdebolsillo.com\/index.php\/wp-json\/wp\/v2\/product_tag?post=6611"}],"curies":[{"name":"wp","href":"https:\/\/api.w.org\/{rel}","templated":true}]}}