{"id":6613,"date":"2025-04-25T09:42:22","date_gmt":"2025-04-25T15:42:22","guid":{"rendered":"https:\/\/libreriahistoriasdebolsillo.com\/?post_type=product&#038;p=6613"},"modified":"2025-08-25T09:50:20","modified_gmt":"2025-08-25T15:50:20","slug":"planifica-tu-exito-con-una-mente-extendida","status":"publish","type":"product","link":"https:\/\/libreriahistoriasdebolsillo.com\/index.php\/producto\/planifica-tu-exito-con-una-mente-extendida\/","title":{"rendered":"Planifica tu \u00e9xito con una mente extendida"},"content":{"rendered":"<p>Cinco claves que explican por qu\u00e9 este libro revoluciona la\u00a0<b>planificaci\u00f3n tradicional<\/b>:<\/p>\n<p>1.\u00a0<b>Planificaci\u00f3n adaptativa en tiempo real.<\/b><\/p>\n<p>Ofrece una soluci\u00f3n completa para ajustar tus planes a condiciones cambiantes y avanzar hacia tus metas con agilidad.<\/p>\n<p>2.\u00a0<b>Visualizaci\u00f3n eficaz para maximizar los resultados.<\/b><\/p>\n<p>Con TARO3\u00ae, transforma la planificaci\u00f3n en un proceso claro, estructurado y f\u00e1cil de aplicar en el d\u00eda a d\u00eda.<\/p>\n<p>3.\u00a0<b>Prop\u00f3sito claro y herramientas sencillas.<\/b><\/p>\n<p>Propone ejercicios concretos para conectar cada acci\u00f3n con un resultado bien definido y con sentido.<\/p>\n<p>4.\u00a0<b>Efectividad centrada en el bienestar.<\/b><\/p>\n<p>Su enfoque alinea tus acciones con tu esencia y con aquello que realmente es importante para ti.<\/p>\n<p>5.\u00a0<b>Flexibilidad din\u00e1mica con listas<\/b>\u00a0<i><b>ad hoc<\/b><\/i><b>.<\/b><\/p>\n<p>Aporta herramientas adaptadas a tus necesidades para\u00a0<b>gestionar actividades<\/b>\u00a0con la m\u00e1xima flexibilidad, en cualquier situaci\u00f3n y siempre en l\u00ednea con tus\u00a0<b>objetivos<\/b>.<\/p>\n<p>Prep\u00e1rate para descubrir una forma m\u00e1s sostenible de efectividad, basada en evidencias y centrada en el bienestar de las personas. Te cambiar\u00e1 la vida.<\/p>\n","protected":false},"excerpt":{"rendered":"<p>Jose Miguel Bolivar y Jordi Fortuny<\/p>\n<p>288 p\u00e1ginas<\/p>\n","protected":false},"featured_media":6614,"template":"","meta":{"_joinchat":[]},"product_brand":[],"product_cat":[58,70],"product_tag":[34],"class_list":{"0":"post-6613","1":"product","2":"type-product","3":"status-publish","4":"has-post-thumbnail","6":"product_cat-desarrollo-humano-y-superacion","7":"product_cat-novedades","8":"product_tag-penguin-random-house","10":"first","11":"outofstock","12":"shipping-taxable","13":"purchasable","14":"product-type-simple"},"_links":{"self":[{"href":"https:\/\/libreriahistoriasdebolsillo.com\/index.php\/wp-json\/wp\/v2\/product\/6613","targetHints":{"allow":["GET"]}}],"collection":[{"href":"https:\/\/libreriahistoriasdebolsillo.com\/index.php\/wp-json\/wp\/v2\/product"}],"about":[{"href":"https:\/\/libreriahistoriasdebolsillo.com\/index.php\/wp-json\/wp\/v2\/types\/product"}],"wp:featuredmedia":[{"embeddable":true,"href":"https:\/\/libreriahistoriasdebolsillo.com\/index.php\/wp-json\/wp\/v2\/media\/6614"}],"wp:attachment":[{"href":"https:\/\/libreriahistoriasdebolsillo.com\/index.php\/wp-json\/wp\/v2\/media?parent=6613"}],"wp:term":[{"taxonomy":"product_brand","embeddable":true,"href":"https:\/\/libreriahistoriasdebolsillo.com\/index.php\/wp-json\/wp\/v2\/product_brand?post=6613"},{"taxonomy":"product_cat","embeddable":true,"href":"https:\/\/libreriahistoriasdebolsillo.com\/index.php\/wp-json\/wp\/v2\/product_cat?post=6613"},{"taxonomy":"product_tag","embeddable":true,"href":"https:\/\/libreriahistoriasdebolsillo.com\/index.php\/wp-json\/wp\/v2\/product_tag?post=6613"}],"curies":[{"name":"wp","href":"https:\/\/api.w.org\/{rel}","templated":true}]}}