{"id":6619,"date":"2025-04-25T09:51:56","date_gmt":"2025-04-25T15:51:56","guid":{"rendered":"https:\/\/libreriahistoriasdebolsillo.com\/?post_type=product&#038;p=6619"},"modified":"2025-12-02T11:21:23","modified_gmt":"2025-12-02T17:21:23","slug":"los-juegos-del-hambre-2-en-llamas-2","status":"publish","type":"product","link":"https:\/\/libreriahistoriasdebolsillo.com\/index.php\/producto\/los-juegos-del-hambre-2-en-llamas-2\/","title":{"rendered":"Los juegos del hambre 2. En llamas"},"content":{"rendered":"<p>KATNISS EVERDEEN SOBREVIVI\u00d3 A LOS JUEGOS DEL HAMBRE, PERO EL CAPITOLIO QUIERE VENGANZA.<\/p>\n<p>Contra todo pron\u00f3stico, Katniss Everdeen y Peeta Mellark siguen vivos. Aunque Katniss deber\u00eda sentirse aliviada, se rumora que existe una rebeli\u00f3n contra el Capitolio, una rebeli\u00f3n que puede que Katniss y Peeta hayan ayudado a inspirar. La naci\u00f3n los observa y hay mucho en juego. Un movimiento en falso y las consecuencias ser\u00e1n inimaginables.<\/p>\n<p>\u00a1QUE EMPIECEN LOS SEPTUAG\u00c9SIMO QUINTOS JUEGOS DEL HAMBRE!<\/p>\n<p>\u00abNo pude parar de leer&#8230; Este libro es adictivo\u00bb. Stephen King<\/p>\n<p>\u00abMientras Katniss mata con finura, Collins escribe con una fuerza inusitada\u00bb. Time Magazine<\/p>\n","protected":false},"excerpt":{"rendered":"<p>Suzanne Collins<\/p>\n<p>416 p\u00e1ginas<\/p>\n","protected":false},"featured_media":6620,"template":"","meta":{"_joinchat":[]},"product_brand":[],"product_cat":[72,70],"product_tag":[34],"class_list":{"0":"post-6619","1":"product","2":"type-product","3":"status-publish","4":"has-post-thumbnail","6":"product_cat-distopico","7":"product_cat-novedades","8":"product_tag-penguin-random-house","10":"first","11":"outofstock","12":"shipping-taxable","13":"purchasable","14":"product-type-simple"},"_links":{"self":[{"href":"https:\/\/libreriahistoriasdebolsillo.com\/index.php\/wp-json\/wp\/v2\/product\/6619","targetHints":{"allow":["GET"]}}],"collection":[{"href":"https:\/\/libreriahistoriasdebolsillo.com\/index.php\/wp-json\/wp\/v2\/product"}],"about":[{"href":"https:\/\/libreriahistoriasdebolsillo.com\/index.php\/wp-json\/wp\/v2\/types\/product"}],"wp:featuredmedia":[{"embeddable":true,"href":"https:\/\/libreriahistoriasdebolsillo.com\/index.php\/wp-json\/wp\/v2\/media\/6620"}],"wp:attachment":[{"href":"https:\/\/libreriahistoriasdebolsillo.com\/index.php\/wp-json\/wp\/v2\/media?parent=6619"}],"wp:term":[{"taxonomy":"product_brand","embeddable":true,"href":"https:\/\/libreriahistoriasdebolsillo.com\/index.php\/wp-json\/wp\/v2\/product_brand?post=6619"},{"taxonomy":"product_cat","embeddable":true,"href":"https:\/\/libreriahistoriasdebolsillo.com\/index.php\/wp-json\/wp\/v2\/product_cat?post=6619"},{"taxonomy":"product_tag","embeddable":true,"href":"https:\/\/libreriahistoriasdebolsillo.com\/index.php\/wp-json\/wp\/v2\/product_tag?post=6619"}],"curies":[{"name":"wp","href":"https:\/\/api.w.org\/{rel}","templated":true}]}}