{"id":6630,"date":"2025-05-06T12:57:02","date_gmt":"2025-05-06T18:57:02","guid":{"rendered":"https:\/\/libreriahistoriasdebolsillo.com\/?post_type=product&#038;p=6630"},"modified":"2025-11-21T13:09:26","modified_gmt":"2025-11-21T19:09:26","slug":"dioses-y-heroes-del-mexico-antiguo","status":"publish","type":"product","link":"https:\/\/libreriahistoriasdebolsillo.com\/index.php\/producto\/dioses-y-heroes-del-mexico-antiguo\/","title":{"rendered":"Dioses y h\u00e9roes del M\u00e9xico antiguo"},"content":{"rendered":"<p>Este libro es un recorrido por los cimientos de la\u00a0<b>identidad de los<\/b>\u00a0<b>pueblos mesoamericanos<\/b>: los mitos fundadores, las divinidades que crearon y ordenaron el mundo, los ritos y la forma de organizar el tiempo, y, finalmente, los h\u00e9roes legendarios. Es un recorrido, pues, por la\u00a0<b>memoria sagrada del M\u00e9xico antiguo<\/b>.<\/p>\n<p>As\u00ed como ocurre en los relatos de otras civilizaciones ancestrales, la creaci\u00f3n del universo en los\u00a0<b>mitos mayas, mixtecos y nahuas\u00a0<\/b>comienza con un pr\u00f3logo en el cielo: divinidades et\u00e9reas e inmortales hacen el mundo y a los seres humanos desde alturas remotas. Pero una vez cumplida esta misi\u00f3n primordial, los dioses creadores dejan su lugar a divinidades que tienen una relaci\u00f3n m\u00e1s directa con las necesidades humanas. Es el caso de dos<b>\u00a0mitos fundamentales para el M\u00e9xico prehisp\u00e1nico<\/b>: el dios del ma\u00edz y la serpiente emplumada. El primero, adem\u00e1s de representar el triunfo de la vida sobre la muerte, resume las virtudes de un pueblo campesino. La serpiente emplumada, por su parte, es s\u00edmbolo de fertilidad, pero tambi\u00e9n de poder y realeza.<\/p>\n<p>Finalmente, el libro rastrea la\u00a0<b>huella hist\u00f3rica\u00a0<\/b>de algunos h\u00e9roes de carne hueso:\u00a0<b>Ce \u00c1catl Topiltzin Quetzalc\u00f3atl<\/b>, fundador y gobernante de Tula, y<b>\u00a08 Venado<\/b>, guerrero notable que unificara toda la Mixteca. Esta obra resume el inter\u00e9s de toda una vida por el M\u00e9xico prehisp\u00e1nico. Es ya un libro clave para entender la identidad del M\u00e9xico antiguo y para explicar c\u00f3mo la memoria ancestral cambia y se renueva en el presente.<\/p>\n","protected":false},"excerpt":{"rendered":"<p>Enrique Florescano<\/p>\n<p>176 p\u00e1ginas<\/p>\n","protected":false},"featured_media":6631,"template":"","meta":{"_joinchat":[]},"product_brand":[],"product_cat":[41],"product_tag":[34],"class_list":{"0":"post-6630","1":"product","2":"type-product","3":"status-publish","4":"has-post-thumbnail","6":"product_cat-desarrollo-humano","7":"product_tag-penguin-random-house","9":"first","10":"outofstock","11":"shipping-taxable","12":"purchasable","13":"product-type-simple"},"_links":{"self":[{"href":"https:\/\/libreriahistoriasdebolsillo.com\/index.php\/wp-json\/wp\/v2\/product\/6630","targetHints":{"allow":["GET"]}}],"collection":[{"href":"https:\/\/libreriahistoriasdebolsillo.com\/index.php\/wp-json\/wp\/v2\/product"}],"about":[{"href":"https:\/\/libreriahistoriasdebolsillo.com\/index.php\/wp-json\/wp\/v2\/types\/product"}],"wp:featuredmedia":[{"embeddable":true,"href":"https:\/\/libreriahistoriasdebolsillo.com\/index.php\/wp-json\/wp\/v2\/media\/6631"}],"wp:attachment":[{"href":"https:\/\/libreriahistoriasdebolsillo.com\/index.php\/wp-json\/wp\/v2\/media?parent=6630"}],"wp:term":[{"taxonomy":"product_brand","embeddable":true,"href":"https:\/\/libreriahistoriasdebolsillo.com\/index.php\/wp-json\/wp\/v2\/product_brand?post=6630"},{"taxonomy":"product_cat","embeddable":true,"href":"https:\/\/libreriahistoriasdebolsillo.com\/index.php\/wp-json\/wp\/v2\/product_cat?post=6630"},{"taxonomy":"product_tag","embeddable":true,"href":"https:\/\/libreriahistoriasdebolsillo.com\/index.php\/wp-json\/wp\/v2\/product_tag?post=6630"}],"curies":[{"name":"wp","href":"https:\/\/api.w.org\/{rel}","templated":true}]}}