{"id":6632,"date":"2025-05-06T12:59:17","date_gmt":"2025-05-06T18:59:17","guid":{"rendered":"https:\/\/libreriahistoriasdebolsillo.com\/?post_type=product&#038;p=6632"},"modified":"2026-04-23T13:02:51","modified_gmt":"2026-04-23T19:02:51","slug":"lecciones-de-estoicismo","status":"publish","type":"product","link":"https:\/\/libreriahistoriasdebolsillo.com\/index.php\/producto\/lecciones-de-estoicismo\/","title":{"rendered":"Lecciones de estoicismo"},"content":{"rendered":"<p><b>\u00bfQu\u00e9 nos ense\u00f1an los estoicos<\/b>\u00a0<b>sobre c\u00f3mo vivir? Un libro elegante<\/b>\u00a0<b>y profundamente reconfortante<\/b>\u00a0<b>que muestra por qu\u00e9 el estoicismo<\/b>\u00a0<b>es la filosof\u00eda de nuestro tiempo.<\/b><\/p>\n<p>En los \u00faltimos tiempos se habla mucho de esta corriente, pero \u00bfc\u00f3mo pensaban realmente sus miembros? John Sellars destila y entrelaza las ideas clave de los tres grandes<b>\u00a0estoicos romanos<\/b>\u00a0(<b>S\u00e9neca<\/b>,\u00a0<b>Epicteto<\/b>\u00a0y<b>\u00a0Marco Aurelio<\/b>), ofreciendo tambi\u00e9n instant\u00e1neas de sus fascinantes vidas.<\/p>\n<p>Las obras de estos tres grandes tratan en esencia sobre\u00a0<b>c\u00f3mo vivir<\/b>: entender nuestro lugar en el mundo, afrontar las adversidades, hacer un mejor uso del tiempo, controlar nuestras emociones y orientarnos en nuestras relaciones con los dem\u00e1s. Sus ideas pueden, en definitiva, guiarnos en nuestra b\u00fasqueda de una existencia m\u00e1s placentera.<\/p>\n","protected":false},"excerpt":{"rendered":"<p>John Sellars<\/p>\n<p>100 p\u00e1ginas<\/p>\n","protected":false},"featured_media":6633,"template":"","meta":{"_joinchat":[]},"product_brand":[],"product_cat":[41],"product_tag":[34],"class_list":{"0":"post-6632","1":"product","2":"type-product","3":"status-publish","4":"has-post-thumbnail","6":"product_cat-desarrollo-humano","7":"product_tag-penguin-random-house","9":"first","10":"instock","11":"sale","12":"shipping-taxable","13":"purchasable","14":"product-type-simple"},"_links":{"self":[{"href":"https:\/\/libreriahistoriasdebolsillo.com\/index.php\/wp-json\/wp\/v2\/product\/6632","targetHints":{"allow":["GET"]}}],"collection":[{"href":"https:\/\/libreriahistoriasdebolsillo.com\/index.php\/wp-json\/wp\/v2\/product"}],"about":[{"href":"https:\/\/libreriahistoriasdebolsillo.com\/index.php\/wp-json\/wp\/v2\/types\/product"}],"wp:featuredmedia":[{"embeddable":true,"href":"https:\/\/libreriahistoriasdebolsillo.com\/index.php\/wp-json\/wp\/v2\/media\/6633"}],"wp:attachment":[{"href":"https:\/\/libreriahistoriasdebolsillo.com\/index.php\/wp-json\/wp\/v2\/media?parent=6632"}],"wp:term":[{"taxonomy":"product_brand","embeddable":true,"href":"https:\/\/libreriahistoriasdebolsillo.com\/index.php\/wp-json\/wp\/v2\/product_brand?post=6632"},{"taxonomy":"product_cat","embeddable":true,"href":"https:\/\/libreriahistoriasdebolsillo.com\/index.php\/wp-json\/wp\/v2\/product_cat?post=6632"},{"taxonomy":"product_tag","embeddable":true,"href":"https:\/\/libreriahistoriasdebolsillo.com\/index.php\/wp-json\/wp\/v2\/product_tag?post=6632"}],"curies":[{"name":"wp","href":"https:\/\/api.w.org\/{rel}","templated":true}]}}