{"id":6634,"date":"2025-05-06T13:01:58","date_gmt":"2025-05-06T19:01:58","guid":{"rendered":"https:\/\/libreriahistoriasdebolsillo.com\/?post_type=product&#038;p=6634"},"modified":"2025-08-26T15:30:27","modified_gmt":"2025-08-26T21:30:27","slug":"la-revolucion-rusa-la-tragedia-de-un-pueblo-1891-1924","status":"publish","type":"product","link":"https:\/\/libreriahistoriasdebolsillo.com\/index.php\/producto\/la-revolucion-rusa-la-tragedia-de-un-pueblo-1891-1924\/","title":{"rendered":"La revoluci\u00f3n rusa. La tragedia de un pueblo (1891-1924)"},"content":{"rendered":"<p>UN ENSAYO MAGISTRAL SOBRE EL ACONTECIMIENTO POL\u00cdTICO M\u00c1S DETERMINANTE DEL SIGLO XX, POR EL AUTOR DE LOS EUROPEOS.<\/p>\n<p>UN ENSAYO MAGISTRAL SOBRE EL ACONTECIMIENTO POL\u00cdTICO M\u00c1S DETERMINANTE DEL SIGLO XX, POR EL AUTOR DE LOS EUROPEOS.<\/p>\n<p>Orlando Figes marca un hito en la historiograf\u00eda con este ensayo sobre el acontecimiento pol\u00edtico m\u00e1s determinante del siglo XX: la toma del poder por el bolchevismo en Rusia. Sin adoctrinar ni manipular, el autor hace emerger ante nosotros el panorama aterrador que presentaba la Rusia de Lenin, retratando al padre del bolchevismo como el genio pol\u00edtico y organizativo que fue, pero sin olvidar su carencia absoluta de escr\u00fapulos pol\u00edticos, derivada de la interpretaci\u00f3n que hac\u00eda del marxismo. Su personalidad obsesiva y sectaria resulta determinante para comprender lo acontecido en Rusia a partir de abril de 1917, cuando volvi\u00f3 all\u00ed gracias al permiso otorgado por el estado mayor alem\u00e1n. Figes nos muestra a un Lenin cuya obstinaci\u00f3n rayaba en la histeria cada vez que un momento de crisis pol\u00edtica pon\u00eda sobre la mesa la cuesti\u00f3n del poder, lo \u00fanico que, en realidad, le importaba.<\/p>\n<p>Entrelazando sutilmente las esferas p\u00fablica y privada, Figes se inscribe en las corrientes historiogr\u00e1ficas que, m\u00e1s all\u00e1 de las trayectorias de los l\u00edderes o en las estructuras generales, hacen hincapi\u00e9 en las vidas de la gente de a pie. As\u00ed, saca a la luz una realidad social sobrecogedora, fruto de un proceso hist\u00f3rico que alter\u00f3 radicalmente la trayectoria de un pueblo. Sirvi\u00e9ndose de la prensa, los diarios personales y la correspondencia de esas personas que hasta ahora han permanecido en la sombra, Figes relata de un modo apasionante los grandes hitos de la Revoluci\u00f3n, al tiempo que nos brinda una estremecedora imagen de la vida cotidiana.<\/p>\n<p>Orlando Figes marca un hito en la historiograf\u00eda con este ensayo sobre el acontecimiento pol\u00edtico m\u00e1s determinante del siglo XX: la toma del poder por el bolchevismo en Rusia. Sin adoctrinar ni manipular, el autor hace emerger ante nosotros el panorama aterrador que presentaba la Rusia de Lenin, retratando al padre del bolchevismo como el genio pol\u00edtico y organizativo que fue, pero sin olvidar su carencia absoluta de escr\u00fapulos pol\u00edticos, derivada de la interpretaci\u00f3n que hac\u00eda del marxismo. Su personalidad obsesiva y sectaria resulta determinante para comprender lo acontecido en Rusia a partir de abril de 1917, cuando volvi\u00f3 all\u00ed gracias al permiso otorgado por el estado mayor alem\u00e1n. Figes nos muestra a un Lenin cuya obstinaci\u00f3n rayaba en la histeria cada vez que un momento de crisis pol\u00edtica pon\u00eda sobre la mesa la cuesti\u00f3n del poder, lo \u00fanico que, en realidad, le importaba.<\/p>\n<p>Entrelazando sutilmente las esferas p\u00fablica y privada, Figes se inscribe en las corrientes historiogr\u00e1ficas que, m\u00e1s all\u00e1 de las trayectorias de los l\u00edderes o en las estructuras generales, hacen hincapi\u00e9 en las vidas de la gente de a pie. As\u00ed, saca a la luz una realidad social sobrecogedora, fruto de un proceso hist\u00f3rico que alter\u00f3 radicalmente la trayectoria de un pueblo. Sirvi\u00e9ndose de la prensa, los diarios personales y la correspondencia de esas personas que hasta ahora han permanecido en la sombra, Figes relata de un modo apasionant<\/p>\n","protected":false},"excerpt":{"rendered":"<p>Orlando Figes<\/p>\n<p>1136 p\u00e1ginas<\/p>\n","protected":false},"featured_media":6635,"template":"","meta":{"_joinchat":[]},"product_brand":[],"product_cat":[41],"product_tag":[34],"class_list":{"0":"post-6634","1":"product","2":"type-product","3":"status-publish","4":"has-post-thumbnail","6":"product_cat-desarrollo-humano","7":"product_tag-penguin-random-house","9":"first","10":"outofstock","11":"shipping-taxable","12":"purchasable","13":"product-type-simple"},"_links":{"self":[{"href":"https:\/\/libreriahistoriasdebolsillo.com\/index.php\/wp-json\/wp\/v2\/product\/6634","targetHints":{"allow":["GET"]}}],"collection":[{"href":"https:\/\/libreriahistoriasdebolsillo.com\/index.php\/wp-json\/wp\/v2\/product"}],"about":[{"href":"https:\/\/libreriahistoriasdebolsillo.com\/index.php\/wp-json\/wp\/v2\/types\/product"}],"wp:featuredmedia":[{"embeddable":true,"href":"https:\/\/libreriahistoriasdebolsillo.com\/index.php\/wp-json\/wp\/v2\/media\/6635"}],"wp:attachment":[{"href":"https:\/\/libreriahistoriasdebolsillo.com\/index.php\/wp-json\/wp\/v2\/media?parent=6634"}],"wp:term":[{"taxonomy":"product_brand","embeddable":true,"href":"https:\/\/libreriahistoriasdebolsillo.com\/index.php\/wp-json\/wp\/v2\/product_brand?post=6634"},{"taxonomy":"product_cat","embeddable":true,"href":"https:\/\/libreriahistoriasdebolsillo.com\/index.php\/wp-json\/wp\/v2\/product_cat?post=6634"},{"taxonomy":"product_tag","embeddable":true,"href":"https:\/\/libreriahistoriasdebolsillo.com\/index.php\/wp-json\/wp\/v2\/product_tag?post=6634"}],"curies":[{"name":"wp","href":"https:\/\/api.w.org\/{rel}","templated":true}]}}