{"id":6636,"date":"2025-05-06T13:04:38","date_gmt":"2025-05-06T19:04:38","guid":{"rendered":"https:\/\/libreriahistoriasdebolsillo.com\/?post_type=product&#038;p=6636"},"modified":"2026-03-27T09:07:19","modified_gmt":"2026-03-27T15:07:19","slug":"mariguana-a-la-mexicana","status":"publish","type":"product","link":"https:\/\/libreriahistoriasdebolsillo.com\/index.php\/producto\/mariguana-a-la-mexicana\/","title":{"rendered":"Mariguana a la mexicana"},"content":{"rendered":"<p><b>\u00bfQu\u00e9 hace m\u00e1s da\u00f1o: la mota o la guerra contra la mota?<\/b><\/p>\n<p>Una nube de\u00a0<b>mitos, miedo e ignorancia\u00a0<\/b>rodea a la mariguana. \u00bfPero en realidad qu\u00e9 tanto da\u00f1o causa? \u00bfEn verdad es ilegal consumirla? \u00bfLos beneficios que conlleva \u00abcompensan\u00bb los da\u00f1os que provoca?<\/p>\n<p>Nacho Lozano, con un estilo \u00e1gil y riguroso, disecciona en esta obra\u00a0<b>qu\u00e9 es la mota y cu\u00e1les son sus efectos<\/b>, no s\u00f3lo en las personas, sino tambi\u00e9n en la sociedad. De este modo nos recuerda que nadie nunca ha muerto por\u00a0<b>sobredosis\u00a0<\/b>de yerba, que su afectaci\u00f3n social es mucho menor que la del tabaco, y c\u00f3mo es que, hoy en d\u00eda, s\u00f3lo\u00a0<b>cinco\u00a0<\/b>mexicanos pueden sembrar, cosechar, transportar y fumar mois&#8230;<\/p>\n<p>As\u00ed, a lo largo de estas p\u00e1ginas, una cuesti\u00f3n va emergiendo:\u00a0<b>\u00bfqu\u00e9 implicar\u00eda legalizar la mariguana?\u00a0<\/b>Y tal vez m\u00e1s importante:\u00a0<b>\u00bfcu\u00e1l es el costo de no hacerlo?<\/b><\/p>\n","protected":false},"excerpt":{"rendered":"<p>Nacho Lozano<\/p>\n<p>224 p\u00e1ginas<\/p>\n","protected":false},"featured_media":6637,"template":"","meta":{"_joinchat":[]},"product_brand":[],"product_cat":[41],"product_tag":[34],"class_list":{"0":"post-6636","1":"product","2":"type-product","3":"status-publish","4":"has-post-thumbnail","6":"product_cat-desarrollo-humano","7":"product_tag-penguin-random-house","9":"first","10":"outofstock","11":"shipping-taxable","12":"purchasable","13":"product-type-simple"},"_links":{"self":[{"href":"https:\/\/libreriahistoriasdebolsillo.com\/index.php\/wp-json\/wp\/v2\/product\/6636","targetHints":{"allow":["GET"]}}],"collection":[{"href":"https:\/\/libreriahistoriasdebolsillo.com\/index.php\/wp-json\/wp\/v2\/product"}],"about":[{"href":"https:\/\/libreriahistoriasdebolsillo.com\/index.php\/wp-json\/wp\/v2\/types\/product"}],"wp:featuredmedia":[{"embeddable":true,"href":"https:\/\/libreriahistoriasdebolsillo.com\/index.php\/wp-json\/wp\/v2\/media\/6637"}],"wp:attachment":[{"href":"https:\/\/libreriahistoriasdebolsillo.com\/index.php\/wp-json\/wp\/v2\/media?parent=6636"}],"wp:term":[{"taxonomy":"product_brand","embeddable":true,"href":"https:\/\/libreriahistoriasdebolsillo.com\/index.php\/wp-json\/wp\/v2\/product_brand?post=6636"},{"taxonomy":"product_cat","embeddable":true,"href":"https:\/\/libreriahistoriasdebolsillo.com\/index.php\/wp-json\/wp\/v2\/product_cat?post=6636"},{"taxonomy":"product_tag","embeddable":true,"href":"https:\/\/libreriahistoriasdebolsillo.com\/index.php\/wp-json\/wp\/v2\/product_tag?post=6636"}],"curies":[{"name":"wp","href":"https:\/\/api.w.org\/{rel}","templated":true}]}}