{"id":6640,"date":"2025-05-06T13:09:45","date_gmt":"2025-05-06T19:09:45","guid":{"rendered":"https:\/\/libreriahistoriasdebolsillo.com\/?post_type=product&#038;p=6640"},"modified":"2025-08-27T12:54:32","modified_gmt":"2025-08-27T18:54:32","slug":"contra-la-ignorancia-de-las-mujeres","status":"publish","type":"product","link":"https:\/\/libreriahistoriasdebolsillo.com\/index.php\/producto\/contra-la-ignorancia-de-las-mujeres\/","title":{"rendered":"Contra la ignorancia de las mujeres"},"content":{"rendered":"<p><b>De la<\/b>\u00a0<b>pluma de Sor Juana In\u00e9s de la Cruz, un<\/b>\u00a0<b>extraordinario<\/b>\u00a0<b>documento de<\/b>\u00a0<b>feminismo<\/b>\u00a0<i><b>avant la<\/b><\/i>\u00a0<i><b>lettre<\/b><\/i><b>\u00a0que reclama,<\/b>\u00a0<b>en<\/b>\u00a0<b>el<\/b>\u00a0<b>siglo XVII,<\/b>\u00a0<b>el<\/b>\u00a0<b>acceso de las<\/b>\u00a0<b>mujeres al saber.<\/b><\/p>\n<p>A lo largo de la historia, algunos libros han cambiado el mundo. Han transformado la manera en que nos vemos a nosotros mismos y a los dem\u00e1s. Han inspirado el debate, la discordia, la guerra y la revoluci\u00f3n. Han iluminado, indignado, provocado y consolado. Han enriquecido vidas, y tambi\u00e9n las han destruido. Taurus publica las obras de los grandes pensadores, pioneros, radicales y visionarios cuyas ideas sacudieron la civilizaci\u00f3n y nos impulsaron a ser quienes somos.<\/p>\n<p>Este extraordinario documento de feminismo avant la lettre se compone de dos cartas que reclaman, ya en el siglo XVII, el acceso de las mujeres al saber. Sor Juana, que us\u00f3 el h\u00e1bito para acercarse a las letras, escribe con fuerza y encanto, y estos textos, en parte autobiogr\u00e1ficos, son de una riqueza impresionante y sorprenden al conectar con muchas de nuestras preocupaciones actuales.<\/p>\n","protected":false},"excerpt":{"rendered":"<p>Sor Juana Ines de la Cruz<\/p>\n<p>96 p\u00e1ginas<\/p>\n","protected":false},"featured_media":6641,"template":"","meta":{"_joinchat":[]},"product_brand":[],"product_cat":[41],"product_tag":[34],"class_list":{"0":"post-6640","1":"product","2":"type-product","3":"status-publish","4":"has-post-thumbnail","6":"product_cat-desarrollo-humano","7":"product_tag-penguin-random-house","9":"first","10":"outofstock","11":"shipping-taxable","12":"purchasable","13":"product-type-simple"},"_links":{"self":[{"href":"https:\/\/libreriahistoriasdebolsillo.com\/index.php\/wp-json\/wp\/v2\/product\/6640","targetHints":{"allow":["GET"]}}],"collection":[{"href":"https:\/\/libreriahistoriasdebolsillo.com\/index.php\/wp-json\/wp\/v2\/product"}],"about":[{"href":"https:\/\/libreriahistoriasdebolsillo.com\/index.php\/wp-json\/wp\/v2\/types\/product"}],"wp:featuredmedia":[{"embeddable":true,"href":"https:\/\/libreriahistoriasdebolsillo.com\/index.php\/wp-json\/wp\/v2\/media\/6641"}],"wp:attachment":[{"href":"https:\/\/libreriahistoriasdebolsillo.com\/index.php\/wp-json\/wp\/v2\/media?parent=6640"}],"wp:term":[{"taxonomy":"product_brand","embeddable":true,"href":"https:\/\/libreriahistoriasdebolsillo.com\/index.php\/wp-json\/wp\/v2\/product_brand?post=6640"},{"taxonomy":"product_cat","embeddable":true,"href":"https:\/\/libreriahistoriasdebolsillo.com\/index.php\/wp-json\/wp\/v2\/product_cat?post=6640"},{"taxonomy":"product_tag","embeddable":true,"href":"https:\/\/libreriahistoriasdebolsillo.com\/index.php\/wp-json\/wp\/v2\/product_tag?post=6640"}],"curies":[{"name":"wp","href":"https:\/\/api.w.org\/{rel}","templated":true}]}}