{"id":6642,"date":"2025-05-06T13:16:15","date_gmt":"2025-05-06T19:16:15","guid":{"rendered":"https:\/\/libreriahistoriasdebolsillo.com\/?post_type=product&#038;p=6642"},"modified":"2025-08-26T15:31:49","modified_gmt":"2025-08-26T21:31:49","slug":"cuentos-extranos-para-ninos-peculiares","status":"publish","type":"product","link":"https:\/\/libreriahistoriasdebolsillo.com\/index.php\/producto\/cuentos-extranos-para-ninos-peculiares\/","title":{"rendered":"Cuentos extra\u00f1os para ni\u00f1os peculiares"},"content":{"rendered":"<p><b>ANTES DE QUE MISS PEREGRINE LES DIERA UN HOGAR, LA HISTORIA DE LOS PECULIARES SE ESCRIB\u00cdA EN LOS CUENTOS.<\/b><\/p>\n<p>Los\u00a0<b>cuentos<\/b>\u00a0tradicionales siempre contienen una verdad.<\/p>\n<p>Y esta colecci\u00f3n de\u00a0<b>cuentos extra\u00f1os<\/b>\u00a0y maravillosos esconde algunas verdades del mundo peculiar. Sus historias son habitadas por\u00a0<b>princesas de lengua b\u00edfida<\/b>,\u00a0<b>can\u00edbales<\/b>\u00a0amables, damas amigas de fantasmas\u2026 Sus p\u00e1ginas esconden informaci\u00f3n vital para los ni\u00f1os peculiares e incluso pistas para localizar\u00a0<b>bucles temporales<\/b>.<\/p>\n<p>\u00bf<b>Te atrever\u00e1s<\/b>\u00a0a leer estos extra\u00f1os cuentos? Millones de lectores de todo el mundo han quedado cautivados por el universo peculiar: un mundo de\u00a0<b>fantas\u00eda fascinante<\/b>\u00a0y envolvente que te atrapar\u00e1 y no te dejar\u00e1 escapar\u2026<\/p>\n","protected":false},"excerpt":{"rendered":"<p>Ransom Riggs<\/p>\n<p>240 p\u00e1ginas<\/p>\n","protected":false},"featured_media":6644,"template":"","meta":{"_joinchat":[]},"product_brand":[],"product_cat":[39],"product_tag":[34],"class_list":{"0":"post-6642","1":"product","2":"type-product","3":"status-publish","4":"has-post-thumbnail","6":"product_cat-fantasia","7":"product_tag-penguin-random-house","9":"first","10":"outofstock","11":"shipping-taxable","12":"purchasable","13":"product-type-simple"},"_links":{"self":[{"href":"https:\/\/libreriahistoriasdebolsillo.com\/index.php\/wp-json\/wp\/v2\/product\/6642","targetHints":{"allow":["GET"]}}],"collection":[{"href":"https:\/\/libreriahistoriasdebolsillo.com\/index.php\/wp-json\/wp\/v2\/product"}],"about":[{"href":"https:\/\/libreriahistoriasdebolsillo.com\/index.php\/wp-json\/wp\/v2\/types\/product"}],"wp:featuredmedia":[{"embeddable":true,"href":"https:\/\/libreriahistoriasdebolsillo.com\/index.php\/wp-json\/wp\/v2\/media\/6644"}],"wp:attachment":[{"href":"https:\/\/libreriahistoriasdebolsillo.com\/index.php\/wp-json\/wp\/v2\/media?parent=6642"}],"wp:term":[{"taxonomy":"product_brand","embeddable":true,"href":"https:\/\/libreriahistoriasdebolsillo.com\/index.php\/wp-json\/wp\/v2\/product_brand?post=6642"},{"taxonomy":"product_cat","embeddable":true,"href":"https:\/\/libreriahistoriasdebolsillo.com\/index.php\/wp-json\/wp\/v2\/product_cat?post=6642"},{"taxonomy":"product_tag","embeddable":true,"href":"https:\/\/libreriahistoriasdebolsillo.com\/index.php\/wp-json\/wp\/v2\/product_tag?post=6642"}],"curies":[{"name":"wp","href":"https:\/\/api.w.org\/{rel}","templated":true}]}}