{"id":6647,"date":"2025-05-06T13:21:09","date_gmt":"2025-05-06T19:21:09","guid":{"rendered":"https:\/\/libreriahistoriasdebolsillo.com\/?post_type=product&#038;p=6647"},"modified":"2025-07-30T17:25:34","modified_gmt":"2025-07-30T23:25:34","slug":"ayer-un-ano","status":"publish","type":"product","link":"https:\/\/libreriahistoriasdebolsillo.com\/index.php\/producto\/ayer-un-ano\/","title":{"rendered":"Ayer \/ Un a\u00f1o"},"content":{"rendered":"<p>Publicados por primera vez en M\u00e9xico,\u00a0<i><b>Ayer<\/b><\/i>\u00a0<b>y<\/b>\u00a0<i><b>Un a\u00f1o<\/b><\/i>\u00a0son\u00a0<b>dos<\/b>\u00a0de las\u00a0<b>grandes obras<\/b>\u00a0<b>chilenas del siglo<\/b>\u00a0<b>XX<\/b>.\u00a0<i>Ayer<\/i>\u00a0es un viaje delirante por San Agust\u00edn de Tango durante un solo d\u00eda, donde la pareja protagonista se ve envuelta en una serie de aventuras, cada una m\u00e1s surrealista que la anterior. Con una\u00a0<b>prosa desbordante<\/b>\u00a0de humor, Emar construye un relato que\u00a0<b>desaf\u00eda<\/b>\u00a0las convenciones narrativas.\u00a0<i>Un a\u00f1o<\/i>, en cambio, es un diario poco convencional en el que su narrador plasma sus vivencias del primer d\u00eda de cada mes durante un a\u00f1o. Con una\u00a0<b>estructura \u00fanica<\/b>, la novela explora lo cotidiano desde un prisma inesperado y profundamente original.<\/p>\n<p><b>Este volumen<\/b>\u00a0es un ejemplo de la extraordinaria imaginaci\u00f3n de Juan Emar, cuya influencia es notoria en grandes autores como\u00a0<b>Juan Rulfo o Julio Cort\u00e1zar<\/b>.<\/p>\n","protected":false},"excerpt":{"rendered":"<p>Juan Emar<\/p>\n<p>208 p\u00e1ginas<\/p>\n","protected":false},"featured_media":6648,"template":"","meta":{"_joinchat":[]},"product_brand":[],"product_cat":[33,70],"product_tag":[34],"class_list":{"0":"post-6647","1":"product","2":"type-product","3":"status-publish","4":"has-post-thumbnail","6":"product_cat-ficcion-general","7":"product_cat-novedades","8":"product_tag-penguin-random-house","10":"first","11":"outofstock","12":"shipping-taxable","13":"purchasable","14":"product-type-simple"},"_links":{"self":[{"href":"https:\/\/libreriahistoriasdebolsillo.com\/index.php\/wp-json\/wp\/v2\/product\/6647","targetHints":{"allow":["GET"]}}],"collection":[{"href":"https:\/\/libreriahistoriasdebolsillo.com\/index.php\/wp-json\/wp\/v2\/product"}],"about":[{"href":"https:\/\/libreriahistoriasdebolsillo.com\/index.php\/wp-json\/wp\/v2\/types\/product"}],"wp:featuredmedia":[{"embeddable":true,"href":"https:\/\/libreriahistoriasdebolsillo.com\/index.php\/wp-json\/wp\/v2\/media\/6648"}],"wp:attachment":[{"href":"https:\/\/libreriahistoriasdebolsillo.com\/index.php\/wp-json\/wp\/v2\/media?parent=6647"}],"wp:term":[{"taxonomy":"product_brand","embeddable":true,"href":"https:\/\/libreriahistoriasdebolsillo.com\/index.php\/wp-json\/wp\/v2\/product_brand?post=6647"},{"taxonomy":"product_cat","embeddable":true,"href":"https:\/\/libreriahistoriasdebolsillo.com\/index.php\/wp-json\/wp\/v2\/product_cat?post=6647"},{"taxonomy":"product_tag","embeddable":true,"href":"https:\/\/libreriahistoriasdebolsillo.com\/index.php\/wp-json\/wp\/v2\/product_tag?post=6647"}],"curies":[{"name":"wp","href":"https:\/\/api.w.org\/{rel}","templated":true}]}}