{"id":6649,"date":"2025-05-06T13:23:33","date_gmt":"2025-05-06T19:23:33","guid":{"rendered":"https:\/\/libreriahistoriasdebolsillo.com\/?post_type=product&#038;p=6649"},"modified":"2025-08-26T15:32:21","modified_gmt":"2025-08-26T21:32:21","slug":"las-inseparables","status":"publish","type":"product","link":"https:\/\/libreriahistoriasdebolsillo.com\/index.php\/producto\/las-inseparables\/","title":{"rendered":"Las inseparables"},"content":{"rendered":"<p><b>Una<\/b>\u00a0<b>novela<\/b>\u00a0<b>in\u00e9dita,<\/b>\u00a0<b>muy<\/b>\u00a0<b>\u00edntima, de la gran<\/b>\u00a0<b>autora<\/b>\u00a0<b>francesa<\/b>\u00a0<b>ganadora del<\/b>\u00a0<b>Premio Goncourt e<\/b>\u00a0<b>icono del<\/b>\u00a0<b>feminismo<\/b><\/p>\n<p>Escrita en 1954, cinco a\u00f1os despu\u00e9s de la publicaci\u00f3n de\u00a0<i>El segundo sexo<\/i>,<i>\u00a0Las inseparables<\/i>\u00a0narra la amistad apasionada que une a Sylvie y a Andr\u00e9e -alter ego de la propia Simone de Beauvoir y de \u00c9lisabeth Lacoin (Zaza)- desde que con nueve a\u00f1os se conocen en la escuela. Andr\u00e9e es alegre, inteligente y atrevida, y Sylvie, una ni\u00f1a formal que se siente irremediablemente atra\u00edda por su personalidad arrolladora. Juntas aprender\u00e1n a librarse de las convenciones y las expectativas asfixiantes de su entorno, ignorantes del tr\u00e1gico precio que tienen la libertad y la ambici\u00f3n intelectual y existencial. Una historia cat\u00e1rtica para la autora, tal vez demasiado reveladora para publicarla en vida, cuya recuperaci\u00f3n -junto con algunas fotograf\u00edas y cartas que sirven de testimonio- constituye un acontecimiento literario.<\/p>\n","protected":false},"excerpt":{"rendered":"<p>Simone De Beauvoir<\/p>\n<p>160 p\u00e1ginas<\/p>\n","protected":false},"featured_media":6650,"template":"","meta":{"_joinchat":[]},"product_brand":[],"product_cat":[33,70],"product_tag":[34],"class_list":{"0":"post-6649","1":"product","2":"type-product","3":"status-publish","4":"has-post-thumbnail","6":"product_cat-ficcion-general","7":"product_cat-novedades","8":"product_tag-penguin-random-house","10":"first","11":"outofstock","12":"shipping-taxable","13":"purchasable","14":"product-type-simple"},"_links":{"self":[{"href":"https:\/\/libreriahistoriasdebolsillo.com\/index.php\/wp-json\/wp\/v2\/product\/6649","targetHints":{"allow":["GET"]}}],"collection":[{"href":"https:\/\/libreriahistoriasdebolsillo.com\/index.php\/wp-json\/wp\/v2\/product"}],"about":[{"href":"https:\/\/libreriahistoriasdebolsillo.com\/index.php\/wp-json\/wp\/v2\/types\/product"}],"wp:featuredmedia":[{"embeddable":true,"href":"https:\/\/libreriahistoriasdebolsillo.com\/index.php\/wp-json\/wp\/v2\/media\/6650"}],"wp:attachment":[{"href":"https:\/\/libreriahistoriasdebolsillo.com\/index.php\/wp-json\/wp\/v2\/media?parent=6649"}],"wp:term":[{"taxonomy":"product_brand","embeddable":true,"href":"https:\/\/libreriahistoriasdebolsillo.com\/index.php\/wp-json\/wp\/v2\/product_brand?post=6649"},{"taxonomy":"product_cat","embeddable":true,"href":"https:\/\/libreriahistoriasdebolsillo.com\/index.php\/wp-json\/wp\/v2\/product_cat?post=6649"},{"taxonomy":"product_tag","embeddable":true,"href":"https:\/\/libreriahistoriasdebolsillo.com\/index.php\/wp-json\/wp\/v2\/product_tag?post=6649"}],"curies":[{"name":"wp","href":"https:\/\/api.w.org\/{rel}","templated":true}]}}