{"id":6651,"date":"2025-05-06T13:25:28","date_gmt":"2025-05-06T19:25:28","guid":{"rendered":"https:\/\/libreriahistoriasdebolsillo.com\/?post_type=product&#038;p=6651"},"modified":"2025-08-26T15:32:06","modified_gmt":"2025-08-26T21:32:06","slug":"la-cabeza-de-mi-padre","status":"publish","type":"product","link":"https:\/\/libreriahistoriasdebolsillo.com\/index.php\/producto\/la-cabeza-de-mi-padre\/","title":{"rendered":"La cabeza de mi padre"},"content":{"rendered":"<p><b>Escribo para<\/b>\u00a0<b>soltar<\/b>\u00a0<b>el peso de<\/b>\u00a0<b>cuarenta<\/b>\u00a0<b>a\u00f1os<\/b>\u00a0<b>rumiando<\/b>\u00a0<b>el mito de mi padre, las<\/b>\u00a0<b>infinitas<\/b>\u00a0<b>versiones de mi padre.<\/b><\/p>\n<p>A sus cuarenta a\u00f1os, como un\u00a0<i>road<\/i>\u00a0<i>trip<\/i>, sin m\u00e1s referente que una fotograf\u00eda vieja, una hija emprende la\u00a0<b>b\u00fasqueda de su padre.<\/b>\u00a0Mientras narra la decisi\u00f3n de ir a conocerlo y el viaje que la lleva de\u00a0<b>Ciudad de M\u00e9xico<\/b>\u00a0a\u00a0<b>Michoac\u00e1n<\/b>, iremos construyendo, junto a ella, el pasado, los amores, las alegr\u00edas, los accidentes, las ausencias.<\/p>\n<p>\u00abTodos somos hijos de Pedro P\u00e1ramo\u00bb, nos dice\u00a0<b>Alma Delia Murillo<\/b>, ante el factor tan com\u00fan que es el\u00a0<b>abandono del hogar<\/b>\u00a0por parte del padre. Frente a este hecho, ella se desnuda en cada cap\u00edtulo para hablarnos de la necesidad de reconstruir ese s\u00edmbolo de peso universal, para lograr definirse.<\/p>\n<p>Su vida, entonces, se despliega como el entramado de esta b\u00fasqueda: entre siete hermanos y una\u00a0<b>madre trabajadora<\/b>, la protagonista crece y reflexiona no s\u00f3lo sobre su biograf\u00eda, sino tambi\u00e9n sobre la historia de un pa\u00eds profundamente dividido en donde las mujeres no han contado lo suficiente, desde su punto de vista, el relato del padre.<\/p>\n<p>La cabeza de mi padre es un libro transparente, en el que los lectores acompa\u00f1aremos el viaje para dar con ese hombre de destino misterioso y, quiz\u00e1, alcanzaremos a ver destellos de nuestras propias b\u00fasquedas. Una historia escrita desde la entra\u00f1a, desde donde s\u00f3lo se puede transitar el camino hacia el origen.<\/p>\n","protected":false},"excerpt":{"rendered":"<p>Alma Delia Murillo<\/p>\n<p>256 p\u00e1ginas<\/p>\n","protected":false},"featured_media":6652,"template":"","meta":{"_joinchat":[]},"product_brand":[],"product_cat":[33,70],"product_tag":[34],"class_list":{"0":"post-6651","1":"product","2":"type-product","3":"status-publish","4":"has-post-thumbnail","6":"product_cat-ficcion-general","7":"product_cat-novedades","8":"product_tag-penguin-random-house","10":"first","11":"outofstock","12":"shipping-taxable","13":"purchasable","14":"product-type-simple"},"_links":{"self":[{"href":"https:\/\/libreriahistoriasdebolsillo.com\/index.php\/wp-json\/wp\/v2\/product\/6651","targetHints":{"allow":["GET"]}}],"collection":[{"href":"https:\/\/libreriahistoriasdebolsillo.com\/index.php\/wp-json\/wp\/v2\/product"}],"about":[{"href":"https:\/\/libreriahistoriasdebolsillo.com\/index.php\/wp-json\/wp\/v2\/types\/product"}],"wp:featuredmedia":[{"embeddable":true,"href":"https:\/\/libreriahistoriasdebolsillo.com\/index.php\/wp-json\/wp\/v2\/media\/6652"}],"wp:attachment":[{"href":"https:\/\/libreriahistoriasdebolsillo.com\/index.php\/wp-json\/wp\/v2\/media?parent=6651"}],"wp:term":[{"taxonomy":"product_brand","embeddable":true,"href":"https:\/\/libreriahistoriasdebolsillo.com\/index.php\/wp-json\/wp\/v2\/product_brand?post=6651"},{"taxonomy":"product_cat","embeddable":true,"href":"https:\/\/libreriahistoriasdebolsillo.com\/index.php\/wp-json\/wp\/v2\/product_cat?post=6651"},{"taxonomy":"product_tag","embeddable":true,"href":"https:\/\/libreriahistoriasdebolsillo.com\/index.php\/wp-json\/wp\/v2\/product_tag?post=6651"}],"curies":[{"name":"wp","href":"https:\/\/api.w.org\/{rel}","templated":true}]}}