{"id":6655,"date":"2025-05-06T13:31:19","date_gmt":"2025-05-06T19:31:19","guid":{"rendered":"https:\/\/libreriahistoriasdebolsillo.com\/?post_type=product&#038;p=6655"},"modified":"2025-08-26T15:32:51","modified_gmt":"2025-08-26T21:32:51","slug":"si-te-duele-ahi-no-es","status":"publish","type":"product","link":"https:\/\/libreriahistoriasdebolsillo.com\/index.php\/producto\/si-te-duele-ahi-no-es\/","title":{"rendered":"Si te duele, ah\u00ed no es"},"content":{"rendered":"<p><b>\u00bf<\/b><b>Qu\u00e9 pasar\u00eda si descubrieras que todo lo que crees saber sobre el amor est\u00e1 basado en mitos?<\/b><\/p>\n<p><b>Jaime Gama<\/b>\u00a0desmonta las creencias del\u00a0<b>amor rom\u00e1ntico<\/b>\u00a0y propone un enfoque radicalmente honesto para las\u00a0<b>relaciones humanas<\/b>. Lejos de imponer un camino \u00fanico,\u00a0<i><b>Si te duele, ah\u00ed no es<\/b><\/i>\u00a0invita a cuestionar los\u00a0<b>guiones preestablecidos<\/b>\u00a0y a crear v\u00ednculos a tu medida, basados en tus valores y\u00a0<b>necesidades<\/b>. Desde los pilares para relacionarse \u00e9ticamente, los celos vistos como aliados, hasta la importancia de evitar las reglas y llegar a\u00a0<b>acuerdos flexibles<\/b>, en estas p\u00e1ginas encontrar\u00e1s reflexiones profundas y herramientas pr\u00e1cticas que pueden ayudarte a romper patrones, comunicarte m\u00e1s asertivamente y\u00a0<b>establecer l\u00edmites<\/b>\u00a0firmes y amorosos para construir conexiones m\u00e1s saludables y aut\u00e9nticas. Este no es un libro sobre poliamor ni sobre monogamia, sino sobre la libertad de elegir\u00a0<b>c\u00f3mo amar<\/b>. \u00bfTe atreves a cuestionarlo todo y encontrar tu camino?<\/p>\n<p>Conocido en redes sociales como\u00a0<b>Gotitas de Poliamor<\/b>, Jaime Gama es una voz pionera en la conversaci\u00f3n sobre\u00a0<b>relaciones \u00e9ticas y no monogamia<\/b>\u00a0en el mundo hispanohablante. Con una comunidad digital en constante auge, comparte su experiencia y conocimientos de manera cercana y\u00a0<b>emp\u00e1tica<\/b>\u00a0con m\u00e1s de un mill\u00f3n de personas.<\/p>\n","protected":false},"excerpt":{"rendered":"<p>Jaime Gama<\/p>\n<p>232 p\u00e1ginas<\/p>\n","protected":false},"featured_media":6656,"template":"","meta":{"_joinchat":[]},"product_brand":[],"product_cat":[58,41,70],"product_tag":[],"class_list":{"0":"post-6655","1":"product","2":"type-product","3":"status-publish","4":"has-post-thumbnail","6":"product_cat-desarrollo-humano-y-superacion","7":"product_cat-desarrollo-humano","8":"product_cat-novedades","10":"first","11":"outofstock","12":"shipping-taxable","13":"purchasable","14":"product-type-simple"},"_links":{"self":[{"href":"https:\/\/libreriahistoriasdebolsillo.com\/index.php\/wp-json\/wp\/v2\/product\/6655","targetHints":{"allow":["GET"]}}],"collection":[{"href":"https:\/\/libreriahistoriasdebolsillo.com\/index.php\/wp-json\/wp\/v2\/product"}],"about":[{"href":"https:\/\/libreriahistoriasdebolsillo.com\/index.php\/wp-json\/wp\/v2\/types\/product"}],"wp:featuredmedia":[{"embeddable":true,"href":"https:\/\/libreriahistoriasdebolsillo.com\/index.php\/wp-json\/wp\/v2\/media\/6656"}],"wp:attachment":[{"href":"https:\/\/libreriahistoriasdebolsillo.com\/index.php\/wp-json\/wp\/v2\/media?parent=6655"}],"wp:term":[{"taxonomy":"product_brand","embeddable":true,"href":"https:\/\/libreriahistoriasdebolsillo.com\/index.php\/wp-json\/wp\/v2\/product_brand?post=6655"},{"taxonomy":"product_cat","embeddable":true,"href":"https:\/\/libreriahistoriasdebolsillo.com\/index.php\/wp-json\/wp\/v2\/product_cat?post=6655"},{"taxonomy":"product_tag","embeddable":true,"href":"https:\/\/libreriahistoriasdebolsillo.com\/index.php\/wp-json\/wp\/v2\/product_tag?post=6655"}],"curies":[{"name":"wp","href":"https:\/\/api.w.org\/{rel}","templated":true}]}}