{"id":6659,"date":"2025-05-06T13:36:49","date_gmt":"2025-05-06T19:36:49","guid":{"rendered":"https:\/\/libreriahistoriasdebolsillo.com\/?post_type=product&#038;p=6659"},"modified":"2025-08-26T15:29:47","modified_gmt":"2025-08-26T21:29:47","slug":"me-llamo-goa-1-el-dia-que-se-paro-el-mundo","status":"publish","type":"product","link":"https:\/\/libreriahistoriasdebolsillo.com\/index.php\/producto\/me-llamo-goa-1-el-dia-que-se-paro-el-mundo\/","title":{"rendered":"Me llamo Goa 1. El d\u00eda que se par\u00f3 el mundo"},"content":{"rendered":"<p><b>Me llamo Goa&#8230; y, literal, \u00a1no entiendo la vida!<\/b><\/p>\n<p>Me llamo\u00a0<b>GOA<\/b>. Lo s\u00e9\u2026 \u00a1Qu\u00e9 nombre!<\/p>\n<p>Mi mundo est\u00e1\u00a0<b>patas arriba<\/b>: desde que mis pap\u00e1s se\u00a0<b>separaron<\/b>, \u00a1mi vida no para de cambiar!<\/p>\n<p>Nunca pens\u00e9 que tener doce a\u00f1os ser\u00eda tan complicado&#8230; En serio, \u00bfpuede volver a ser todo\u00a0<b>como antes<\/b>? \u00a1Vida, dame un respiro!<\/p>\n<p><b>M\u00edriam<\/b><b>\u00a0Tirado<\/b>, autora de\u00a0<i><b>El hilo invisible<\/b><\/i>, se adentra en el mundo de la adolescencia con esta serie llena de humor y sensibilidad.<\/p>\n","protected":false},"excerpt":{"rendered":"<p>Miriam Tirado<\/p>\n<p>216 p\u00e1ginas<\/p>\n","protected":false},"featured_media":6660,"template":"","meta":{"_joinchat":[]},"product_brand":[],"product_cat":[52,70],"product_tag":[34],"class_list":{"0":"post-6659","1":"product","2":"type-product","3":"status-publish","4":"has-post-thumbnail","6":"product_cat-juvenil","7":"product_cat-novedades","8":"product_tag-penguin-random-house","10":"first","11":"outofstock","12":"shipping-taxable","13":"purchasable","14":"product-type-simple"},"_links":{"self":[{"href":"https:\/\/libreriahistoriasdebolsillo.com\/index.php\/wp-json\/wp\/v2\/product\/6659","targetHints":{"allow":["GET"]}}],"collection":[{"href":"https:\/\/libreriahistoriasdebolsillo.com\/index.php\/wp-json\/wp\/v2\/product"}],"about":[{"href":"https:\/\/libreriahistoriasdebolsillo.com\/index.php\/wp-json\/wp\/v2\/types\/product"}],"wp:featuredmedia":[{"embeddable":true,"href":"https:\/\/libreriahistoriasdebolsillo.com\/index.php\/wp-json\/wp\/v2\/media\/6660"}],"wp:attachment":[{"href":"https:\/\/libreriahistoriasdebolsillo.com\/index.php\/wp-json\/wp\/v2\/media?parent=6659"}],"wp:term":[{"taxonomy":"product_brand","embeddable":true,"href":"https:\/\/libreriahistoriasdebolsillo.com\/index.php\/wp-json\/wp\/v2\/product_brand?post=6659"},{"taxonomy":"product_cat","embeddable":true,"href":"https:\/\/libreriahistoriasdebolsillo.com\/index.php\/wp-json\/wp\/v2\/product_cat?post=6659"},{"taxonomy":"product_tag","embeddable":true,"href":"https:\/\/libreriahistoriasdebolsillo.com\/index.php\/wp-json\/wp\/v2\/product_tag?post=6659"}],"curies":[{"name":"wp","href":"https:\/\/api.w.org\/{rel}","templated":true}]}}