{"id":6661,"date":"2025-05-06T13:38:56","date_gmt":"2025-05-06T19:38:56","guid":{"rendered":"https:\/\/libreriahistoriasdebolsillo.com\/?post_type=product&#038;p=6661"},"modified":"2025-08-26T15:29:31","modified_gmt":"2025-08-26T21:29:31","slug":"sombras-de-azul","status":"publish","type":"product","link":"https:\/\/libreriahistoriasdebolsillo.com\/index.php\/producto\/sombras-de-azul\/","title":{"rendered":"Sombras de azul"},"content":{"rendered":"<p><b>Descubre la historia de amor inolvidable que ha conquistado el coraz\u00f3n de TikTok.<\/b><\/p>\n<p><b>\u00bfCu\u00e1nto dolor estar\u00edas dispuesto a soportar por alguien a quien amas?<\/b><\/p>\n<p>Blu y Jace est\u00e1n unidos por una atracci\u00f3n inexplicable, que persiste y los atormenta, sean cuales sean las consecuencias.<\/p>\n<p>Blu Henderson, atrevida, carism\u00e1tica y encantadora, se pinta cada d\u00eda una sonrisa falsa en el rostro y se abre paso por la vida, porque es lo que debe hacer.<\/p>\n<p>Jace Boland, callado, introvertido y misterioso, llama su atenci\u00f3n en cuanto lo ve por primera vez. Despu\u00e9s de eso, ya no hay vuelta atr\u00e1s.<\/p>\n<p>Dos corazones rotos pueden encontrar consuelo en p\u00e9rdidas tr\u00e1gicas; dos almas rotas pueden encontrar paz en el dolor, pero es posible que quererse a uno mismo sea el \u00fanico modo de querer al otro\u2026<\/p>\n","protected":false},"excerpt":{"rendered":"<p>Marie-France Leger<\/p>\n<p>384 p\u00e1ginas<\/p>\n","protected":false},"featured_media":6662,"template":"","meta":{"_joinchat":[]},"product_brand":[],"product_cat":[70,35],"product_tag":[34],"class_list":{"0":"post-6661","1":"product","2":"type-product","3":"status-publish","4":"has-post-thumbnail","6":"product_cat-novedades","7":"product_cat-romantica","8":"product_tag-penguin-random-house","10":"first","11":"outofstock","12":"shipping-taxable","13":"purchasable","14":"product-type-simple"},"_links":{"self":[{"href":"https:\/\/libreriahistoriasdebolsillo.com\/index.php\/wp-json\/wp\/v2\/product\/6661","targetHints":{"allow":["GET"]}}],"collection":[{"href":"https:\/\/libreriahistoriasdebolsillo.com\/index.php\/wp-json\/wp\/v2\/product"}],"about":[{"href":"https:\/\/libreriahistoriasdebolsillo.com\/index.php\/wp-json\/wp\/v2\/types\/product"}],"wp:featuredmedia":[{"embeddable":true,"href":"https:\/\/libreriahistoriasdebolsillo.com\/index.php\/wp-json\/wp\/v2\/media\/6662"}],"wp:attachment":[{"href":"https:\/\/libreriahistoriasdebolsillo.com\/index.php\/wp-json\/wp\/v2\/media?parent=6661"}],"wp:term":[{"taxonomy":"product_brand","embeddable":true,"href":"https:\/\/libreriahistoriasdebolsillo.com\/index.php\/wp-json\/wp\/v2\/product_brand?post=6661"},{"taxonomy":"product_cat","embeddable":true,"href":"https:\/\/libreriahistoriasdebolsillo.com\/index.php\/wp-json\/wp\/v2\/product_cat?post=6661"},{"taxonomy":"product_tag","embeddable":true,"href":"https:\/\/libreriahistoriasdebolsillo.com\/index.php\/wp-json\/wp\/v2\/product_tag?post=6661"}],"curies":[{"name":"wp","href":"https:\/\/api.w.org\/{rel}","templated":true}]}}