{"id":6666,"date":"2025-05-06T13:44:16","date_gmt":"2025-05-06T19:44:16","guid":{"rendered":"https:\/\/libreriahistoriasdebolsillo.com\/?post_type=product&#038;p=6666"},"modified":"2025-08-23T12:04:11","modified_gmt":"2025-08-23T18:04:11","slug":"el-cuento-de-la-criada-2","status":"publish","type":"product","link":"https:\/\/libreriahistoriasdebolsillo.com\/index.php\/producto\/el-cuento-de-la-criada-2\/","title":{"rendered":"El cuento de la criada"},"content":{"rendered":"<p>Convertida desde su publicaci\u00f3n en\u00a0<b>1985<\/b>\u00a0en un\u00a0<b>cl\u00e1sico literario<\/b>\u00a0indiscutible, esta\u00a0<b>ficci\u00f3n dist\u00f3pica<\/b>, nominada al Booker Prize y ganadora de los premios\u00a0<b>Arthur C. Clarke<\/b>\u00a0y Governor General\u2019s, ha sido adaptada al cine, el teatro, la radio y la \u00f3pera con enorme \u00e9xito. La\u00a0<b>serie de televisi\u00f3n<\/b>\u00a0en 2017 y la esperada continuaci\u00f3n de la novela en 2019 han insuflado nueva vida a una novela a todas luces imperecedera.<\/p>\n<p>El cuerpo de\u00a0<b>Defred<\/b>\u00a0s\u00f3lo sirve para procrear, tal como imponen las f\u00e9rreas normas establecidas por la dictadura puritana de la\u00a0<b>Rep\u00fablica de Gilead<\/b>. Si Defred se rebela o no es capaz de concebir, ser\u00e1 ejecutada o desterrada. As\u00ed, el r\u00e9gimen teocr\u00e1tico controla hasta los actos m\u00e1s \u00ednfimos de\u00a0<b>las mujeres<\/b>, pero nadie puede dominar el pensamiento de una persona. Y mucho menos sus sentimientos.<\/p>\n<p>Con el sutil sarcasmo que la caracteriza,\u00a0<b>Margaret Atwood<\/b>\u00a0aborda en esta obra desgarradora los peligros inherentes a mezclar religi\u00f3n y pol\u00edtica, la sumisi\u00f3n de las mujeres y de toda la sociedad por parte del poder y la fuerza incontenible del deseo como elemento transgresor.<\/p>\n","protected":false},"excerpt":{"rendered":"<p>Margaret Atwood<\/p>\n<p>416 p\u00e1ginas<\/p>\n","protected":false},"featured_media":6667,"template":"","meta":{"_joinchat":[]},"product_brand":[],"product_cat":[33],"product_tag":[34],"class_list":{"0":"post-6666","1":"product","2":"type-product","3":"status-publish","4":"has-post-thumbnail","6":"product_cat-ficcion-general","7":"product_tag-penguin-random-house","9":"first","10":"outofstock","11":"shipping-taxable","12":"purchasable","13":"product-type-simple"},"_links":{"self":[{"href":"https:\/\/libreriahistoriasdebolsillo.com\/index.php\/wp-json\/wp\/v2\/product\/6666","targetHints":{"allow":["GET"]}}],"collection":[{"href":"https:\/\/libreriahistoriasdebolsillo.com\/index.php\/wp-json\/wp\/v2\/product"}],"about":[{"href":"https:\/\/libreriahistoriasdebolsillo.com\/index.php\/wp-json\/wp\/v2\/types\/product"}],"wp:featuredmedia":[{"embeddable":true,"href":"https:\/\/libreriahistoriasdebolsillo.com\/index.php\/wp-json\/wp\/v2\/media\/6667"}],"wp:attachment":[{"href":"https:\/\/libreriahistoriasdebolsillo.com\/index.php\/wp-json\/wp\/v2\/media?parent=6666"}],"wp:term":[{"taxonomy":"product_brand","embeddable":true,"href":"https:\/\/libreriahistoriasdebolsillo.com\/index.php\/wp-json\/wp\/v2\/product_brand?post=6666"},{"taxonomy":"product_cat","embeddable":true,"href":"https:\/\/libreriahistoriasdebolsillo.com\/index.php\/wp-json\/wp\/v2\/product_cat?post=6666"},{"taxonomy":"product_tag","embeddable":true,"href":"https:\/\/libreriahistoriasdebolsillo.com\/index.php\/wp-json\/wp\/v2\/product_tag?post=6666"}],"curies":[{"name":"wp","href":"https:\/\/api.w.org\/{rel}","templated":true}]}}