{"id":6673,"date":"2025-05-08T12:11:42","date_gmt":"2025-05-08T18:11:42","guid":{"rendered":"https:\/\/libreriahistoriasdebolsillo.com\/?post_type=product&#038;p=6673"},"modified":"2025-10-16T20:20:41","modified_gmt":"2025-10-17T02:20:41","slug":"melancolia","status":"publish","type":"product","link":"https:\/\/libreriahistoriasdebolsillo.com\/index.php\/producto\/melancolia\/","title":{"rendered":"Melancol\u00eda"},"content":{"rendered":"<p><b>El Premio Nobel de Literatura 2023 narra en este maravilloso libro la emocionante y triste historia de Lars Hertervig, un pintor noruego del siglo XIX.<\/b><\/p>\n<p>D\u00fcsseldorf, 1853. El joven artista Lars Hertervig, alumno de Hans Gude en la Academia de Arte de D\u00fcsseldorf, est\u00e1 encerrado en su habitaci\u00f3n, paralizado por la ansiedad que le provocan las clases de arte y el amor irracional que siente hacia Helene Winckelmann, la hija de su casera. La fijaci\u00f3n de Lars por Helene, marcada por alucinaciones y furiosos delirios sexuales, obliga a la familia de la joven a expulsarlo de la habitaci\u00f3n donde se hospeda. Sin ning\u00fan lugar adonde ir, Hertervig deambula entre un caf\u00e9 donde soporta las burlas de sus compa\u00f1eros de la academia y el apartamento de los Winckelmann, en el que intenta desesperadamente ser admitido de nuevo: una especie de limbo que lo lleva a un inexorable estado de locura.<\/p>\n<p><i>Melancol\u00eda<\/i>\u00a0es una ficcional, salvaje y febril invocaci\u00f3n del artista noruego del siglo XIX Lars Hertervig, que pint\u00f3 paisajes ba\u00f1ados de luz, sufri\u00f3 una enfermedad mental y muri\u00f3 pobre en 1902. Galardonada con el Melsom Prize y el Sunnm\u00f8re Prize, est\u00e1 considerada una de las grandes novelas de quien ha sido llamado \u00abel Beckett del siglo XXI\u00bb(<i>\u00a0Le Monde<\/i>).<\/p>\n","protected":false},"excerpt":{"rendered":"<p>Jon Fosse<\/p>\n<p>376 p\u00e1ginas<\/p>\n","protected":false},"featured_media":6674,"template":"","meta":{"_joinchat":[]},"product_brand":[],"product_cat":[33],"product_tag":[34],"class_list":{"0":"post-6673","1":"product","2":"type-product","3":"status-publish","4":"has-post-thumbnail","6":"product_cat-ficcion-general","7":"product_tag-penguin-random-house","9":"first","10":"outofstock","11":"shipping-taxable","12":"purchasable","13":"product-type-simple"},"_links":{"self":[{"href":"https:\/\/libreriahistoriasdebolsillo.com\/index.php\/wp-json\/wp\/v2\/product\/6673","targetHints":{"allow":["GET"]}}],"collection":[{"href":"https:\/\/libreriahistoriasdebolsillo.com\/index.php\/wp-json\/wp\/v2\/product"}],"about":[{"href":"https:\/\/libreriahistoriasdebolsillo.com\/index.php\/wp-json\/wp\/v2\/types\/product"}],"wp:featuredmedia":[{"embeddable":true,"href":"https:\/\/libreriahistoriasdebolsillo.com\/index.php\/wp-json\/wp\/v2\/media\/6674"}],"wp:attachment":[{"href":"https:\/\/libreriahistoriasdebolsillo.com\/index.php\/wp-json\/wp\/v2\/media?parent=6673"}],"wp:term":[{"taxonomy":"product_brand","embeddable":true,"href":"https:\/\/libreriahistoriasdebolsillo.com\/index.php\/wp-json\/wp\/v2\/product_brand?post=6673"},{"taxonomy":"product_cat","embeddable":true,"href":"https:\/\/libreriahistoriasdebolsillo.com\/index.php\/wp-json\/wp\/v2\/product_cat?post=6673"},{"taxonomy":"product_tag","embeddable":true,"href":"https:\/\/libreriahistoriasdebolsillo.com\/index.php\/wp-json\/wp\/v2\/product_tag?post=6673"}],"curies":[{"name":"wp","href":"https:\/\/api.w.org\/{rel}","templated":true}]}}