{"id":6676,"date":"2025-05-08T12:14:51","date_gmt":"2025-05-08T18:14:51","guid":{"rendered":"https:\/\/libreriahistoriasdebolsillo.com\/?post_type=product&#038;p=6676"},"modified":"2025-09-03T15:49:00","modified_gmt":"2025-09-03T21:49:00","slug":"ano-siete-el-legado-la-catastrofe","status":"publish","type":"product","link":"https:\/\/libreriahistoriasdebolsillo.com\/index.php\/producto\/ano-siete-el-legado-la-catastrofe\/","title":{"rendered":"A\u00f1o siete. El legado: La cat\u00e1strofe"},"content":{"rendered":"<p><b>A\u00f1o siete. El legado: la cat\u00e1strofe es el an\u00e1lisis m\u00e1s severo al gobierno de Andr\u00e9s Manuel L\u00f3pez Obrador, en el que M\u00e9xico pas\u00f3 de la gran esperanza al abismo m\u00e1s oscuro con el crimen organizado como un ente todopoderoso, la corrupci\u00f3n en sus niveles m\u00e1s altos y la amenaza creciente de la impunidad.<\/b><\/p>\n<p>EL PA\u00cdS QUE RECIBE CLAUDIA SHEINBAUM. LA PRIMERA\u00a0<b>PRESIDENTA DE M<\/b><b>\u00c9XICO<\/b>, se sostiene con\u00a0<b>alfileres oxidados<\/b>\u00a0las obras insignia del gobierno anterior como la refiner\u00eda Dos Bocas. la construcci\u00f3n del\u00a0<b>Tren Maya<\/b>\u00a0o el proyecto de la\u00a0<b>mega farmacia<\/b>\u00a0representan\u00a0<b>fracasos rotundos<\/b>\u00a0para nuestra econom\u00eda: la corrupci\u00f3n descubierta de\u00a0<b>SEGALMEX<\/b>. la m\u00e1s grande en la historia de nuestro pa\u00eds y sin ning\u00fan responsable\u00a0<b>enjuiciado<\/b>, o la burla a los mexicanos de que tendr\u00edamos un\u00a0<b>servicio de salud<\/b>\u00a0mejor que Dinamarca describen nuestros a\u00f1os recientes de\u00a0<b>mentiras y populismo<\/b>\u00a0demag\u00f3gico.<\/p>\n<p>Implacable y ampliamente documentado.\u00a0<b>Manuel L\u00f3pez San Mart\u00edn<\/b>\u00a0repasa la incertidumbre que enmarca el\u00a0<b>a\u00f1o siete de AMLO<\/b>. meses en los que sin estar ya en el gobierno el pa\u00eds debe enfrentar su herencia: el desmesurado poder\u00edo del\u00a0<b>crimen organizado<\/b>. las cifras r\u00e9cord del n\u00famero de\u00a0<b>asesinatos y desapariciones<\/b>. la pol\u00edtica fallida con Estados Unidos. la indolencia con las\u00a0<b>madres rastreadoras<\/b>, el trato virulento a los\u00a0<b>periodistas<\/b>\u00a0cr\u00edticos del poder y el\u00a0<b>nepotismo c\u00ednico<\/b>\u00a0encabezado por sus familiares.<\/p>\n<p>El libro expone las\u00a0<b>mentiras y vac\u00edos<\/b>\u00a0de un gobierno que rebas\u00f3 los l\u00edmites de la corrupci\u00f3n y la inoperancia ante las necesidades b\u00e1sicas de los ciudadanos: con pobres respuestas a las amenazas de narcos \u2014aun en la c\u00e1rcel\u2014como &#8211;<b>El Mayo<\/b>\u00bb o a la rabia de\u00a0<b>Trump<\/b>. al tiempo que se\u00f1ala el pobr\u00edsimo crecimiento econ\u00f3mico y el\u00a0<b>endeudamiento<\/b>\u00a0sin precedentes. \u00bfPodr\u00e1 Sheinbaum tomar las riendas del poder y sacudirse la sombra de\u00a0<b>L\u00f3pez Obrador<\/b>? \u00bfQu\u00e9 futuro tenemos despu\u00e9s de un gobierno donde solo creci\u00f3. por ejemplo, la\u00a0<b>extorsi\u00f3n<\/b>? Manuel L\u00f3pez San Mart\u00edn ofrece claves contundentes para comprender este M\u00e9xico b\u00e1rbaro, tr\u00e1gicamente dividido.<\/p>\n","protected":false},"excerpt":{"rendered":"<p>Manuel L\u00f3pez San Mart\u00edn<\/p>\n<p>264 p\u00e1ginas<\/p>\n","protected":false},"featured_media":6677,"template":"","meta":{"_joinchat":[]},"product_brand":[],"product_cat":[41,70],"product_tag":[34],"class_list":{"0":"post-6676","1":"product","2":"type-product","3":"status-publish","4":"has-post-thumbnail","6":"product_cat-desarrollo-humano","7":"product_cat-novedades","8":"product_tag-penguin-random-house","10":"first","11":"outofstock","12":"shipping-taxable","13":"purchasable","14":"product-type-simple"},"_links":{"self":[{"href":"https:\/\/libreriahistoriasdebolsillo.com\/index.php\/wp-json\/wp\/v2\/product\/6676","targetHints":{"allow":["GET"]}}],"collection":[{"href":"https:\/\/libreriahistoriasdebolsillo.com\/index.php\/wp-json\/wp\/v2\/product"}],"about":[{"href":"https:\/\/libreriahistoriasdebolsillo.com\/index.php\/wp-json\/wp\/v2\/types\/product"}],"wp:featuredmedia":[{"embeddable":true,"href":"https:\/\/libreriahistoriasdebolsillo.com\/index.php\/wp-json\/wp\/v2\/media\/6677"}],"wp:attachment":[{"href":"https:\/\/libreriahistoriasdebolsillo.com\/index.php\/wp-json\/wp\/v2\/media?parent=6676"}],"wp:term":[{"taxonomy":"product_brand","embeddable":true,"href":"https:\/\/libreriahistoriasdebolsillo.com\/index.php\/wp-json\/wp\/v2\/product_brand?post=6676"},{"taxonomy":"product_cat","embeddable":true,"href":"https:\/\/libreriahistoriasdebolsillo.com\/index.php\/wp-json\/wp\/v2\/product_cat?post=6676"},{"taxonomy":"product_tag","embeddable":true,"href":"https:\/\/libreriahistoriasdebolsillo.com\/index.php\/wp-json\/wp\/v2\/product_tag?post=6676"}],"curies":[{"name":"wp","href":"https:\/\/api.w.org\/{rel}","templated":true}]}}