{"id":6679,"date":"2025-05-08T12:17:29","date_gmt":"2025-05-08T18:17:29","guid":{"rendered":"https:\/\/libreriahistoriasdebolsillo.com\/?post_type=product&#038;p=6679"},"modified":"2025-05-13T14:52:01","modified_gmt":"2025-05-13T20:52:01","slug":"moonfall-1-hasta-que-caiga-la-luna","status":"publish","type":"product","link":"https:\/\/libreriahistoriasdebolsillo.com\/index.php\/producto\/moonfall-1-hasta-que-caiga-la-luna\/","title":{"rendered":"Moonfall 1. Hasta que caiga la luna"},"content":{"rendered":"<p>Como\u00a0<b>asesina rebelde<\/b>, el objetivo de\u00a0<b>Raeve<\/b>\u00a0es cumplir su misi\u00f3n y que jam\u00e1s la atrapen. Sin embargo, cuando un\u00a0<b>cazarrecompensas<\/b>\u00a0rival hace a\u00f1icos su realidad, la joven se ve prisionera del Gremio de los Nobles, una organizaci\u00f3n de\u00a0<b>elementales poderosos<\/b>\u00a0que pretende dar ejemplo con ella. Solo la muerte podr\u00e1 liberarla.<\/p>\n<p>Devastado por una\u00a0<b>terrible p\u00e9rdida<\/b>, el jinete de drag\u00f3n\u00a0<b>Kaan<\/b>\u00a0<b>Vaegor<\/b>\u00a0decapit\u00f3 a un rey y se puso su corona derretida. Ahora, su b\u00fasqueda incansable para reunir fragmentos lunares lo conduce a la prisi\u00f3n de la ciudad, donde se topa con una<b>Raeve<\/b><b>\u00a0encadenada<\/b>, con rabia en la mirada y sangre en las manos. Juntos deber\u00e1n descubrir una\u00a0<b>verdad<\/b>\u00a0que amenaza con hacer que su mundo se desmorone&#8230; y ellos con \u00e9l.<\/p>\n","protected":false},"excerpt":{"rendered":"<p>Sarah A. Parker<\/p>\n<p>672 p\u00e1ginas<\/p>\n","protected":false},"featured_media":6680,"template":"","meta":{"_joinchat":[]},"product_brand":[],"product_cat":[70,76],"product_tag":[34],"class_list":{"0":"post-6679","1":"product","2":"type-product","3":"status-publish","4":"has-post-thumbnail","6":"product_cat-novedades","7":"product_cat-romantasy","8":"product_tag-penguin-random-house","10":"first","11":"instock","12":"shipping-taxable","13":"purchasable","14":"product-type-simple"},"_links":{"self":[{"href":"https:\/\/libreriahistoriasdebolsillo.com\/index.php\/wp-json\/wp\/v2\/product\/6679","targetHints":{"allow":["GET"]}}],"collection":[{"href":"https:\/\/libreriahistoriasdebolsillo.com\/index.php\/wp-json\/wp\/v2\/product"}],"about":[{"href":"https:\/\/libreriahistoriasdebolsillo.com\/index.php\/wp-json\/wp\/v2\/types\/product"}],"wp:featuredmedia":[{"embeddable":true,"href":"https:\/\/libreriahistoriasdebolsillo.com\/index.php\/wp-json\/wp\/v2\/media\/6680"}],"wp:attachment":[{"href":"https:\/\/libreriahistoriasdebolsillo.com\/index.php\/wp-json\/wp\/v2\/media?parent=6679"}],"wp:term":[{"taxonomy":"product_brand","embeddable":true,"href":"https:\/\/libreriahistoriasdebolsillo.com\/index.php\/wp-json\/wp\/v2\/product_brand?post=6679"},{"taxonomy":"product_cat","embeddable":true,"href":"https:\/\/libreriahistoriasdebolsillo.com\/index.php\/wp-json\/wp\/v2\/product_cat?post=6679"},{"taxonomy":"product_tag","embeddable":true,"href":"https:\/\/libreriahistoriasdebolsillo.com\/index.php\/wp-json\/wp\/v2\/product_tag?post=6679"}],"curies":[{"name":"wp","href":"https:\/\/api.w.org\/{rel}","templated":true}]}}