{"id":6687,"date":"2025-05-08T12:29:49","date_gmt":"2025-05-08T18:29:49","guid":{"rendered":"https:\/\/libreriahistoriasdebolsillo.com\/?post_type=product&#038;p=6687"},"modified":"2025-05-15T09:47:05","modified_gmt":"2025-05-15T15:47:05","slug":"los-limites-liberan","status":"publish","type":"product","link":"https:\/\/libreriahistoriasdebolsillo.com\/index.php\/producto\/los-limites-liberan\/","title":{"rendered":"Los l\u00edmites liberan"},"content":{"rendered":"<p>Nuestro\u00a0<b>sufrimiento emocional<\/b>\u00a0no proviene de las situaciones que vivimos, sino de c\u00f3mo reaccionamos ante ellas. Cada l\u00edmite que establecemos nos permite hacer espacio para\u00a0<b>nuevas conductas<\/b>\u00a0y respuestas con las que enfrentar aquella situaci\u00f3n que anteriormente nos ha hecho sufrir.<\/p>\n<p>Este espacio que creamos en nuestro interior es una fuente de\u00a0<b>posibilidades infinitas<\/b>\u00a0que nos permite optar por nuestra paz y una nueva experiencia de vida.<\/p>\n<p>Escrib\u00ed este libro para ayudarte a crear dicho espacio y que as\u00ed siempre\u00a0<b>albergues amor<\/b>\u00a0y alegr\u00eda en tu vida sin importar qu\u00e9 est\u00e9 pasando en ella.<\/p>\n","protected":false},"excerpt":{"rendered":"<p>Joseph Nguyen<\/p>\n<p>96 paginas<\/p>\n","protected":false},"featured_media":6688,"template":"","meta":{"_joinchat":[]},"product_brand":[],"product_cat":[58,41,70],"product_tag":[34],"class_list":{"0":"post-6687","1":"product","2":"type-product","3":"status-publish","4":"has-post-thumbnail","6":"product_cat-desarrollo-humano-y-superacion","7":"product_cat-desarrollo-humano","8":"product_cat-novedades","9":"product_tag-penguin-random-house","11":"first","12":"instock","13":"shipping-taxable","14":"purchasable","15":"product-type-simple"},"_links":{"self":[{"href":"https:\/\/libreriahistoriasdebolsillo.com\/index.php\/wp-json\/wp\/v2\/product\/6687","targetHints":{"allow":["GET"]}}],"collection":[{"href":"https:\/\/libreriahistoriasdebolsillo.com\/index.php\/wp-json\/wp\/v2\/product"}],"about":[{"href":"https:\/\/libreriahistoriasdebolsillo.com\/index.php\/wp-json\/wp\/v2\/types\/product"}],"wp:featuredmedia":[{"embeddable":true,"href":"https:\/\/libreriahistoriasdebolsillo.com\/index.php\/wp-json\/wp\/v2\/media\/6688"}],"wp:attachment":[{"href":"https:\/\/libreriahistoriasdebolsillo.com\/index.php\/wp-json\/wp\/v2\/media?parent=6687"}],"wp:term":[{"taxonomy":"product_brand","embeddable":true,"href":"https:\/\/libreriahistoriasdebolsillo.com\/index.php\/wp-json\/wp\/v2\/product_brand?post=6687"},{"taxonomy":"product_cat","embeddable":true,"href":"https:\/\/libreriahistoriasdebolsillo.com\/index.php\/wp-json\/wp\/v2\/product_cat?post=6687"},{"taxonomy":"product_tag","embeddable":true,"href":"https:\/\/libreriahistoriasdebolsillo.com\/index.php\/wp-json\/wp\/v2\/product_tag?post=6687"}],"curies":[{"name":"wp","href":"https:\/\/api.w.org\/{rel}","templated":true}]}}