{"id":6691,"date":"2025-05-08T12:42:32","date_gmt":"2025-05-08T18:42:32","guid":{"rendered":"https:\/\/libreriahistoriasdebolsillo.com\/?post_type=product&#038;p=6691"},"modified":"2025-05-13T14:51:34","modified_gmt":"2025-05-13T20:51:34","slug":"que-harias-si-no-tuvieras-miedo","status":"publish","type":"product","link":"https:\/\/libreriahistoriasdebolsillo.com\/index.php\/producto\/que-harias-si-no-tuvieras-miedo\/","title":{"rendered":"Qu\u00e9 har\u00edas si no tuvieras miedo"},"content":{"rendered":"<p><b>Si quieres conocer el mercado laboral que se avecina, l\u00e9ete este libro.<\/b><\/p>\n<p><b>Si quieres sobrevivir y prosperar en la nueva era, ponlo en pr\u00e1ctica.<\/b><\/p>\n<p>El mundo para el que fuimos educados est\u00e1 dejando de existir. Las reglas del\u00a0<b>juego econ\u00f3mico<\/b>\u00a0han cambiado. Somos una entre dos eras<b>\u00a0generaci\u00f3n de transici\u00f3n<\/b>: la\u00a0<b>industrial\/anal\u00f3gica<\/b>\u00a0y la del\u00a0<b>conocimiento\/digital.<\/b>\u00a0De ah\u00ed que no nos quede m\u00e1s remedio que reinventarnos, cuestionando las viejas creencias y consignas con las que fuimos\u00a0<b>condicionados<\/b>. En caso de no hacerlo, pronto quedaremos\u00a0<b>obsoletos<\/b>\u00a0y nos quedaremos fuera del mercado.<\/p>\n<p>Lo m\u00e1s dif\u00edcil consiste en vencer el miedo al cambio. Ir\u00f3nicamente, evitar el riesgo y permanecer en nuestra zona de comodidad es lo m\u00e1s arriesgado que podemos hacer. Ha llegado la hora de\u00a0<b>saltar al vac\u00edo<\/b>\u00a0y emprender la\u00a0<b>traves\u00eda por el desierto<\/b>, descubriendo de qu\u00e9 manera podemos desarrollar una\u00a0<b>profesi\u00f3n \u00fatil,<\/b>\u00a0creativa y con sentido que aporte mucho\u00a0<b>valor a\u00f1adido<\/b>. Solo as\u00ed lograremos gozar de\u00a0<b>ingresos econ\u00f3micos abundantes<\/b>\u00a0y recurrentes en esta nueva era.<\/p>\n","protected":false},"excerpt":{"rendered":"<p>Borja Vilaseca<\/p>\n<p>224 p\u00e1ginas<\/p>\n","protected":false},"featured_media":6692,"template":"","meta":{"_joinchat":[]},"product_brand":[],"product_cat":[58,41],"product_tag":[34],"class_list":{"0":"post-6691","1":"product","2":"type-product","3":"status-publish","4":"has-post-thumbnail","6":"product_cat-desarrollo-humano-y-superacion","7":"product_cat-desarrollo-humano","8":"product_tag-penguin-random-house","10":"first","11":"instock","12":"shipping-taxable","13":"purchasable","14":"product-type-simple"},"_links":{"self":[{"href":"https:\/\/libreriahistoriasdebolsillo.com\/index.php\/wp-json\/wp\/v2\/product\/6691","targetHints":{"allow":["GET"]}}],"collection":[{"href":"https:\/\/libreriahistoriasdebolsillo.com\/index.php\/wp-json\/wp\/v2\/product"}],"about":[{"href":"https:\/\/libreriahistoriasdebolsillo.com\/index.php\/wp-json\/wp\/v2\/types\/product"}],"wp:featuredmedia":[{"embeddable":true,"href":"https:\/\/libreriahistoriasdebolsillo.com\/index.php\/wp-json\/wp\/v2\/media\/6692"}],"wp:attachment":[{"href":"https:\/\/libreriahistoriasdebolsillo.com\/index.php\/wp-json\/wp\/v2\/media?parent=6691"}],"wp:term":[{"taxonomy":"product_brand","embeddable":true,"href":"https:\/\/libreriahistoriasdebolsillo.com\/index.php\/wp-json\/wp\/v2\/product_brand?post=6691"},{"taxonomy":"product_cat","embeddable":true,"href":"https:\/\/libreriahistoriasdebolsillo.com\/index.php\/wp-json\/wp\/v2\/product_cat?post=6691"},{"taxonomy":"product_tag","embeddable":true,"href":"https:\/\/libreriahistoriasdebolsillo.com\/index.php\/wp-json\/wp\/v2\/product_tag?post=6691"}],"curies":[{"name":"wp","href":"https:\/\/api.w.org\/{rel}","templated":true}]}}