{"id":6693,"date":"2025-05-08T12:45:06","date_gmt":"2025-05-08T18:45:06","guid":{"rendered":"https:\/\/libreriahistoriasdebolsillo.com\/?post_type=product&#038;p=6693"},"modified":"2025-08-13T16:01:37","modified_gmt":"2025-08-13T22:01:37","slug":"quien-carajo-soy","status":"publish","type":"product","link":"https:\/\/libreriahistoriasdebolsillo.com\/index.php\/producto\/quien-carajo-soy\/","title":{"rendered":"\u00bfQui\u00e9n carajo soy?"},"content":{"rendered":"<p><b>Nueva edici\u00f3n, revisada y ampliada<\/b><\/p>\n<p><b>EL FEN\u00d3MENO QUE HA TRANSFORMADO MILES DE VIDAS<\/b><\/p>\n<p>No es casualidad que este libro est\u00e9 en tus manos justo\u00a0<b>AHORA<\/b>\u2026 Y menos si te encuentras en un momento de inestabilidad emocional, atravesando obst\u00e1culos dif\u00edciles, tal vez sinti\u00e9ndote perdida y con falta de claridad. Tranquila. Yo tambi\u00e9n estuve ah\u00ed, y por eso decid\u00ed empezar a escribir este libro.<\/p>\n<p>Ya te aviso que no es un libro cualquiera. Ojal\u00e1 todos los libros hablaran\u00a0<b>CLARO<\/b>\u00a0y entregaran\u00a0<b>HERRAMIENTAS<\/b>\u00a0claves. \u00a1Este s\u00ed! Requerir\u00e1 que pongas de tu parte, dejar\u00e1\u00a0<b>HUELLA<\/b>\u00a0en ti y marcar\u00e1 un antes y un despu\u00e9s en el\u00a0<b>AUTOCONCEPTO<\/b>\u00a0que tienes de ti misma.<\/p>\n<p>Este proceso terap\u00e9utico en el que acabas de embarcarte requerir\u00e1 que escribas mucho, que saques de dentro lo que ya no quieres que forme parte de ti, que te liberes de\u00a0<b>CREENCIAS<\/b>, pensamientos, personas, proyectos y situaciones que no te aporten, y que sanes todo aquello que no te deja\u00a0<b>AVANZAR<\/b>.<\/p>\n<p><b>Un libro escrito para quienes se consideran valientes y para quienes todav\u00eda no lo son tanto\u2026<\/b><\/p>\n<p><b>\u00bfEmpezamos?<\/b><\/p>\n","protected":false},"excerpt":{"rendered":"<p>Corina Randazzo<\/p>\n<p>288 p\u00e1ginas<\/p>\n","protected":false},"featured_media":6694,"template":"","meta":{"_joinchat":[]},"product_brand":[],"product_cat":[58,41,70],"product_tag":[34],"class_list":{"0":"post-6693","1":"product","2":"type-product","3":"status-publish","4":"has-post-thumbnail","6":"product_cat-desarrollo-humano-y-superacion","7":"product_cat-desarrollo-humano","8":"product_cat-novedades","9":"product_tag-penguin-random-house","11":"first","12":"instock","13":"shipping-taxable","14":"purchasable","15":"product-type-simple"},"_links":{"self":[{"href":"https:\/\/libreriahistoriasdebolsillo.com\/index.php\/wp-json\/wp\/v2\/product\/6693","targetHints":{"allow":["GET"]}}],"collection":[{"href":"https:\/\/libreriahistoriasdebolsillo.com\/index.php\/wp-json\/wp\/v2\/product"}],"about":[{"href":"https:\/\/libreriahistoriasdebolsillo.com\/index.php\/wp-json\/wp\/v2\/types\/product"}],"wp:featuredmedia":[{"embeddable":true,"href":"https:\/\/libreriahistoriasdebolsillo.com\/index.php\/wp-json\/wp\/v2\/media\/6694"}],"wp:attachment":[{"href":"https:\/\/libreriahistoriasdebolsillo.com\/index.php\/wp-json\/wp\/v2\/media?parent=6693"}],"wp:term":[{"taxonomy":"product_brand","embeddable":true,"href":"https:\/\/libreriahistoriasdebolsillo.com\/index.php\/wp-json\/wp\/v2\/product_brand?post=6693"},{"taxonomy":"product_cat","embeddable":true,"href":"https:\/\/libreriahistoriasdebolsillo.com\/index.php\/wp-json\/wp\/v2\/product_cat?post=6693"},{"taxonomy":"product_tag","embeddable":true,"href":"https:\/\/libreriahistoriasdebolsillo.com\/index.php\/wp-json\/wp\/v2\/product_tag?post=6693"}],"curies":[{"name":"wp","href":"https:\/\/api.w.org\/{rel}","templated":true}]}}