{"id":6695,"date":"2025-05-08T12:47:54","date_gmt":"2025-05-08T18:47:54","guid":{"rendered":"https:\/\/libreriahistoriasdebolsillo.com\/?post_type=product&#038;p=6695"},"modified":"2025-09-06T10:50:20","modified_gmt":"2025-09-06T16:50:20","slug":"la-caida-de-tenochtitlan-i","status":"publish","type":"product","link":"https:\/\/libreriahistoriasdebolsillo.com\/index.php\/producto\/la-caida-de-tenochtitlan-i\/","title":{"rendered":"La ca\u00edda de Tenochtitlan I"},"content":{"rendered":"<p><b>La historia de la conquista de M\u00e9xico Tenochtitlan como jam\u00e1s se hab\u00eda contado. <\/b><b>Una poderosa narrativa visual y una profunda investigaci\u00f3n iconogr\u00e1fica se conjugan para recrear en todo su esplendor la gloria del imperio mexica y los horrores de la guerra que llev\u00f3 a su perdici\u00f3n.<\/b><\/p>\n<p><b>A\u00f1o yei-calli. Ciudad de Tenochtitlan.<\/b>\u00a0Con sus ej\u00e9rcitos diezmados por la guerra y las plagas, los mexicas han decidido resguardarse tras los muros de la ciudad mientras se preparan para la batalla final contra los espa\u00f1oles y las huestes tlaxcaltecas.<\/p>\n<p>Est\u00e1 en juego el destino del imperio,\u00a0<b>la naci\u00f3n m\u00e1s poderosa que jam\u00e1s se haya asentado en tierras mesoamericanas<\/b>. Durante esta tensa pausa, Atoctli, un joven escriba, prepara los registros de la cruenta lucha contra los invasores, al tiempo que rememora las glorias pasadas de la ciudad, su historia beligerante y los presagios que anunciaron estos tiempos funestos.<\/p>\n","protected":false},"excerpt":{"rendered":"<p>Jos\u00e9 Luis Pescador<\/p>\n<p>152 p\u00e1ginas<\/p>\n","protected":false},"featured_media":6696,"template":"","meta":{"_joinchat":[]},"product_brand":[],"product_cat":[67],"product_tag":[34],"class_list":{"0":"post-6695","1":"product","2":"type-product","3":"status-publish","4":"has-post-thumbnail","6":"product_cat-manga","7":"product_tag-penguin-random-house","9":"first","10":"outofstock","11":"shipping-taxable","12":"purchasable","13":"product-type-simple"},"_links":{"self":[{"href":"https:\/\/libreriahistoriasdebolsillo.com\/index.php\/wp-json\/wp\/v2\/product\/6695","targetHints":{"allow":["GET"]}}],"collection":[{"href":"https:\/\/libreriahistoriasdebolsillo.com\/index.php\/wp-json\/wp\/v2\/product"}],"about":[{"href":"https:\/\/libreriahistoriasdebolsillo.com\/index.php\/wp-json\/wp\/v2\/types\/product"}],"wp:featuredmedia":[{"embeddable":true,"href":"https:\/\/libreriahistoriasdebolsillo.com\/index.php\/wp-json\/wp\/v2\/media\/6696"}],"wp:attachment":[{"href":"https:\/\/libreriahistoriasdebolsillo.com\/index.php\/wp-json\/wp\/v2\/media?parent=6695"}],"wp:term":[{"taxonomy":"product_brand","embeddable":true,"href":"https:\/\/libreriahistoriasdebolsillo.com\/index.php\/wp-json\/wp\/v2\/product_brand?post=6695"},{"taxonomy":"product_cat","embeddable":true,"href":"https:\/\/libreriahistoriasdebolsillo.com\/index.php\/wp-json\/wp\/v2\/product_cat?post=6695"},{"taxonomy":"product_tag","embeddable":true,"href":"https:\/\/libreriahistoriasdebolsillo.com\/index.php\/wp-json\/wp\/v2\/product_tag?post=6695"}],"curies":[{"name":"wp","href":"https:\/\/api.w.org\/{rel}","templated":true}]}}