{"id":6697,"date":"2025-05-08T12:49:38","date_gmt":"2025-05-08T18:49:38","guid":{"rendered":"https:\/\/libreriahistoriasdebolsillo.com\/?post_type=product&#038;p=6697"},"modified":"2025-06-04T15:06:19","modified_gmt":"2025-06-04T21:06:19","slug":"la-caida-de-tenochtitlan-ii","status":"publish","type":"product","link":"https:\/\/libreriahistoriasdebolsillo.com\/index.php\/producto\/la-caida-de-tenochtitlan-ii\/","title":{"rendered":"La ca\u00edda de Tenochtitlan II"},"content":{"rendered":"<p><b>En esta segunda entrega de La ca\u00edda de Tenochtitlan seguimos de cerca el avance de los conquistadores espa\u00f1oles en tierras mesoamericanas, y somos testigos de las intrigas reales, las ambiciones personales y las se\u00f1ales divinas que guiaron a estos pueblos hacia un inevitable enfrentamiento.<\/b><\/p>\n<p>A\u00f1o\u00a0<b>Ce-<\/b><b>Acatl<\/b><b>.<\/b>\u00a0Ciudad de Tenochtitlan.<\/p>\n<p>Los nobles y\u00a0<b>tlatoanis<\/b>\u00a0de la capital del imperio y sus ciudades aliadas se re\u00fanen para discutir la noticia que ha sacudido a todo el Cem-Anahuac: la llegada de unos extra\u00f1os hombres vestidos de metal, que portan armas y montan animales jam\u00e1s vistos en estas tierras.<\/p>\n<p>Mientras tanto, en\u00a0<b>Cempoalla<\/b>n,\u00a0<b>el jefe<\/b>\u00a0<b>Chicomacatl<\/b>\u00a0ya ha establecido contacto con los forasteros, llev\u00e1ndoles regalos y hosped\u00e1ndolos en sus palacios. Surge as\u00ed la primera alianza entre las huestes del capit\u00e1n\u00a0<b>Malintzin<\/b>\u00a0y el pueblo\u00a0<b>tutunakuj<\/b>, una sociedad dispar que pondr\u00e1 en marcha una venganza largamente esperada: aquella que contra el Imperio mexica han emprendido sus pueblos tributarios.<\/p>\n","protected":false},"excerpt":{"rendered":"<p>Jos\u00e9 Luis Pescador<\/p>\n<p>256 p\u00e1ginas<\/p>\n","protected":false},"featured_media":6698,"template":"","meta":{"_joinchat":[]},"product_brand":[],"product_cat":[67],"product_tag":[34],"class_list":{"0":"post-6697","1":"product","2":"type-product","3":"status-publish","4":"has-post-thumbnail","6":"product_cat-manga","7":"product_tag-penguin-random-house","9":"first","10":"outofstock","11":"shipping-taxable","12":"purchasable","13":"product-type-simple"},"_links":{"self":[{"href":"https:\/\/libreriahistoriasdebolsillo.com\/index.php\/wp-json\/wp\/v2\/product\/6697","targetHints":{"allow":["GET"]}}],"collection":[{"href":"https:\/\/libreriahistoriasdebolsillo.com\/index.php\/wp-json\/wp\/v2\/product"}],"about":[{"href":"https:\/\/libreriahistoriasdebolsillo.com\/index.php\/wp-json\/wp\/v2\/types\/product"}],"wp:featuredmedia":[{"embeddable":true,"href":"https:\/\/libreriahistoriasdebolsillo.com\/index.php\/wp-json\/wp\/v2\/media\/6698"}],"wp:attachment":[{"href":"https:\/\/libreriahistoriasdebolsillo.com\/index.php\/wp-json\/wp\/v2\/media?parent=6697"}],"wp:term":[{"taxonomy":"product_brand","embeddable":true,"href":"https:\/\/libreriahistoriasdebolsillo.com\/index.php\/wp-json\/wp\/v2\/product_brand?post=6697"},{"taxonomy":"product_cat","embeddable":true,"href":"https:\/\/libreriahistoriasdebolsillo.com\/index.php\/wp-json\/wp\/v2\/product_cat?post=6697"},{"taxonomy":"product_tag","embeddable":true,"href":"https:\/\/libreriahistoriasdebolsillo.com\/index.php\/wp-json\/wp\/v2\/product_tag?post=6697"}],"curies":[{"name":"wp","href":"https:\/\/api.w.org\/{rel}","templated":true}]}}